{"id":8260,"date":"2021-09-29T11:11:02","date_gmt":"2021-09-29T11:11:02","guid":{"rendered":"https:\/\/schmidt-haensch.pwdev.de\/index.php\/impresssum\/"},"modified":"2023-03-06T12:48:39","modified_gmt":"2023-03-06T12:48:39","slug":"impresssum","status":"publish","type":"page","link":"https:\/\/amazing-pasteur.212-53-165-88.plesk.page\/de\/impresssum\/","title":{"rendered":"Impresssum"},"content":{"rendered":"\t\t<div data-elementor-type=\"wp-page\" data-elementor-id=\"8260\" class=\"elementor elementor-8260 elementor-2020\" data-elementor-settings=\"{&quot;element_pack_global_tooltip_width&quot;:{&quot;unit&quot;:&quot;px&quot;,&quot;size&quot;:&quot;&quot;,&quot;sizes&quot;:[]},&quot;element_pack_global_tooltip_width_tablet&quot;:{&quot;unit&quot;:&quot;px&quot;,&quot;size&quot;:&quot;&quot;,&quot;sizes&quot;:[]},&quot;element_pack_global_tooltip_width_mobile&quot;:{&quot;unit&quot;:&quot;px&quot;,&quot;size&quot;:&quot;&quot;,&quot;sizes&quot;:[]},&quot;element_pack_global_tooltip_padding&quot;:{&quot;unit&quot;:&quot;px&quot;,&quot;top&quot;:&quot;&quot;,&quot;right&quot;:&quot;&quot;,&quot;bottom&quot;:&quot;&quot;,&quot;left&quot;:&quot;&quot;,&quot;isLinked&quot;:true},&quot;element_pack_global_tooltip_padding_tablet&quot;:{&quot;unit&quot;:&quot;px&quot;,&quot;top&quot;:&quot;&quot;,&quot;right&quot;:&quot;&quot;,&quot;bottom&quot;:&quot;&quot;,&quot;left&quot;:&quot;&quot;,&quot;isLinked&quot;:true},&quot;element_pack_global_tooltip_padding_mobile&quot;:{&quot;unit&quot;:&quot;px&quot;,&quot;top&quot;:&quot;&quot;,&quot;right&quot;:&quot;&quot;,&quot;bottom&quot;:&quot;&quot;,&quot;left&quot;:&quot;&quot;,&quot;isLinked&quot;:true},&quot;element_pack_global_tooltip_border_radius&quot;:{&quot;unit&quot;:&quot;px&quot;,&quot;top&quot;:&quot;&quot;,&quot;right&quot;:&quot;&quot;,&quot;bottom&quot;:&quot;&quot;,&quot;left&quot;:&quot;&quot;,&quot;isLinked&quot;:true},&quot;element_pack_global_tooltip_border_radius_tablet&quot;:{&quot;unit&quot;:&quot;px&quot;,&quot;top&quot;:&quot;&quot;,&quot;right&quot;:&quot;&quot;,&quot;bottom&quot;:&quot;&quot;,&quot;left&quot;:&quot;&quot;,&quot;isLinked&quot;:true},&quot;element_pack_global_tooltip_border_radius_mobile&quot;:{&quot;unit&quot;:&quot;px&quot;,&quot;top&quot;:&quot;&quot;,&quot;right&quot;:&quot;&quot;,&quot;bottom&quot;:&quot;&quot;,&quot;left&quot;:&quot;&quot;,&quot;isLinked&quot;:true}}\" data-elementor-post-type=\"page\">\n\t\t\t\t\t\t<section data-particle_enable=\"false\" data-particle-mobile-disabled=\"false\" class=\"elementor-section elementor-top-section elementor-element elementor-element-8c2309c elementor-section-height-min-height elementor-section-boxed elementor-section-height-default elementor-section-items-middle\" data-id=\"8c2309c\" data-element_type=\"section\" data-e-type=\"section\" data-settings=\"{&quot;background_background&quot;:&quot;classic&quot;,&quot;jet_parallax_layout_list&quot;:[{&quot;jet_parallax_layout_image&quot;:{&quot;url&quot;:&quot;&quot;,&quot;id&quot;:&quot;&quot;,&quot;size&quot;:&quot;&quot;},&quot;_id&quot;:&quot;333f840&quot;,&quot;jet_parallax_layout_image_tablet&quot;:{&quot;url&quot;:&quot;&quot;,&quot;id&quot;:&quot;&quot;,&quot;size&quot;:&quot;&quot;},&quot;jet_parallax_layout_image_mobile&quot;:{&quot;url&quot;:&quot;&quot;,&quot;id&quot;:&quot;&quot;,&quot;size&quot;:&quot;&quot;},&quot;jet_parallax_layout_speed&quot;:{&quot;unit&quot;:&quot;%&quot;,&quot;size&quot;:50,&quot;sizes&quot;:[]},&quot;jet_parallax_layout_type&quot;:&quot;scroll&quot;,&quot;jet_parallax_layout_direction&quot;:&quot;1&quot;,&quot;jet_parallax_layout_fx_direction&quot;:null,&quot;jet_parallax_layout_z_index&quot;:&quot;&quot;,&quot;jet_parallax_layout_bg_x&quot;:50,&quot;jet_parallax_layout_bg_x_tablet&quot;:&quot;&quot;,&quot;jet_parallax_layout_bg_x_mobile&quot;:&quot;&quot;,&quot;jet_parallax_layout_bg_y&quot;:50,&quot;jet_parallax_layout_bg_y_tablet&quot;:&quot;&quot;,&quot;jet_parallax_layout_bg_y_mobile&quot;:&quot;&quot;,&quot;jet_parallax_layout_bg_size&quot;:&quot;auto&quot;,&quot;jet_parallax_layout_bg_size_tablet&quot;:&quot;&quot;,&quot;jet_parallax_layout_bg_size_mobile&quot;:&quot;&quot;,&quot;jet_parallax_layout_animation_prop&quot;:&quot;transform&quot;,&quot;jet_parallax_layout_on&quot;:[&quot;desktop&quot;,&quot;tablet&quot;]}]}\">\n\t\t\t\t\t\t<div class=\"elementor-container elementor-column-gap-default\">\n\t\t\t\t\t<div class=\"elementor-column elementor-col-100 elementor-top-column elementor-element elementor-element-bdd46f5\" data-id=\"bdd46f5\" data-element_type=\"column\" data-e-type=\"column\">\n\t\t\t<div class=\"elementor-widget-wrap\">\n\t\t\t\t\t\t\t<\/div>\n\t\t<\/div>\n\t\t\t\t\t<\/div>\n\t\t<\/section>\n\t\t\t\t<section data-particle_enable=\"false\" data-particle-mobile-disabled=\"false\" class=\"elementor-section elementor-top-section elementor-element elementor-element-ee878c8 elementor-section-full_width elementor-section-height-default elementor-section-height-default\" data-id=\"ee878c8\" data-element_type=\"section\" data-e-type=\"section\" data-settings=\"{&quot;background_background&quot;:&quot;classic&quot;,&quot;jet_parallax_layout_list&quot;:[{&quot;jet_parallax_layout_image&quot;:{&quot;url&quot;:&quot;&quot;,&quot;id&quot;:&quot;&quot;,&quot;size&quot;:&quot;&quot;},&quot;_id&quot;:&quot;717ed4b&quot;,&quot;jet_parallax_layout_image_tablet&quot;:{&quot;url&quot;:&quot;&quot;,&quot;id&quot;:&quot;&quot;,&quot;size&quot;:&quot;&quot;},&quot;jet_parallax_layout_image_mobile&quot;:{&quot;url&quot;:&quot;&quot;,&quot;id&quot;:&quot;&quot;,&quot;size&quot;:&quot;&quot;},&quot;jet_parallax_layout_speed&quot;:{&quot;unit&quot;:&quot;%&quot;,&quot;size&quot;:50,&quot;sizes&quot;:[]},&quot;jet_parallax_layout_type&quot;:&quot;scroll&quot;,&quot;jet_parallax_layout_direction&quot;:&quot;1&quot;,&quot;jet_parallax_layout_fx_direction&quot;:null,&quot;jet_parallax_layout_z_index&quot;:&quot;&quot;,&quot;jet_parallax_layout_bg_x&quot;:50,&quot;jet_parallax_layout_bg_x_tablet&quot;:&quot;&quot;,&quot;jet_parallax_layout_bg_x_mobile&quot;:&quot;&quot;,&quot;jet_parallax_layout_bg_y&quot;:50,&quot;jet_parallax_layout_bg_y_tablet&quot;:&quot;&quot;,&quot;jet_parallax_layout_bg_y_mobile&quot;:&quot;&quot;,&quot;jet_parallax_layout_bg_size&quot;:&quot;auto&quot;,&quot;jet_parallax_layout_bg_size_tablet&quot;:&quot;&quot;,&quot;jet_parallax_layout_bg_size_mobile&quot;:&quot;&quot;,&quot;jet_parallax_layout_animation_prop&quot;:&quot;transform&quot;,&quot;jet_parallax_layout_on&quot;:[&quot;desktop&quot;,&quot;tablet&quot;]}]}\">\n\t\t\t\t\t\t<div class=\"elementor-container elementor-column-gap-default\">\n\t\t\t\t\t<div class=\"elementor-column elementor-col-100 elementor-top-column elementor-element elementor-element-264edf5\" data-id=\"264edf5\" data-element_type=\"column\" data-e-type=\"column\">\n\t\t\t<div class=\"elementor-widget-wrap elementor-element-populated\">\n\t\t\t\t\t\t<div class=\"elementor-element elementor-element-2cc41ce elementor-widget elementor-widget-woocommerce-breadcrumb\" data-id=\"2cc41ce\" data-element_type=\"widget\" data-e-type=\"widget\" data-widget_type=\"woocommerce-breadcrumb.default\">\n\t\t\t\t<div class=\"elementor-widget-container\">\n\t\t\t\t\t<nav class=\"woocommerce-breadcrumb\" aria-label=\"Breadcrumb\">Start<\/nav>\t\t\t\t<\/div>\n\t\t\t\t<\/div>\n\t\t\t\t\t<\/div>\n\t\t<\/div>\n\t\t\t\t\t<\/div>\n\t\t<\/section>\n\t\t\t\t<section data-particle_enable=\"false\" data-particle-mobile-disabled=\"false\" class=\"elementor-section elementor-top-section elementor-element elementor-element-feb5fb0 elementor-section-boxed elementor-section-height-default elementor-section-height-default\" data-id=\"feb5fb0\" data-element_type=\"section\" data-e-type=\"section\" data-settings=\"{&quot;jet_parallax_layout_list&quot;:[{&quot;jet_parallax_layout_image&quot;:{&quot;url&quot;:&quot;&quot;,&quot;id&quot;:&quot;&quot;,&quot;size&quot;:&quot;&quot;},&quot;_id&quot;:&quot;2668025&quot;,&quot;jet_parallax_layout_image_tablet&quot;:{&quot;url&quot;:&quot;&quot;,&quot;id&quot;:&quot;&quot;,&quot;size&quot;:&quot;&quot;},&quot;jet_parallax_layout_image_mobile&quot;:{&quot;url&quot;:&quot;&quot;,&quot;id&quot;:&quot;&quot;,&quot;size&quot;:&quot;&quot;},&quot;jet_parallax_layout_speed&quot;:{&quot;unit&quot;:&quot;%&quot;,&quot;size&quot;:50,&quot;sizes&quot;:[]},&quot;jet_parallax_layout_type&quot;:&quot;scroll&quot;,&quot;jet_parallax_layout_direction&quot;:&quot;1&quot;,&quot;jet_parallax_layout_fx_direction&quot;:null,&quot;jet_parallax_layout_z_index&quot;:&quot;&quot;,&quot;jet_parallax_layout_bg_x&quot;:50,&quot;jet_parallax_layout_bg_x_tablet&quot;:&quot;&quot;,&quot;jet_parallax_layout_bg_x_mobile&quot;:&quot;&quot;,&quot;jet_parallax_layout_bg_y&quot;:50,&quot;jet_parallax_layout_bg_y_tablet&quot;:&quot;&quot;,&quot;jet_parallax_layout_bg_y_mobile&quot;:&quot;&quot;,&quot;jet_parallax_layout_bg_size&quot;:&quot;auto&quot;,&quot;jet_parallax_layout_bg_size_tablet&quot;:&quot;&quot;,&quot;jet_parallax_layout_bg_size_mobile&quot;:&quot;&quot;,&quot;jet_parallax_layout_animation_prop&quot;:&quot;transform&quot;,&quot;jet_parallax_layout_on&quot;:[&quot;desktop&quot;,&quot;tablet&quot;]}]}\">\n\t\t\t\t\t\t<div class=\"elementor-container elementor-column-gap-default\">\n\t\t\t\t\t<div class=\"elementor-column elementor-col-100 elementor-top-column elementor-element elementor-element-647d5f4\" data-id=\"647d5f4\" data-element_type=\"column\" data-e-type=\"column\">\n\t\t\t<div class=\"elementor-widget-wrap elementor-element-populated\">\n\t\t\t\t\t<div class=\"elementor-background-overlay\"><\/div>\n\t\t\t\t\t\t<div class=\"elementor-element elementor-element-1aa9935 elementor-widget elementor-widget-heading\" data-id=\"1aa9935\" data-element_type=\"widget\" data-e-type=\"widget\" data-widget_type=\"heading.default\">\n\t\t\t\t<div class=\"elementor-widget-container\">\n\t\t\t\t\t<h3 class=\"elementor-heading-title elementor-size-default\">Impressum<\/h3>\t\t\t\t<\/div>\n\t\t\t\t<\/div>\n\t\t\t\t<div class=\"elementor-element elementor-element-59aea10 elementor-widget elementor-widget-text-editor\" data-id=\"59aea10\" data-element_type=\"widget\" data-e-type=\"widget\" data-widget_type=\"text-editor.default\">\n\t\t\t\t<div class=\"elementor-widget-container\">\n\t\t\t\t\t\t\t\t\t<p><strong>Verantwortlich f\u00fcr den Inhalt von www.schmidt-haensch.com<\/strong><\/p>\n<p>SCHMIDT + HAENSCH GmbH &amp; Co.<\/p>\n<p>Waldstra\u00dfe 80\/81<br \/>\n13403 Berlin<br \/>\nDEUTSCHLAND<\/p>\n<p>Tel <a href=\"tel:+49304170720\">+49 (0) 30 41 70 72-0<\/a><br \/>\nFax +49 (0) 30 41 70 72-99<\/p>\n<p>E-Mail: <a href=\"mailto:sales@schmidt-haensch.de\">office@schmidt-haensch.de<\/a><br \/>\nWeb: <a href=\"https:\/\/amazing-pasteur.212-53-165-88.plesk.page\/de\/\">www.schmidt-haensch.com<\/a><\/p>\n<p>Gesch\u00e4ftsf\u00fchrer: Mathis Kuchejda, Prokurist: Ingo Lehmann<\/p>\n<p>Handelsregisternummer: HRA 14212<br \/>\nAmtsgericht Berlin-Charlottenburg<br \/>\nUst-IdNr. DE136655240<\/p>\n<p>WEEE-Reg.-No. DE 23224250<\/p>\n<p>Pers. haft. Gesellschaft: Kuchejda GmbH<br \/>\nHandelsregister: HRB 7141<\/p>\n<p>Amtsgericht: Berlin-Charlottenburg<\/p>\n<p><strong>Rechtliche Einzelheiten<\/strong><\/p>\n<p>SCHMIDT + HAENSCH ist bestrebt, auf seiner Website pr\u00e4zise und aktuelle Informationen zusammenzustellen.<\/p>\n<p>SCHMIDT + HAENSCH \u00fcbernimmt keine Gew\u00e4hr f\u00fcr die Richtigkeit, Vollst\u00e4ndigkeit und die regelm\u00e4\u00dfige Aktualit\u00e4t. SCHMIDT + HAENSCH kann nicht alle Inhalte von Websites Dritter, die mit unserer Website verlinkt sind, regelm\u00e4\u00dfig kontrollieren.<\/p>\n<p>SCHMIDT + HAENSCH lehnt daher jede Verantwortung hinsichtlich der Richtigkeit oder sonstiger vorhandener oder fehlender Beschaffenheit der enthaltenen Informationen ab. Die Nutzung der Website und der Links erfolgt auf eigene Gefahr. SCHMIDT + HAENSCH \u00fcbernimmt keine Haftung f\u00fcr Sch\u00e4den, die durch die Nutzung der Website oder Links entstehen. SCHMIDT + HAENSCH beh\u00e4lt sich das Recht vor, den Inhalt der Website nach eigenem Ermessen zu \u00e4ndern oder zu l\u00f6schen. Es besteht keine Haftung f\u00fcr die Verf\u00fcgbarkeit der Websites und Links.<\/p>\n<p><strong>Urheberrechte<\/strong><\/p>\n<p>\u00a9 SCHMIDT + HAENSCH GmbH &amp; Co 2006\u20132023<\/p>\n<p>Alle Informationen und Bilder sind Eigentum des Herausgebers. Es ist nicht gestattet, Inhalte in Teilen oder im Ganzen zu vervielf\u00e4ltigen oder\/und zu ver\u00f6ffentlichen oder in einem Informationssystem ohne vorherige Genehmigung des Autors zu speichern.<\/p>\n<p>Quelle: www.e-recht24.de<\/p>\n<p><strong>Google Analytics Datenschutzbestimmungen<\/strong><\/p>\n<p>Um unsere Website so benutzerfreundlich wie m\u00f6glich zu gestalten, werten wir anonymisierte Daten aus, die beim Besuch der Website mit Hilfe eines Statistikprogramms erhoben werden. Dieses Programm nennt sich Google Analytics, ein Webanalysedienst der Google Inc. (&#8220;Google&#8221;). Google Analytics verwendet sog. &#8220;Cookies&#8221;, Textdateien, die auf Ihrem Computer gespeichert werden und die eine Analyse der Benutzung der Website durch Sie erm\u00f6glichen. Die durch den Cookie erzeugten Informationen \u00fcber Ihre Benutzung dieser Website werden an einen Server von Google in den USA \u00fcbertragen und dort gespeichert.<\/p>\n<p>Im Falle der Aktivierung der IP-Anonymisierung, wie z.B. auf dieser Website, wird Ihre IP-Adresse von Google innerhalb von Mitgliedstaaten der Europ\u00e4ischen Union oder in anderen Vertragsstaaten des Abkommens \u00fcber den Europ\u00e4ischen Wirtschaftsraum zuvor gek\u00fcrzt. Nur in Ausnahmef\u00e4llen wird die volle IP-Adresse an einen Server von Google in den USA \u00fcbertragen und dort gek\u00fcrzt. Im Auftrag des Betreibers dieser Website wird Google diese Informationen benutzen, um Ihre Nutzung der Website auszuwerten, um Reports \u00fcber die Websiteaktivit\u00e4ten zusammenzustellen und um weitere mit der Websitenutzung und der Internetnutzung verbundene Dienstleistungen zu erbringen.<\/p>\n<p>Die im Rahmen von Google Analytics von Ihrem Browser \u00fcbermittelte IP-Adresse wird nicht mit anderen Daten von Google in Verbindung gebracht. Sie k\u00f6nnen die Speicherung der Cookies auf Ihrem Computer durch eine entsprechende Einstellung Ihrer Browser-Software verhindern; wir weisen Sie jedoch darauf hin, dass Sie in diesem Fall gegebenenfalls nicht s\u00e4mtliche Funktionen dieser Website vollumf\u00e4nglich werden nutzen k\u00f6nnen. Sie k\u00f6nnen dar\u00fcber hinaus die Erfassung der durch das Cookie erzeugten und auf Ihre Nutzung der Website bezogenen Daten (inkl. Ihrer IP-Adresse) an Google sowie die Verarbeitung dieser Daten durch Google verhindern, indem sie das unter dem folgenden Link verf\u00fcgbare Browser-Plugin herunterladen und installieren: http:\/\/tools.google.com\/dlpage\/gaoptout<\/p>\n<p>Zus\u00e4tzlich zu Browser-Add-ons oder Browsern f\u00fcr mobile Ger\u00e4te k\u00f6nnen Sie diesen Link (Google Analytics deaktivieren) verwenden, um zu verhindern, dass Google Analytics in Zukunft Daten \u00fcber Sie bez\u00fcglich dieser Website erfasst. Das Opt-Out-Add-on funktioniert nur in diesem Browser und f\u00fcr diese Domain. Es wird dann ein Opt-Out-Cookie auf Ihrem Ger\u00e4t gespeichert. Wenn Sie die Cookies in diesem Browser l\u00f6schen, m\u00fcssen Sie diesen Link erneut anklicken.<\/p>\n<p>Diese Website nutzt auch Google Analytics-Funktionen f\u00fcr Werbetreibende: Remarketing mit Google Analytics, Google Display Network Impression Reporting, Integration der DoubleClick-Plattform und Google Analytics-Berichte als Service auf der Grundlage von demografischen Merkmalen und Interessen. In Bezug auf Display-Werbung werden Anzeigen von Drittanbietern, einschlie\u00dflich Google, angezeigt. Diese Websites und Drittanbieter, einschlie\u00dflich Google, verwenden Cookies. Die kombinierte Verwendung von Erstanbieter-Cookies (z. B. Google-Analytics-Cookies) und Drittanbieter-Cookies (z. B. Doubleclick-Cookies) erm\u00f6glicht eine zielgerichtetere Werbung auf der Grundlage fr\u00fcherer Besuche. Dadurch werden die Ausrichtung der Werbung, die Anzeigenauslieferung und die Anzeigenplatzierung optimiert. Bei der Google AdWords-Werbung werden Remarketing-Listen f\u00fcr Kleinanzeigen verwendet. Dadurch werden die Suchergebnisse besser an die Bed\u00fcrfnisse der Suchenden angepasst. Au\u00dferdem werden Berichte verwendet, um die Anzeigen auf der Grundlage demografischer Merkmale und Interessen zu optimieren. Diese Form der Werbung findet vollst\u00e4ndig unter einem Pseudonym statt. Es werden keine pers\u00f6nlichen Daten gespeichert und es wird kein Nutzerprofil mit Ihren pers\u00f6nlichen Daten verkn\u00fcpft. Sie k\u00f6nnen diese Option zur Schaltung von Google-Anzeigen unter folgendem Link \u00e4ndern oder deaktivieren: www.google.com\/settings\/ads\/onweb\/?hl=de<\/p>\n<p>Nachstehend finden Sie auch einen Link, \u00fcber den Sie sich bei der amerikanischen Unternehmensvereinigung Network Advertising Initiative (NAI) abmelden k\u00f6nnen, um bestimmte Werbeanzeigen nicht mehr zu erhalten: <a href=\"http:\/\/www.networkadvertising.org\/choices\">www.networkadvertising.org\/choices<\/a><\/p>\n<p><strong>Implementation<\/strong><\/p>\n<p>Konzeption, Gestaltung, Programmierung durch Pageworkers und Suchmaschinenoptimierung der Website durch Suchmeisterei<\/p>\n<p><strong>Datenschutzbeauftragter:<br \/>\n<\/strong><br \/>\nEva Gaertner \u2013 CompanyCheck Deutschland GmbH<br \/>\nSchillerstrasse 47\/49<br \/>\n22767 Hamburg<br \/>\n040-540903150<br \/>\n<a href=\"mailto:datenschutz@companycheck-deutschland.de\">datenschutz@companycheck-deutschland.de<\/a><br \/>\n<a href=\"https:\/\/companycheck-deutschland.de\/leistungen\/datenschutz.html\">https:\/\/companycheck-deutschland.de\/leistungen\/datenschutz.html<\/a><br \/>\nExternal\u00a0Data Protection Officer CompanyCheck Deutschland GmbH<\/p>\n<p><strong>Stellvertretender Datenschutzbeauftragter:<\/strong><br \/>\nIngo Passoth \u2013 CompanyCheck Deutschland GmbH<br \/>\nSchillerstrasse 47\/49<br \/>\n22767 Hamburg<br \/>\n040-540903150<br \/>\n<a href=\"mailto:datenschutz@companycheck-deutschland.de\">datenschutz@companycheck-deutschland.de<\/a><br \/>\n<a href=\"https:\/\/companycheck-deutschland.de\/leistungen\/datenschutz.html\">https:\/\/companycheck-deutschland.de\/leistungen\/datenschutz.html<\/a><br \/>\nExterner Datenschutzbeauftragter CompanyCheck Deutschland GmbH<\/p>\n\t\t\t\t\t\t\t\t<\/div>\n\t\t\t\t<\/div>\n\t\t\t\t\t<\/div>\n\t\t<\/div>\n\t\t\t\t\t<\/div>\n\t\t<\/section>\n\t\t\t\t<\/div>\n\t\t","protected":false},"excerpt":{"rendered":"<p>Impressum Verantwortlich f\u00fcr den Inhalt von www.schmidt-haensch.com SCHMIDT + HAENSCH GmbH &amp; Co. Waldstra\u00dfe 80\/81 13403 Berlin DEUTSCHLAND Tel +49 (0) 30 41 70 72-0 Fax +49 (0) 30 41 70 72-99 E-Mail: office@schmidt-haensch.de Web: www.schmidt-haensch.com Gesch\u00e4ftsf\u00fchrer: Mathis Kuchejda, Prokurist: Ingo Lehmann Handelsregisternummer: HRA 14212 Amtsgericht Berlin-Charlottenburg Ust-IdNr. DE136655240 WEEE-Reg.-No. DE 23224250 Pers. haft. Gesellschaft: [&hellip;]<\/p>\n","protected":false},"author":1,"featured_media":0,"parent":0,"menu_order":0,"comment_status":"closed","ping_status":"closed","template":"","meta":{"footnotes":""},"class_list":["post-8260","page","type-page","status-publish","hentry"],"yoast_head":"<!-- This site is optimized with the Yoast SEO plugin v27.1.1 - https:\/\/yoast.com\/product\/yoast-seo-wordpress\/ -->\n<title>Impresssum | SCHMIDT + HAENSCH<\/title>\n<meta name=\"description\" content=\"SCHMIDT + HAENSCH Impresssum\" \/>\n<meta name=\"robots\" content=\"noindex, follow, max-snippet:-1, max-image-preview:large, max-video-preview:-1\" \/>\n<meta property=\"og:locale\" content=\"de_DE\" \/>\n<meta property=\"og:type\" content=\"article\" \/>\n<meta property=\"og:title\" content=\"Impresssum | SCHMIDT + HAENSCH\" \/>\n<meta property=\"og:description\" content=\"SCHMIDT + HAENSCH Impresssum\" \/>\n<meta property=\"og:url\" content=\"https:\/\/amazing-pasteur.212-53-165-88.plesk.page\/de\/impresssum\/\" \/>\n<meta property=\"og:site_name\" content=\"SCHMIDT + HAENSCH\" \/>\n<meta property=\"article:modified_time\" content=\"2023-03-06T12:48:39+00:00\" \/>\n<meta name=\"twitter:card\" content=\"summary_large_image\" \/>\n<script type=\"application\/ld+json\" class=\"yoast-schema-graph\">{\"@context\":\"https:\/\/schema.org\",\"@graph\":[{\"@type\":\"WebPage\",\"@id\":\"https:\/\/amazing-pasteur.212-53-165-88.plesk.page\/de\/impresssum\/\",\"url\":\"https:\/\/amazing-pasteur.212-53-165-88.plesk.page\/de\/impresssum\/\",\"name\":\"Impresssum | SCHMIDT + HAENSCH\",\"isPartOf\":{\"@id\":\"https:\/\/amazing-pasteur.212-53-165-88.plesk.page\/de\/#website\"},\"datePublished\":\"2021-09-29T11:11:02+00:00\",\"dateModified\":\"2023-03-06T12:48:39+00:00\",\"description\":\"SCHMIDT + HAENSCH Impresssum\",\"breadcrumb\":{\"@id\":\"https:\/\/amazing-pasteur.212-53-165-88.plesk.page\/de\/impresssum\/#breadcrumb\"},\"inLanguage\":\"de\",\"potentialAction\":[{\"@type\":\"ReadAction\",\"target\":[\"https:\/\/amazing-pasteur.212-53-165-88.plesk.page\/de\/impresssum\/\"]}]},{\"@type\":\"BreadcrumbList\",\"@id\":\"https:\/\/amazing-pasteur.212-53-165-88.plesk.page\/de\/impresssum\/#breadcrumb\",\"itemListElement\":[{\"@type\":\"ListItem\",\"position\":1,\"name\":\"Home\",\"item\":\"https:\/\/amazing-pasteur.212-53-165-88.plesk.page\/de\/\"},{\"@type\":\"ListItem\",\"position\":2,\"name\":\"Impresssum\"}]},{\"@type\":\"WebSite\",\"@id\":\"https:\/\/amazing-pasteur.212-53-165-88.plesk.page\/de\/#website\",\"url\":\"https:\/\/amazing-pasteur.212-53-165-88.plesk.page\/de\/\",\"name\":\"SCHMIDT + HAENSCH\",\"description\":\"Hochwertige Laborger\u00e4te, Inline-Prozessrefraktometer und Automatisierungsl\u00f6sungen\",\"publisher\":{\"@id\":\"https:\/\/amazing-pasteur.212-53-165-88.plesk.page\/de\/#organization\"},\"potentialAction\":[{\"@type\":\"SearchAction\",\"target\":{\"@type\":\"EntryPoint\",\"urlTemplate\":\"https:\/\/amazing-pasteur.212-53-165-88.plesk.page\/de\/?s={search_term_string}\"},\"query-input\":{\"@type\":\"PropertyValueSpecification\",\"valueRequired\":true,\"valueName\":\"search_term_string\"}}],\"inLanguage\":\"de\"},{\"@type\":\"Organization\",\"@id\":\"https:\/\/amazing-pasteur.212-53-165-88.plesk.page\/de\/#organization\",\"name\":\"SCHMIDT + HAENSCH\",\"url\":\"https:\/\/amazing-pasteur.212-53-165-88.plesk.page\/de\/\",\"logo\":{\"@type\":\"ImageObject\",\"inLanguage\":\"de\",\"@id\":\"https:\/\/amazing-pasteur.212-53-165-88.plesk.page\/de\/#\/schema\/logo\/image\/\",\"url\":\"https:\/\/amazing-pasteur.212-53-165-88.plesk.page\/wp-content\/uploads\/2021\/01\/schmidthaensch-logo.svg\",\"contentUrl\":\"https:\/\/amazing-pasteur.212-53-165-88.plesk.page\/wp-content\/uploads\/2021\/01\/schmidthaensch-logo.svg\",\"width\":217,\"height\":57,\"caption\":\"SCHMIDT + HAENSCH\"},\"image\":{\"@id\":\"https:\/\/amazing-pasteur.212-53-165-88.plesk.page\/de\/#\/schema\/logo\/image\/\"}}]}<\/script>\n<!-- \/ Yoast SEO plugin. -->","yoast_head_json":{"title":"Impresssum | SCHMIDT + HAENSCH","description":"SCHMIDT + HAENSCH Impresssum","robots":{"index":"noindex","follow":"follow","max-snippet":"max-snippet:-1","max-image-preview":"max-image-preview:large","max-video-preview":"max-video-preview:-1"},"og_locale":"de_DE","og_type":"article","og_title":"Impresssum | SCHMIDT + HAENSCH","og_description":"SCHMIDT + HAENSCH Impresssum","og_url":"https:\/\/amazing-pasteur.212-53-165-88.plesk.page\/de\/impresssum\/","og_site_name":"SCHMIDT + HAENSCH","article_modified_time":"2023-03-06T12:48:39+00:00","twitter_card":"summary_large_image","schema":{"@context":"https:\/\/schema.org","@graph":[{"@type":"WebPage","@id":"https:\/\/amazing-pasteur.212-53-165-88.plesk.page\/de\/impresssum\/","url":"https:\/\/amazing-pasteur.212-53-165-88.plesk.page\/de\/impresssum\/","name":"Impresssum | SCHMIDT + HAENSCH","isPartOf":{"@id":"https:\/\/amazing-pasteur.212-53-165-88.plesk.page\/de\/#website"},"datePublished":"2021-09-29T11:11:02+00:00","dateModified":"2023-03-06T12:48:39+00:00","description":"SCHMIDT + HAENSCH Impresssum","breadcrumb":{"@id":"https:\/\/amazing-pasteur.212-53-165-88.plesk.page\/de\/impresssum\/#breadcrumb"},"inLanguage":"de","potentialAction":[{"@type":"ReadAction","target":["https:\/\/amazing-pasteur.212-53-165-88.plesk.page\/de\/impresssum\/"]}]},{"@type":"BreadcrumbList","@id":"https:\/\/amazing-pasteur.212-53-165-88.plesk.page\/de\/impresssum\/#breadcrumb","itemListElement":[{"@type":"ListItem","position":1,"name":"Home","item":"https:\/\/amazing-pasteur.212-53-165-88.plesk.page\/de\/"},{"@type":"ListItem","position":2,"name":"Impresssum"}]},{"@type":"WebSite","@id":"https:\/\/amazing-pasteur.212-53-165-88.plesk.page\/de\/#website","url":"https:\/\/amazing-pasteur.212-53-165-88.plesk.page\/de\/","name":"SCHMIDT + HAENSCH","description":"Hochwertige Laborger\u00e4te, Inline-Prozessrefraktometer und Automatisierungsl\u00f6sungen","publisher":{"@id":"https:\/\/amazing-pasteur.212-53-165-88.plesk.page\/de\/#organization"},"potentialAction":[{"@type":"SearchAction","target":{"@type":"EntryPoint","urlTemplate":"https:\/\/amazing-pasteur.212-53-165-88.plesk.page\/de\/?s={search_term_string}"},"query-input":{"@type":"PropertyValueSpecification","valueRequired":true,"valueName":"search_term_string"}}],"inLanguage":"de"},{"@type":"Organization","@id":"https:\/\/amazing-pasteur.212-53-165-88.plesk.page\/de\/#organization","name":"SCHMIDT + HAENSCH","url":"https:\/\/amazing-pasteur.212-53-165-88.plesk.page\/de\/","logo":{"@type":"ImageObject","inLanguage":"de","@id":"https:\/\/amazing-pasteur.212-53-165-88.plesk.page\/de\/#\/schema\/logo\/image\/","url":"https:\/\/amazing-pasteur.212-53-165-88.plesk.page\/wp-content\/uploads\/2021\/01\/schmidthaensch-logo.svg","contentUrl":"https:\/\/amazing-pasteur.212-53-165-88.plesk.page\/wp-content\/uploads\/2021\/01\/schmidthaensch-logo.svg","width":217,"height":57,"caption":"SCHMIDT + HAENSCH"},"image":{"@id":"https:\/\/amazing-pasteur.212-53-165-88.plesk.page\/de\/#\/schema\/logo\/image\/"}}]}},"_links":{"self":[{"href":"https:\/\/amazing-pasteur.212-53-165-88.plesk.page\/de\/wp-json\/wp\/v2\/pages\/8260","targetHints":{"allow":["GET"]}}],"collection":[{"href":"https:\/\/amazing-pasteur.212-53-165-88.plesk.page\/de\/wp-json\/wp\/v2\/pages"}],"about":[{"href":"https:\/\/amazing-pasteur.212-53-165-88.plesk.page\/de\/wp-json\/wp\/v2\/types\/page"}],"author":[{"embeddable":true,"href":"https:\/\/amazing-pasteur.212-53-165-88.plesk.page\/de\/wp-json\/wp\/v2\/users\/1"}],"replies":[{"embeddable":true,"href":"https:\/\/amazing-pasteur.212-53-165-88.plesk.page\/de\/wp-json\/wp\/v2\/comments?post=8260"}],"version-history":[{"count":0,"href":"https:\/\/amazing-pasteur.212-53-165-88.plesk.page\/de\/wp-json\/wp\/v2\/pages\/8260\/revisions"}],"wp:attachment":[{"href":"https:\/\/amazing-pasteur.212-53-165-88.plesk.page\/de\/wp-json\/wp\/v2\/media?parent=8260"}],"curies":[{"name":"wp","href":"https:\/\/api.w.org\/{rel}","templated":true}]}}