{"id":8270,"date":"2021-09-29T11:19:48","date_gmt":"2021-09-29T11:19:48","guid":{"rendered":"https:\/\/schmidt-haensch.pwdev.de\/index.php\/neuigkeiten\/"},"modified":"2026-01-30T12:41:03","modified_gmt":"2026-01-30T12:41:03","slug":"neuigkeiten","status":"publish","type":"page","link":"https:\/\/amazing-pasteur.212-53-165-88.plesk.page\/de\/neuigkeiten\/","title":{"rendered":"Neuigkeiten"},"content":{"rendered":"\t\t<div data-elementor-type=\"wp-page\" data-elementor-id=\"8270\" class=\"elementor elementor-8270 elementor-2011\" data-elementor-settings=\"{&quot;element_pack_global_tooltip_width&quot;:{&quot;unit&quot;:&quot;px&quot;,&quot;size&quot;:&quot;&quot;,&quot;sizes&quot;:[]},&quot;element_pack_global_tooltip_width_tablet&quot;:{&quot;unit&quot;:&quot;px&quot;,&quot;size&quot;:&quot;&quot;,&quot;sizes&quot;:[]},&quot;element_pack_global_tooltip_width_mobile&quot;:{&quot;unit&quot;:&quot;px&quot;,&quot;size&quot;:&quot;&quot;,&quot;sizes&quot;:[]},&quot;element_pack_global_tooltip_padding&quot;:{&quot;unit&quot;:&quot;px&quot;,&quot;top&quot;:&quot;&quot;,&quot;right&quot;:&quot;&quot;,&quot;bottom&quot;:&quot;&quot;,&quot;left&quot;:&quot;&quot;,&quot;isLinked&quot;:true},&quot;element_pack_global_tooltip_padding_tablet&quot;:{&quot;unit&quot;:&quot;px&quot;,&quot;top&quot;:&quot;&quot;,&quot;right&quot;:&quot;&quot;,&quot;bottom&quot;:&quot;&quot;,&quot;left&quot;:&quot;&quot;,&quot;isLinked&quot;:true},&quot;element_pack_global_tooltip_padding_mobile&quot;:{&quot;unit&quot;:&quot;px&quot;,&quot;top&quot;:&quot;&quot;,&quot;right&quot;:&quot;&quot;,&quot;bottom&quot;:&quot;&quot;,&quot;left&quot;:&quot;&quot;,&quot;isLinked&quot;:true},&quot;element_pack_global_tooltip_border_radius&quot;:{&quot;unit&quot;:&quot;px&quot;,&quot;top&quot;:&quot;&quot;,&quot;right&quot;:&quot;&quot;,&quot;bottom&quot;:&quot;&quot;,&quot;left&quot;:&quot;&quot;,&quot;isLinked&quot;:true},&quot;element_pack_global_tooltip_border_radius_tablet&quot;:{&quot;unit&quot;:&quot;px&quot;,&quot;top&quot;:&quot;&quot;,&quot;right&quot;:&quot;&quot;,&quot;bottom&quot;:&quot;&quot;,&quot;left&quot;:&quot;&quot;,&quot;isLinked&quot;:true},&quot;element_pack_global_tooltip_border_radius_mobile&quot;:{&quot;unit&quot;:&quot;px&quot;,&quot;top&quot;:&quot;&quot;,&quot;right&quot;:&quot;&quot;,&quot;bottom&quot;:&quot;&quot;,&quot;left&quot;:&quot;&quot;,&quot;isLinked&quot;:true}}\" data-elementor-post-type=\"page\">\n\t\t\t\t\t\t<section data-particle_enable=\"false\" data-particle-mobile-disabled=\"false\" class=\"elementor-section elementor-top-section elementor-element elementor-element-8c2309c elementor-section-height-min-height elementor-section-boxed elementor-section-height-default elementor-section-items-middle\" data-id=\"8c2309c\" data-element_type=\"section\" data-e-type=\"section\" data-settings=\"{&quot;background_background&quot;:&quot;classic&quot;,&quot;jet_parallax_layout_list&quot;:[{&quot;jet_parallax_layout_image&quot;:{&quot;url&quot;:&quot;&quot;,&quot;id&quot;:&quot;&quot;,&quot;size&quot;:&quot;&quot;},&quot;_id&quot;:&quot;333f840&quot;,&quot;jet_parallax_layout_image_tablet&quot;:{&quot;url&quot;:&quot;&quot;,&quot;id&quot;:&quot;&quot;,&quot;size&quot;:&quot;&quot;},&quot;jet_parallax_layout_image_mobile&quot;:{&quot;url&quot;:&quot;&quot;,&quot;id&quot;:&quot;&quot;,&quot;size&quot;:&quot;&quot;},&quot;jet_parallax_layout_speed&quot;:{&quot;unit&quot;:&quot;%&quot;,&quot;size&quot;:50,&quot;sizes&quot;:[]},&quot;jet_parallax_layout_type&quot;:&quot;scroll&quot;,&quot;jet_parallax_layout_direction&quot;:&quot;1&quot;,&quot;jet_parallax_layout_fx_direction&quot;:null,&quot;jet_parallax_layout_z_index&quot;:&quot;&quot;,&quot;jet_parallax_layout_bg_x&quot;:50,&quot;jet_parallax_layout_bg_x_tablet&quot;:&quot;&quot;,&quot;jet_parallax_layout_bg_x_mobile&quot;:&quot;&quot;,&quot;jet_parallax_layout_bg_y&quot;:50,&quot;jet_parallax_layout_bg_y_tablet&quot;:&quot;&quot;,&quot;jet_parallax_layout_bg_y_mobile&quot;:&quot;&quot;,&quot;jet_parallax_layout_bg_size&quot;:&quot;auto&quot;,&quot;jet_parallax_layout_bg_size_tablet&quot;:&quot;&quot;,&quot;jet_parallax_layout_bg_size_mobile&quot;:&quot;&quot;,&quot;jet_parallax_layout_animation_prop&quot;:&quot;transform&quot;,&quot;jet_parallax_layout_on&quot;:[&quot;desktop&quot;,&quot;tablet&quot;]}]}\">\n\t\t\t\t\t\t<div class=\"elementor-container elementor-column-gap-default\">\n\t\t\t\t\t<div class=\"elementor-column elementor-col-100 elementor-top-column elementor-element elementor-element-bdd46f5\" data-id=\"bdd46f5\" data-element_type=\"column\" data-e-type=\"column\">\n\t\t\t<div class=\"elementor-widget-wrap elementor-element-populated\">\n\t\t\t\t\t\t<div class=\"elementor-element elementor-element-497d462 elementor-widget elementor-widget-heading\" data-id=\"497d462\" data-element_type=\"widget\" data-e-type=\"widget\" data-widget_type=\"heading.default\">\n\t\t\t\t<div class=\"elementor-widget-container\">\n\t\t\t\t\t<h1 class=\"elementor-heading-title elementor-size-default\">News<\/h1>\t\t\t\t<\/div>\n\t\t\t\t<\/div>\n\t\t\t\t\t<\/div>\n\t\t<\/div>\n\t\t\t\t\t<\/div>\n\t\t<\/section>\n\t\t\t\t<section data-particle_enable=\"false\" data-particle-mobile-disabled=\"false\" class=\"elementor-section elementor-top-section elementor-element elementor-element-ee878c8 elementor-section-full_width elementor-section-height-default elementor-section-height-default\" data-id=\"ee878c8\" data-element_type=\"section\" data-e-type=\"section\" data-settings=\"{&quot;background_background&quot;:&quot;classic&quot;,&quot;jet_parallax_layout_list&quot;:[{&quot;jet_parallax_layout_image&quot;:{&quot;url&quot;:&quot;&quot;,&quot;id&quot;:&quot;&quot;,&quot;size&quot;:&quot;&quot;},&quot;_id&quot;:&quot;717ed4b&quot;,&quot;jet_parallax_layout_image_tablet&quot;:{&quot;url&quot;:&quot;&quot;,&quot;id&quot;:&quot;&quot;,&quot;size&quot;:&quot;&quot;},&quot;jet_parallax_layout_image_mobile&quot;:{&quot;url&quot;:&quot;&quot;,&quot;id&quot;:&quot;&quot;,&quot;size&quot;:&quot;&quot;},&quot;jet_parallax_layout_speed&quot;:{&quot;unit&quot;:&quot;%&quot;,&quot;size&quot;:50,&quot;sizes&quot;:[]},&quot;jet_parallax_layout_type&quot;:&quot;scroll&quot;,&quot;jet_parallax_layout_direction&quot;:&quot;1&quot;,&quot;jet_parallax_layout_fx_direction&quot;:null,&quot;jet_parallax_layout_z_index&quot;:&quot;&quot;,&quot;jet_parallax_layout_bg_x&quot;:50,&quot;jet_parallax_layout_bg_x_tablet&quot;:&quot;&quot;,&quot;jet_parallax_layout_bg_x_mobile&quot;:&quot;&quot;,&quot;jet_parallax_layout_bg_y&quot;:50,&quot;jet_parallax_layout_bg_y_tablet&quot;:&quot;&quot;,&quot;jet_parallax_layout_bg_y_mobile&quot;:&quot;&quot;,&quot;jet_parallax_layout_bg_size&quot;:&quot;auto&quot;,&quot;jet_parallax_layout_bg_size_tablet&quot;:&quot;&quot;,&quot;jet_parallax_layout_bg_size_mobile&quot;:&quot;&quot;,&quot;jet_parallax_layout_animation_prop&quot;:&quot;transform&quot;,&quot;jet_parallax_layout_on&quot;:[&quot;desktop&quot;,&quot;tablet&quot;]}]}\">\n\t\t\t\t\t\t<div class=\"elementor-container elementor-column-gap-default\">\n\t\t\t\t\t<div class=\"elementor-column elementor-col-100 elementor-top-column elementor-element elementor-element-264edf5\" data-id=\"264edf5\" data-element_type=\"column\" data-e-type=\"column\">\n\t\t\t<div class=\"elementor-widget-wrap elementor-element-populated\">\n\t\t\t\t\t\t<div class=\"elementor-element elementor-element-2cc41ce elementor-widget elementor-widget-woocommerce-breadcrumb\" data-id=\"2cc41ce\" data-element_type=\"widget\" data-e-type=\"widget\" data-widget_type=\"woocommerce-breadcrumb.default\">\n\t\t\t\t<div class=\"elementor-widget-container\">\n\t\t\t\t\t<nav class=\"woocommerce-breadcrumb\" aria-label=\"Breadcrumb\">Start<\/nav>\t\t\t\t<\/div>\n\t\t\t\t<\/div>\n\t\t\t\t\t<\/div>\n\t\t<\/div>\n\t\t\t\t\t<\/div>\n\t\t<\/section>\n\t\t\t\t<section data-particle_enable=\"false\" data-particle-mobile-disabled=\"false\" class=\"elementor-section elementor-top-section elementor-element elementor-element-feb5fb0 elementor-section-boxed elementor-section-height-default elementor-section-height-default\" data-id=\"feb5fb0\" data-element_type=\"section\" data-e-type=\"section\" id=\"trends\" data-settings=\"{&quot;jet_parallax_layout_list&quot;:[{&quot;jet_parallax_layout_image&quot;:{&quot;url&quot;:&quot;&quot;,&quot;id&quot;:&quot;&quot;,&quot;size&quot;:&quot;&quot;},&quot;_id&quot;:&quot;2668025&quot;,&quot;jet_parallax_layout_image_tablet&quot;:{&quot;url&quot;:&quot;&quot;,&quot;id&quot;:&quot;&quot;,&quot;size&quot;:&quot;&quot;},&quot;jet_parallax_layout_image_mobile&quot;:{&quot;url&quot;:&quot;&quot;,&quot;id&quot;:&quot;&quot;,&quot;size&quot;:&quot;&quot;},&quot;jet_parallax_layout_speed&quot;:{&quot;unit&quot;:&quot;%&quot;,&quot;size&quot;:50,&quot;sizes&quot;:[]},&quot;jet_parallax_layout_type&quot;:&quot;scroll&quot;,&quot;jet_parallax_layout_direction&quot;:&quot;1&quot;,&quot;jet_parallax_layout_fx_direction&quot;:null,&quot;jet_parallax_layout_z_index&quot;:&quot;&quot;,&quot;jet_parallax_layout_bg_x&quot;:50,&quot;jet_parallax_layout_bg_x_tablet&quot;:&quot;&quot;,&quot;jet_parallax_layout_bg_x_mobile&quot;:&quot;&quot;,&quot;jet_parallax_layout_bg_y&quot;:50,&quot;jet_parallax_layout_bg_y_tablet&quot;:&quot;&quot;,&quot;jet_parallax_layout_bg_y_mobile&quot;:&quot;&quot;,&quot;jet_parallax_layout_bg_size&quot;:&quot;auto&quot;,&quot;jet_parallax_layout_bg_size_tablet&quot;:&quot;&quot;,&quot;jet_parallax_layout_bg_size_mobile&quot;:&quot;&quot;,&quot;jet_parallax_layout_animation_prop&quot;:&quot;transform&quot;,&quot;jet_parallax_layout_on&quot;:[&quot;desktop&quot;,&quot;tablet&quot;]}]}\">\n\t\t\t\t\t\t<div class=\"elementor-container elementor-column-gap-default\">\n\t\t\t\t\t<div class=\"elementor-column elementor-col-100 elementor-top-column elementor-element elementor-element-647d5f4\" data-id=\"647d5f4\" data-element_type=\"column\" data-e-type=\"column\">\n\t\t\t<div class=\"elementor-widget-wrap elementor-element-populated\">\n\t\t\t\t\t<div class=\"elementor-background-overlay\"><\/div>\n\t\t\t\t\t\t<div class=\"elementor-element elementor-element-1aa9935 elementor-widget elementor-widget-heading\" data-id=\"1aa9935\" data-element_type=\"widget\" data-e-type=\"widget\" data-widget_type=\"heading.default\">\n\t\t\t\t<div class=\"elementor-widget-container\">\n\t\t\t\t\t<h2 class=\"elementor-heading-title elementor-size-default\">Trends der Branche<\/h2>\t\t\t\t<\/div>\n\t\t\t\t<\/div>\n\t\t\t\t<div class=\"elementor-element elementor-element-59aea10 elementor-widget elementor-widget-text-editor\" data-id=\"59aea10\" data-element_type=\"widget\" data-e-type=\"widget\" data-widget_type=\"text-editor.default\">\n\t\t\t\t<div class=\"elementor-widget-container\">\n\t\t\t\t\t\t\t\t\t<p>SCHMIDT + HAENSCH ist spezialisiert auf die Entwicklung, Produktion und den Vertrieb von <a href=\"https:\/\/amazing-pasteur.212-53-165-88.plesk.page\/product-category\/laboratory-instruments\/\">Laborger\u00e4ten<\/a> und <a href=\"https:\/\/amazing-pasteur.212-53-165-88.plesk.page\/product-category\/inline-process-analysis\/\">Prozessanalysatoren<\/a>. Informieren Sie sich \u00fcber die neuesten Anwendungen unserer Ger\u00e4te. Wir sind stets bestrebt, neue Technologien f\u00fcr spezifische Messverfahren zu entwickeln.<\/p>\n\t\t\t\t\t\t\t\t<\/div>\n\t\t\t\t<\/div>\n\t\t\t\t\t<\/div>\n\t\t<\/div>\n\t\t\t\t\t<\/div>\n\t\t<\/section>\n\t\t\t\t<section data-particle_enable=\"false\" data-particle-mobile-disabled=\"false\" class=\"elementor-section elementor-top-section elementor-element elementor-element-898420e elementor-section-boxed elementor-section-height-default elementor-section-height-default\" data-id=\"898420e\" data-element_type=\"section\" data-e-type=\"section\" id=\"meetus\" data-settings=\"{&quot;jet_parallax_layout_list&quot;:[{&quot;jet_parallax_layout_image&quot;:{&quot;url&quot;:&quot;&quot;,&quot;id&quot;:&quot;&quot;,&quot;size&quot;:&quot;&quot;},&quot;_id&quot;:&quot;2668025&quot;,&quot;jet_parallax_layout_image_tablet&quot;:{&quot;url&quot;:&quot;&quot;,&quot;id&quot;:&quot;&quot;,&quot;size&quot;:&quot;&quot;},&quot;jet_parallax_layout_image_mobile&quot;:{&quot;url&quot;:&quot;&quot;,&quot;id&quot;:&quot;&quot;,&quot;size&quot;:&quot;&quot;},&quot;jet_parallax_layout_speed&quot;:{&quot;unit&quot;:&quot;%&quot;,&quot;size&quot;:50,&quot;sizes&quot;:[]},&quot;jet_parallax_layout_type&quot;:&quot;scroll&quot;,&quot;jet_parallax_layout_direction&quot;:&quot;1&quot;,&quot;jet_parallax_layout_fx_direction&quot;:null,&quot;jet_parallax_layout_z_index&quot;:&quot;&quot;,&quot;jet_parallax_layout_bg_x&quot;:50,&quot;jet_parallax_layout_bg_x_tablet&quot;:&quot;&quot;,&quot;jet_parallax_layout_bg_x_mobile&quot;:&quot;&quot;,&quot;jet_parallax_layout_bg_y&quot;:50,&quot;jet_parallax_layout_bg_y_tablet&quot;:&quot;&quot;,&quot;jet_parallax_layout_bg_y_mobile&quot;:&quot;&quot;,&quot;jet_parallax_layout_bg_size&quot;:&quot;auto&quot;,&quot;jet_parallax_layout_bg_size_tablet&quot;:&quot;&quot;,&quot;jet_parallax_layout_bg_size_mobile&quot;:&quot;&quot;,&quot;jet_parallax_layout_animation_prop&quot;:&quot;transform&quot;,&quot;jet_parallax_layout_on&quot;:[&quot;desktop&quot;,&quot;tablet&quot;]}],&quot;background_background&quot;:&quot;classic&quot;}\">\n\t\t\t\t\t\t<div class=\"elementor-container elementor-column-gap-default\">\n\t\t\t\t\t<div class=\"elementor-column elementor-col-100 elementor-top-column elementor-element elementor-element-444b39a\" data-id=\"444b39a\" data-element_type=\"column\" data-e-type=\"column\">\n\t\t\t<div class=\"elementor-widget-wrap elementor-element-populated\">\n\t\t\t\t\t<div class=\"elementor-background-overlay\"><\/div>\n\t\t\t\t\t\t<div class=\"elementor-element elementor-element-51b39c0 elementor-widget elementor-widget-heading\" data-id=\"51b39c0\" data-element_type=\"widget\" data-e-type=\"widget\" data-widget_type=\"heading.default\">\n\t\t\t\t<div class=\"elementor-widget-container\">\n\t\t\t\t\t<h2 class=\"elementor-heading-title elementor-size-default\">Wo man uns trifft<\/h2>\t\t\t\t<\/div>\n\t\t\t\t<\/div>\n\t\t\t\t<div class=\"elementor-element elementor-element-790a087 elementor-widget elementor-widget-text-editor\" data-id=\"790a087\" data-element_type=\"widget\" data-e-type=\"widget\" data-widget_type=\"text-editor.default\">\n\t\t\t\t<div class=\"elementor-widget-container\">\n\t\t\t\t\t\t\t\t\t<p>SCHMIDT + HAENSCH nimmt an einer Vielzahl von Messen teil, online und an verschiedenen Orten auf der ganzen Welt. Hier k\u00f6nnen Sie sich \u00fcber Termine und Orte der kommenden Veranstaltungen informieren.<\/p>\n\t\t\t\t\t\t\t\t<\/div>\n\t\t\t\t<\/div>\n\t\t\t\t\t<\/div>\n\t\t<\/div>\n\t\t\t\t\t<\/div>\n\t\t<\/section>\n\t\t\t\t<\/div>\n\t\t","protected":false},"excerpt":{"rendered":"<p>News Trends der Branche SCHMIDT + HAENSCH ist spezialisiert auf die Entwicklung, Produktion und den Vertrieb von Laborger\u00e4ten und Prozessanalysatoren. Informieren Sie sich \u00fcber die neuesten Anwendungen unserer Ger\u00e4te. Wir sind stets bestrebt, neue Technologien f\u00fcr spezifische Messverfahren zu entwickeln. Wo man uns trifft SCHMIDT + HAENSCH nimmt an einer Vielzahl von Messen teil, online [&hellip;]<\/p>\n","protected":false},"author":1,"featured_media":0,"parent":0,"menu_order":0,"comment_status":"closed","ping_status":"closed","template":"","meta":{"footnotes":""},"class_list":["post-8270","page","type-page","status-publish","hentry"],"yoast_head":"<!-- This site is optimized with the Yoast SEO plugin v27.1.1 - https:\/\/yoast.com\/product\/yoast-seo-wordpress\/ -->\n<title>Neuigkeiten | SCHMIDT + HAENSCH<\/title>\n<meta name=\"description\" content=\"SCHMIDT + HAENSCH ist spezialisiert auf die Entwicklung, Produktion und den Vertrieb von Laborger\u00e4ten. Eine weitere Kompetenz ...\" \/>\n<meta name=\"robots\" content=\"noindex, follow, max-snippet:-1, max-image-preview:large, max-video-preview:-1\" \/>\n<meta property=\"og:locale\" content=\"de_DE\" \/>\n<meta property=\"og:type\" content=\"article\" \/>\n<meta property=\"og:title\" content=\"Neuigkeiten | SCHMIDT + HAENSCH\" \/>\n<meta property=\"og:description\" content=\"SCHMIDT + HAENSCH ist spezialisiert auf die Entwicklung, Produktion und den Vertrieb von Laborger\u00e4ten. Eine weitere Kompetenz ...\" \/>\n<meta property=\"og:url\" content=\"https:\/\/amazing-pasteur.212-53-165-88.plesk.page\/de\/neuigkeiten\/\" \/>\n<meta property=\"og:site_name\" content=\"SCHMIDT + HAENSCH\" \/>\n<meta property=\"article:modified_time\" content=\"2026-01-30T12:41:03+00:00\" \/>\n<meta name=\"twitter:card\" content=\"summary_large_image\" \/>\n<script type=\"application\/ld+json\" class=\"yoast-schema-graph\">{\"@context\":\"https:\/\/schema.org\",\"@graph\":[{\"@type\":\"WebPage\",\"@id\":\"https:\/\/amazing-pasteur.212-53-165-88.plesk.page\/de\/neuigkeiten\/\",\"url\":\"https:\/\/amazing-pasteur.212-53-165-88.plesk.page\/de\/neuigkeiten\/\",\"name\":\"Neuigkeiten | SCHMIDT + HAENSCH\",\"isPartOf\":{\"@id\":\"https:\/\/amazing-pasteur.212-53-165-88.plesk.page\/de\/#website\"},\"datePublished\":\"2021-09-29T11:19:48+00:00\",\"dateModified\":\"2026-01-30T12:41:03+00:00\",\"description\":\"SCHMIDT + HAENSCH ist spezialisiert auf die Entwicklung, Produktion und den Vertrieb von Laborger\u00e4ten. Eine weitere Kompetenz ...\",\"breadcrumb\":{\"@id\":\"https:\/\/amazing-pasteur.212-53-165-88.plesk.page\/de\/neuigkeiten\/#breadcrumb\"},\"inLanguage\":\"de\",\"potentialAction\":[{\"@type\":\"ReadAction\",\"target\":[\"https:\/\/amazing-pasteur.212-53-165-88.plesk.page\/de\/neuigkeiten\/\"]}]},{\"@type\":\"BreadcrumbList\",\"@id\":\"https:\/\/amazing-pasteur.212-53-165-88.plesk.page\/de\/neuigkeiten\/#breadcrumb\",\"itemListElement\":[{\"@type\":\"ListItem\",\"position\":1,\"name\":\"Home\",\"item\":\"https:\/\/amazing-pasteur.212-53-165-88.plesk.page\/de\/\"},{\"@type\":\"ListItem\",\"position\":2,\"name\":\"Neuigkeiten\"}]},{\"@type\":\"WebSite\",\"@id\":\"https:\/\/amazing-pasteur.212-53-165-88.plesk.page\/de\/#website\",\"url\":\"https:\/\/amazing-pasteur.212-53-165-88.plesk.page\/de\/\",\"name\":\"SCHMIDT + HAENSCH\",\"description\":\"Hochwertige Laborger\u00e4te, Inline-Prozessrefraktometer und Automatisierungsl\u00f6sungen\",\"publisher\":{\"@id\":\"https:\/\/amazing-pasteur.212-53-165-88.plesk.page\/de\/#organization\"},\"potentialAction\":[{\"@type\":\"SearchAction\",\"target\":{\"@type\":\"EntryPoint\",\"urlTemplate\":\"https:\/\/amazing-pasteur.212-53-165-88.plesk.page\/de\/?s={search_term_string}\"},\"query-input\":{\"@type\":\"PropertyValueSpecification\",\"valueRequired\":true,\"valueName\":\"search_term_string\"}}],\"inLanguage\":\"de\"},{\"@type\":\"Organization\",\"@id\":\"https:\/\/amazing-pasteur.212-53-165-88.plesk.page\/de\/#organization\",\"name\":\"SCHMIDT + HAENSCH\",\"url\":\"https:\/\/amazing-pasteur.212-53-165-88.plesk.page\/de\/\",\"logo\":{\"@type\":\"ImageObject\",\"inLanguage\":\"de\",\"@id\":\"https:\/\/amazing-pasteur.212-53-165-88.plesk.page\/de\/#\/schema\/logo\/image\/\",\"url\":\"https:\/\/amazing-pasteur.212-53-165-88.plesk.page\/wp-content\/uploads\/2021\/01\/schmidthaensch-logo.svg\",\"contentUrl\":\"https:\/\/amazing-pasteur.212-53-165-88.plesk.page\/wp-content\/uploads\/2021\/01\/schmidthaensch-logo.svg\",\"width\":217,\"height\":57,\"caption\":\"SCHMIDT + HAENSCH\"},\"image\":{\"@id\":\"https:\/\/amazing-pasteur.212-53-165-88.plesk.page\/de\/#\/schema\/logo\/image\/\"}}]}<\/script>\n<!-- \/ Yoast SEO plugin. -->","yoast_head_json":{"title":"Neuigkeiten | SCHMIDT + HAENSCH","description":"SCHMIDT + HAENSCH ist spezialisiert auf die Entwicklung, Produktion und den Vertrieb von Laborger\u00e4ten. Eine weitere Kompetenz ...","robots":{"index":"noindex","follow":"follow","max-snippet":"max-snippet:-1","max-image-preview":"max-image-preview:large","max-video-preview":"max-video-preview:-1"},"og_locale":"de_DE","og_type":"article","og_title":"Neuigkeiten | SCHMIDT + HAENSCH","og_description":"SCHMIDT + HAENSCH ist spezialisiert auf die Entwicklung, Produktion und den Vertrieb von Laborger\u00e4ten. Eine weitere Kompetenz ...","og_url":"https:\/\/amazing-pasteur.212-53-165-88.plesk.page\/de\/neuigkeiten\/","og_site_name":"SCHMIDT + HAENSCH","article_modified_time":"2026-01-30T12:41:03+00:00","twitter_card":"summary_large_image","schema":{"@context":"https:\/\/schema.org","@graph":[{"@type":"WebPage","@id":"https:\/\/amazing-pasteur.212-53-165-88.plesk.page\/de\/neuigkeiten\/","url":"https:\/\/amazing-pasteur.212-53-165-88.plesk.page\/de\/neuigkeiten\/","name":"Neuigkeiten | SCHMIDT + HAENSCH","isPartOf":{"@id":"https:\/\/amazing-pasteur.212-53-165-88.plesk.page\/de\/#website"},"datePublished":"2021-09-29T11:19:48+00:00","dateModified":"2026-01-30T12:41:03+00:00","description":"SCHMIDT + HAENSCH ist spezialisiert auf die Entwicklung, Produktion und den Vertrieb von Laborger\u00e4ten. Eine weitere Kompetenz ...","breadcrumb":{"@id":"https:\/\/amazing-pasteur.212-53-165-88.plesk.page\/de\/neuigkeiten\/#breadcrumb"},"inLanguage":"de","potentialAction":[{"@type":"ReadAction","target":["https:\/\/amazing-pasteur.212-53-165-88.plesk.page\/de\/neuigkeiten\/"]}]},{"@type":"BreadcrumbList","@id":"https:\/\/amazing-pasteur.212-53-165-88.plesk.page\/de\/neuigkeiten\/#breadcrumb","itemListElement":[{"@type":"ListItem","position":1,"name":"Home","item":"https:\/\/amazing-pasteur.212-53-165-88.plesk.page\/de\/"},{"@type":"ListItem","position":2,"name":"Neuigkeiten"}]},{"@type":"WebSite","@id":"https:\/\/amazing-pasteur.212-53-165-88.plesk.page\/de\/#website","url":"https:\/\/amazing-pasteur.212-53-165-88.plesk.page\/de\/","name":"SCHMIDT + HAENSCH","description":"Hochwertige Laborger\u00e4te, Inline-Prozessrefraktometer und Automatisierungsl\u00f6sungen","publisher":{"@id":"https:\/\/amazing-pasteur.212-53-165-88.plesk.page\/de\/#organization"},"potentialAction":[{"@type":"SearchAction","target":{"@type":"EntryPoint","urlTemplate":"https:\/\/amazing-pasteur.212-53-165-88.plesk.page\/de\/?s={search_term_string}"},"query-input":{"@type":"PropertyValueSpecification","valueRequired":true,"valueName":"search_term_string"}}],"inLanguage":"de"},{"@type":"Organization","@id":"https:\/\/amazing-pasteur.212-53-165-88.plesk.page\/de\/#organization","name":"SCHMIDT + HAENSCH","url":"https:\/\/amazing-pasteur.212-53-165-88.plesk.page\/de\/","logo":{"@type":"ImageObject","inLanguage":"de","@id":"https:\/\/amazing-pasteur.212-53-165-88.plesk.page\/de\/#\/schema\/logo\/image\/","url":"https:\/\/amazing-pasteur.212-53-165-88.plesk.page\/wp-content\/uploads\/2021\/01\/schmidthaensch-logo.svg","contentUrl":"https:\/\/amazing-pasteur.212-53-165-88.plesk.page\/wp-content\/uploads\/2021\/01\/schmidthaensch-logo.svg","width":217,"height":57,"caption":"SCHMIDT + HAENSCH"},"image":{"@id":"https:\/\/amazing-pasteur.212-53-165-88.plesk.page\/de\/#\/schema\/logo\/image\/"}}]}},"_links":{"self":[{"href":"https:\/\/amazing-pasteur.212-53-165-88.plesk.page\/de\/wp-json\/wp\/v2\/pages\/8270","targetHints":{"allow":["GET"]}}],"collection":[{"href":"https:\/\/amazing-pasteur.212-53-165-88.plesk.page\/de\/wp-json\/wp\/v2\/pages"}],"about":[{"href":"https:\/\/amazing-pasteur.212-53-165-88.plesk.page\/de\/wp-json\/wp\/v2\/types\/page"}],"author":[{"embeddable":true,"href":"https:\/\/amazing-pasteur.212-53-165-88.plesk.page\/de\/wp-json\/wp\/v2\/users\/1"}],"replies":[{"embeddable":true,"href":"https:\/\/amazing-pasteur.212-53-165-88.plesk.page\/de\/wp-json\/wp\/v2\/comments?post=8270"}],"version-history":[{"count":0,"href":"https:\/\/amazing-pasteur.212-53-165-88.plesk.page\/de\/wp-json\/wp\/v2\/pages\/8270\/revisions"}],"wp:attachment":[{"href":"https:\/\/amazing-pasteur.212-53-165-88.plesk.page\/de\/wp-json\/wp\/v2\/media?parent=8270"}],"curies":[{"name":"wp","href":"https:\/\/api.w.org\/{rel}","templated":true}]}}