{"id":35169,"date":"2023-01-01T11:04:49","date_gmt":"2023-01-01T11:04:49","guid":{"rendered":"https:\/\/schmidt-haensch.com\/?post_type=product&#038;p=35169"},"modified":"2025-12-04T08:56:26","modified_gmt":"2025-12-04T08:56:26","slug":"ipr-b4","status":"publish","type":"product","link":"https:\/\/amazing-pasteur.212-53-165-88.plesk.page\/de\/produkt\/ipr-b4\/","title":{"rendered":"iPR B4"},"content":{"rendered":"","protected":false},"excerpt":{"rendered":"","protected":false},"featured_media":35205,"template":"","meta":{"spc_primary_product_brand":-1,"spc_primary_product_cat":-1},"product_brand":[],"product_cat":[538],"product_tag":[418,464,499,428,475,480,448,1480,451,458,444,476,497,465,437,447,438,483,489,500,503,528,529,511],"class_list":{"0":"post-35169","1":"product","2":"type-product","3":"status-publish","4":"has-post-thumbnail","6":"product_cat-in-line-prozessrefraktometer-und-sensoren","7":"product_tag-adblue-def-konzetration","8":"product_tag-konzentration-von-anorganischem-salz","9":"product_tag-brechungsindex-ri","10":"product_tag-brix-grad-brix-bx","11":"product_tag-fluessigkeits-identifizierung","12":"product_tag-charakterisierung-von-melasse-und-biomassematerial","13":"product_tag-desinfektionsmittel-kontrolle-fuer-hygiene-verpackungen","14":"product_tag-echtzeit-ueberwachung-der-festphasen-peptidsynthese","15":"product_tag-emulsionen-fuer-cremes-und-lotionen","16":"product_tag-fruchtsaefte-und-limonaden","17":"product_tag-grad-plato-plato","18":"product_tag-nmp-messung","19":"product_tag-identifizierung-von-rohstoffen","20":"product_tag-interface-erkennung","21":"product_tag-konzentrate-und-verduennung-von-erfrischungsgetranken","22":"product_tag-konzentration-des-reinigungsmittels","23":"product_tag-konzentrationsmessung","24":"product_tag-oechsle-messung","25":"product_tag-organische-loesungsmittel-konzentrationsmessung","26":"product_tag-refraktometrische-trockensubstanz-rds","27":"product_tag-salzgehaltsmesssung-und-entsalzung","28":"product_tag-reifegrad-von-trauben-fuer-die-weinherstellung","29":"product_tag-wischflussigkeiten-messen","30":"product_tag-zuckermessung","32":"first","33":"instock","34":"sold-individually","35":"shipping-taxable","36":"product-type-simple"},"yoast_head":"<!-- This site is optimized with the Yoast SEO plugin v27.1.1 - https:\/\/yoast.com\/product\/yoast-seo-wordpress\/ -->\n<title>iPR B4 SCHMIDT + HAENSCH<\/title>\n<meta name=\"description\" content=\"Der iPR B4 verf\u00fcgt \u00fcber einen Messbereich von bis zu 90% Brix (Brechungsindex 1,5200). Es ist f\u00fcr fast alle Anwendungen in der Zucker-, Pharma- und Chemieindustrie geeignet.\" \/>\n<meta name=\"robots\" content=\"noindex, follow, max-snippet:-1, max-image-preview:large, max-video-preview:-1\" \/>\n<meta property=\"og:locale\" content=\"de_DE\" \/>\n<meta property=\"og:type\" content=\"article\" \/>\n<meta property=\"og:title\" content=\"iPR B4 SCHMIDT + HAENSCH\" \/>\n<meta property=\"og:description\" content=\"Der iPR B4 verf\u00fcgt \u00fcber einen Messbereich von bis zu 90% Brix (Brechungsindex 1,5200). Es ist f\u00fcr fast alle Anwendungen in der Zucker-, Pharma- und Chemieindustrie geeignet.\" \/>\n<meta property=\"og:url\" content=\"https:\/\/amazing-pasteur.212-53-165-88.plesk.page\/de\/produkt\/ipr-b4\/\" \/>\n<meta property=\"og:site_name\" content=\"SCHMIDT + HAENSCH\" \/>\n<meta property=\"article:modified_time\" content=\"2025-12-04T08:56:26+00:00\" \/>\n<meta property=\"og:image\" content=\"https:\/\/amazing-pasteur.212-53-165-88.plesk.page\/wp-content\/uploads\/2023\/01\/iPR-B4_web.png\" \/>\n\t<meta property=\"og:image:width\" content=\"662\" \/>\n\t<meta property=\"og:image:height\" content=\"488\" \/>\n\t<meta property=\"og:image:type\" content=\"image\/png\" \/>\n<meta name=\"twitter:card\" content=\"summary_large_image\" \/>\n<script type=\"application\/ld+json\" class=\"yoast-schema-graph\">{\"@context\":\"https:\/\/schema.org\",\"@graph\":[{\"@type\":[\"WebPage\",\"ItemPage\"],\"@id\":\"https:\/\/amazing-pasteur.212-53-165-88.plesk.page\/de\/produkt\/ipr-b4\/\",\"url\":\"https:\/\/amazing-pasteur.212-53-165-88.plesk.page\/de\/produkt\/ipr-b4\/\",\"name\":\"iPR B4 SCHMIDT + HAENSCH\",\"isPartOf\":{\"@id\":\"https:\/\/amazing-pasteur.212-53-165-88.plesk.page\/de\/#website\"},\"primaryImageOfPage\":{\"@id\":\"https:\/\/amazing-pasteur.212-53-165-88.plesk.page\/de\/produkt\/ipr-b4\/#primaryimage\"},\"image\":{\"@id\":\"https:\/\/amazing-pasteur.212-53-165-88.plesk.page\/de\/produkt\/ipr-b4\/#primaryimage\"},\"thumbnailUrl\":\"https:\/\/amazing-pasteur.212-53-165-88.plesk.page\/wp-content\/uploads\/2023\/01\/iPR-B4_web.png\",\"datePublished\":\"2023-01-01T11:04:49+00:00\",\"dateModified\":\"2025-12-04T08:56:26+00:00\",\"description\":\"Der iPR B4 verf\u00fcgt \u00fcber einen Messbereich von bis zu 90% Brix (Brechungsindex 1,5200). Es ist f\u00fcr fast alle Anwendungen in der Zucker-, Pharma- und Chemieindustrie geeignet.\",\"breadcrumb\":{\"@id\":\"https:\/\/amazing-pasteur.212-53-165-88.plesk.page\/de\/produkt\/ipr-b4\/#breadcrumb\"},\"inLanguage\":\"de\",\"potentialAction\":[{\"@type\":\"ReadAction\",\"target\":[\"https:\/\/amazing-pasteur.212-53-165-88.plesk.page\/de\/produkt\/ipr-b4\/\"]}]},{\"@type\":\"ImageObject\",\"inLanguage\":\"de\",\"@id\":\"https:\/\/amazing-pasteur.212-53-165-88.plesk.page\/de\/produkt\/ipr-b4\/#primaryimage\",\"url\":\"https:\/\/amazing-pasteur.212-53-165-88.plesk.page\/wp-content\/uploads\/2023\/01\/iPR-B4_web.png\",\"contentUrl\":\"https:\/\/amazing-pasteur.212-53-165-88.plesk.page\/wp-content\/uploads\/2023\/01\/iPR-B4_web.png\",\"width\":662,\"height\":488},{\"@type\":\"BreadcrumbList\",\"@id\":\"https:\/\/amazing-pasteur.212-53-165-88.plesk.page\/de\/produkt\/ipr-b4\/#breadcrumb\",\"itemListElement\":[{\"@type\":\"ListItem\",\"position\":1,\"name\":\"Home\",\"item\":\"https:\/\/amazing-pasteur.212-53-165-88.plesk.page\/de\/\"},{\"@type\":\"ListItem\",\"position\":2,\"name\":\"Shop\",\"item\":\"https:\/\/amazing-pasteur.212-53-165-88.plesk.page\/de\/?page_id=7480\"},{\"@type\":\"ListItem\",\"position\":3,\"name\":\"iPR B4\"}]},{\"@type\":\"WebSite\",\"@id\":\"https:\/\/amazing-pasteur.212-53-165-88.plesk.page\/de\/#website\",\"url\":\"https:\/\/amazing-pasteur.212-53-165-88.plesk.page\/de\/\",\"name\":\"SCHMIDT + HAENSCH\",\"description\":\"Hochwertige Laborger\u00e4te, Inline-Prozessrefraktometer und Automatisierungsl\u00f6sungen\",\"publisher\":{\"@id\":\"https:\/\/amazing-pasteur.212-53-165-88.plesk.page\/de\/#organization\"},\"potentialAction\":[{\"@type\":\"SearchAction\",\"target\":{\"@type\":\"EntryPoint\",\"urlTemplate\":\"https:\/\/amazing-pasteur.212-53-165-88.plesk.page\/de\/?s={search_term_string}\"},\"query-input\":{\"@type\":\"PropertyValueSpecification\",\"valueRequired\":true,\"valueName\":\"search_term_string\"}}],\"inLanguage\":\"de\"},{\"@type\":\"Organization\",\"@id\":\"https:\/\/amazing-pasteur.212-53-165-88.plesk.page\/de\/#organization\",\"name\":\"SCHMIDT + HAENSCH\",\"url\":\"https:\/\/amazing-pasteur.212-53-165-88.plesk.page\/de\/\",\"logo\":{\"@type\":\"ImageObject\",\"inLanguage\":\"de\",\"@id\":\"https:\/\/amazing-pasteur.212-53-165-88.plesk.page\/de\/#\/schema\/logo\/image\/\",\"url\":\"https:\/\/amazing-pasteur.212-53-165-88.plesk.page\/wp-content\/uploads\/2021\/01\/schmidthaensch-logo.svg\",\"contentUrl\":\"https:\/\/amazing-pasteur.212-53-165-88.plesk.page\/wp-content\/uploads\/2021\/01\/schmidthaensch-logo.svg\",\"width\":217,\"height\":57,\"caption\":\"SCHMIDT + HAENSCH\"},\"image\":{\"@id\":\"https:\/\/amazing-pasteur.212-53-165-88.plesk.page\/de\/#\/schema\/logo\/image\/\"}}]}<\/script>\n<!-- \/ Yoast SEO plugin. -->","yoast_head_json":{"title":"iPR B4 SCHMIDT + HAENSCH","description":"Der iPR B4 verf\u00fcgt \u00fcber einen Messbereich von bis zu 90% Brix (Brechungsindex 1,5200). Es ist f\u00fcr fast alle Anwendungen in der Zucker-, Pharma- und Chemieindustrie geeignet.","robots":{"index":"noindex","follow":"follow","max-snippet":"max-snippet:-1","max-image-preview":"max-image-preview:large","max-video-preview":"max-video-preview:-1"},"og_locale":"de_DE","og_type":"article","og_title":"iPR B4 SCHMIDT + HAENSCH","og_description":"Der iPR B4 verf\u00fcgt \u00fcber einen Messbereich von bis zu 90% Brix (Brechungsindex 1,5200). Es ist f\u00fcr fast alle Anwendungen in der Zucker-, Pharma- und Chemieindustrie geeignet.","og_url":"https:\/\/amazing-pasteur.212-53-165-88.plesk.page\/de\/produkt\/ipr-b4\/","og_site_name":"SCHMIDT + HAENSCH","article_modified_time":"2025-12-04T08:56:26+00:00","og_image":[{"width":662,"height":488,"url":"https:\/\/amazing-pasteur.212-53-165-88.plesk.page\/wp-content\/uploads\/2023\/01\/iPR-B4_web.png","type":"image\/png"}],"twitter_card":"summary_large_image","schema":{"@context":"https:\/\/schema.org","@graph":[{"@type":["WebPage","ItemPage"],"@id":"https:\/\/amazing-pasteur.212-53-165-88.plesk.page\/de\/produkt\/ipr-b4\/","url":"https:\/\/amazing-pasteur.212-53-165-88.plesk.page\/de\/produkt\/ipr-b4\/","name":"iPR B4 SCHMIDT + HAENSCH","isPartOf":{"@id":"https:\/\/amazing-pasteur.212-53-165-88.plesk.page\/de\/#website"},"primaryImageOfPage":{"@id":"https:\/\/amazing-pasteur.212-53-165-88.plesk.page\/de\/produkt\/ipr-b4\/#primaryimage"},"image":{"@id":"https:\/\/amazing-pasteur.212-53-165-88.plesk.page\/de\/produkt\/ipr-b4\/#primaryimage"},"thumbnailUrl":"https:\/\/amazing-pasteur.212-53-165-88.plesk.page\/wp-content\/uploads\/2023\/01\/iPR-B4_web.png","datePublished":"2023-01-01T11:04:49+00:00","dateModified":"2025-12-04T08:56:26+00:00","description":"Der iPR B4 verf\u00fcgt \u00fcber einen Messbereich von bis zu 90% Brix (Brechungsindex 1,5200). Es ist f\u00fcr fast alle Anwendungen in der Zucker-, Pharma- und Chemieindustrie geeignet.","breadcrumb":{"@id":"https:\/\/amazing-pasteur.212-53-165-88.plesk.page\/de\/produkt\/ipr-b4\/#breadcrumb"},"inLanguage":"de","potentialAction":[{"@type":"ReadAction","target":["https:\/\/amazing-pasteur.212-53-165-88.plesk.page\/de\/produkt\/ipr-b4\/"]}]},{"@type":"ImageObject","inLanguage":"de","@id":"https:\/\/amazing-pasteur.212-53-165-88.plesk.page\/de\/produkt\/ipr-b4\/#primaryimage","url":"https:\/\/amazing-pasteur.212-53-165-88.plesk.page\/wp-content\/uploads\/2023\/01\/iPR-B4_web.png","contentUrl":"https:\/\/amazing-pasteur.212-53-165-88.plesk.page\/wp-content\/uploads\/2023\/01\/iPR-B4_web.png","width":662,"height":488},{"@type":"BreadcrumbList","@id":"https:\/\/amazing-pasteur.212-53-165-88.plesk.page\/de\/produkt\/ipr-b4\/#breadcrumb","itemListElement":[{"@type":"ListItem","position":1,"name":"Home","item":"https:\/\/amazing-pasteur.212-53-165-88.plesk.page\/de\/"},{"@type":"ListItem","position":2,"name":"Shop","item":"https:\/\/amazing-pasteur.212-53-165-88.plesk.page\/de\/?page_id=7480"},{"@type":"ListItem","position":3,"name":"iPR B4"}]},{"@type":"WebSite","@id":"https:\/\/amazing-pasteur.212-53-165-88.plesk.page\/de\/#website","url":"https:\/\/amazing-pasteur.212-53-165-88.plesk.page\/de\/","name":"SCHMIDT + HAENSCH","description":"Hochwertige Laborger\u00e4te, Inline-Prozessrefraktometer und Automatisierungsl\u00f6sungen","publisher":{"@id":"https:\/\/amazing-pasteur.212-53-165-88.plesk.page\/de\/#organization"},"potentialAction":[{"@type":"SearchAction","target":{"@type":"EntryPoint","urlTemplate":"https:\/\/amazing-pasteur.212-53-165-88.plesk.page\/de\/?s={search_term_string}"},"query-input":{"@type":"PropertyValueSpecification","valueRequired":true,"valueName":"search_term_string"}}],"inLanguage":"de"},{"@type":"Organization","@id":"https:\/\/amazing-pasteur.212-53-165-88.plesk.page\/de\/#organization","name":"SCHMIDT + HAENSCH","url":"https:\/\/amazing-pasteur.212-53-165-88.plesk.page\/de\/","logo":{"@type":"ImageObject","inLanguage":"de","@id":"https:\/\/amazing-pasteur.212-53-165-88.plesk.page\/de\/#\/schema\/logo\/image\/","url":"https:\/\/amazing-pasteur.212-53-165-88.plesk.page\/wp-content\/uploads\/2021\/01\/schmidthaensch-logo.svg","contentUrl":"https:\/\/amazing-pasteur.212-53-165-88.plesk.page\/wp-content\/uploads\/2021\/01\/schmidthaensch-logo.svg","width":217,"height":57,"caption":"SCHMIDT + HAENSCH"},"image":{"@id":"https:\/\/amazing-pasteur.212-53-165-88.plesk.page\/de\/#\/schema\/logo\/image\/"}}]}},"_links":{"self":[{"href":"https:\/\/amazing-pasteur.212-53-165-88.plesk.page\/de\/wp-json\/wp\/v2\/product\/35169","targetHints":{"allow":["GET"]}}],"collection":[{"href":"https:\/\/amazing-pasteur.212-53-165-88.plesk.page\/de\/wp-json\/wp\/v2\/product"}],"about":[{"href":"https:\/\/amazing-pasteur.212-53-165-88.plesk.page\/de\/wp-json\/wp\/v2\/types\/product"}],"version-history":[{"count":0,"href":"https:\/\/amazing-pasteur.212-53-165-88.plesk.page\/de\/wp-json\/wp\/v2\/product\/35169\/revisions"}],"wp:featuredmedia":[{"embeddable":true,"href":"https:\/\/amazing-pasteur.212-53-165-88.plesk.page\/de\/wp-json\/wp\/v2\/media\/35205"}],"wp:attachment":[{"href":"https:\/\/amazing-pasteur.212-53-165-88.plesk.page\/de\/wp-json\/wp\/v2\/media?parent=35169"}],"wp:term":[{"taxonomy":"product_brand","embeddable":true,"href":"https:\/\/amazing-pasteur.212-53-165-88.plesk.page\/de\/wp-json\/wp\/v2\/product_brand?post=35169"},{"taxonomy":"product_cat","embeddable":true,"href":"https:\/\/amazing-pasteur.212-53-165-88.plesk.page\/de\/wp-json\/wp\/v2\/product_cat?post=35169"},{"taxonomy":"product_tag","embeddable":true,"href":"https:\/\/amazing-pasteur.212-53-165-88.plesk.page\/de\/wp-json\/wp\/v2\/product_tag?post=35169"}],"curies":[{"name":"wp","href":"https:\/\/api.w.org\/{rel}","templated":true}]}}