{"id":9097,"date":"2021-07-08T11:46:30","date_gmt":"2021-07-08T11:46:30","guid":{"rendered":"https:\/\/schmidt-haensch.pwdev.de\/index.php\/product\/zertifiziertes-referenzmaterial-fur-dichtemessgerate\/"},"modified":"2025-09-02T08:41:19","modified_gmt":"2025-09-02T08:41:19","slug":"zertifiziertes-referenzmaterial-fur-dichtemessgerate","status":"publish","type":"product","link":"https:\/\/amazing-pasteur.212-53-165-88.plesk.page\/de\/produkt\/zertifiziertes-referenzmaterial-fur-dichtemessgerate\/","title":{"rendered":"Zertifiziertes Referenzmaterial f\u00fcr Dichtemessger\u00e4te"},"content":{"rendered":"","protected":false},"excerpt":{"rendered":"","protected":false},"featured_media":9098,"template":"","meta":{"spc_primary_product_brand":-1,"spc_primary_product_cat":-1},"product_brand":[],"product_cat":[532,544,591,543,531],"product_tag":[],"class_list":{"0":"post-9097","1":"product","2":"type-product","3":"status-publish","4":"has-post-thumbnail","6":"product_cat-dichtemesser-zubehor","7":"product_cat-dichtemessgerat","8":"product_cat-laboratory-accessories","9":"product_cat-laborinstrumente","10":"product_cat-zubehor","12":"first","13":"instock","14":"shipping-taxable","15":"product-type-simple"},"yoast_head":"<!-- This site is optimized with the Yoast SEO plugin v27.1.1 - https:\/\/yoast.com\/product\/yoast-seo-wordpress\/ -->\n<title>Zertifiziertes Referenzmaterial f\u00fcr Dichtemessger\u00e4te<\/title>\n<meta name=\"description\" content=\"Zertifiziertes Referenzmaterial f\u00fcr Dichtemessger\u00e4te Normen und Referenzwerte f\u00fcr Dichtemessger\u00e4te Ma\u00dfgeschneidertes ...\" \/>\n<meta name=\"robots\" content=\"noindex, follow, max-snippet:-1, max-image-preview:large, max-video-preview:-1\" \/>\n<meta property=\"og:locale\" content=\"de_DE\" \/>\n<meta property=\"og:type\" content=\"article\" \/>\n<meta property=\"og:title\" content=\"Zertifiziertes Referenzmaterial f\u00fcr Dichtemessger\u00e4te\" \/>\n<meta property=\"og:description\" content=\"Zertifiziertes Referenzmaterial f\u00fcr Dichtemessger\u00e4te Normen und Referenzwerte f\u00fcr Dichtemessger\u00e4te Ma\u00dfgeschneidertes ...\" \/>\n<meta property=\"og:url\" content=\"https:\/\/amazing-pasteur.212-53-165-88.plesk.page\/de\/produkt\/zertifiziertes-referenzmaterial-fur-dichtemessgerate\/\" \/>\n<meta property=\"og:site_name\" content=\"SCHMIDT + HAENSCH\" \/>\n<meta property=\"article:modified_time\" content=\"2025-09-02T08:41:19+00:00\" \/>\n<meta property=\"og:image\" content=\"https:\/\/amazing-pasteur.212-53-165-88.plesk.page\/wp-content\/uploads\/2021\/07\/CRM_Reference_Material-scaled.png\" \/>\n\t<meta property=\"og:image:width\" content=\"2560\" \/>\n\t<meta property=\"og:image:height\" content=\"1920\" \/>\n\t<meta property=\"og:image:type\" content=\"image\/png\" \/>\n<meta name=\"twitter:card\" content=\"summary_large_image\" \/>\n<script type=\"application\/ld+json\" class=\"yoast-schema-graph\">{\"@context\":\"https:\/\/schema.org\",\"@graph\":[{\"@type\":[\"WebPage\",\"ItemPage\"],\"@id\":\"https:\/\/amazing-pasteur.212-53-165-88.plesk.page\/de\/produkt\/zertifiziertes-referenzmaterial-fur-dichtemessgerate\/\",\"url\":\"https:\/\/amazing-pasteur.212-53-165-88.plesk.page\/de\/produkt\/zertifiziertes-referenzmaterial-fur-dichtemessgerate\/\",\"name\":\"Zertifiziertes Referenzmaterial f\u00fcr Dichtemessger\u00e4te\",\"isPartOf\":{\"@id\":\"https:\/\/amazing-pasteur.212-53-165-88.plesk.page\/de\/#website\"},\"primaryImageOfPage\":{\"@id\":\"https:\/\/amazing-pasteur.212-53-165-88.plesk.page\/de\/produkt\/zertifiziertes-referenzmaterial-fur-dichtemessgerate\/#primaryimage\"},\"image\":{\"@id\":\"https:\/\/amazing-pasteur.212-53-165-88.plesk.page\/de\/produkt\/zertifiziertes-referenzmaterial-fur-dichtemessgerate\/#primaryimage\"},\"thumbnailUrl\":\"https:\/\/amazing-pasteur.212-53-165-88.plesk.page\/wp-content\/uploads\/2021\/07\/CRM_Reference_Material-scaled.png\",\"datePublished\":\"2021-07-08T11:46:30+00:00\",\"dateModified\":\"2025-09-02T08:41:19+00:00\",\"description\":\"Zertifiziertes Referenzmaterial f\u00fcr Dichtemessger\u00e4te Normen und Referenzwerte f\u00fcr Dichtemessger\u00e4te Ma\u00dfgeschneidertes ...\",\"breadcrumb\":{\"@id\":\"https:\/\/amazing-pasteur.212-53-165-88.plesk.page\/de\/produkt\/zertifiziertes-referenzmaterial-fur-dichtemessgerate\/#breadcrumb\"},\"inLanguage\":\"de\",\"potentialAction\":[{\"@type\":\"ReadAction\",\"target\":[\"https:\/\/amazing-pasteur.212-53-165-88.plesk.page\/de\/produkt\/zertifiziertes-referenzmaterial-fur-dichtemessgerate\/\"]}]},{\"@type\":\"ImageObject\",\"inLanguage\":\"de\",\"@id\":\"https:\/\/amazing-pasteur.212-53-165-88.plesk.page\/de\/produkt\/zertifiziertes-referenzmaterial-fur-dichtemessgerate\/#primaryimage\",\"url\":\"https:\/\/amazing-pasteur.212-53-165-88.plesk.page\/wp-content\/uploads\/2021\/07\/CRM_Reference_Material-scaled.png\",\"contentUrl\":\"https:\/\/amazing-pasteur.212-53-165-88.plesk.page\/wp-content\/uploads\/2021\/07\/CRM_Reference_Material-scaled.png\",\"width\":2560,\"height\":1920},{\"@type\":\"BreadcrumbList\",\"@id\":\"https:\/\/amazing-pasteur.212-53-165-88.plesk.page\/de\/produkt\/zertifiziertes-referenzmaterial-fur-dichtemessgerate\/#breadcrumb\",\"itemListElement\":[{\"@type\":\"ListItem\",\"position\":1,\"name\":\"Home\",\"item\":\"https:\/\/amazing-pasteur.212-53-165-88.plesk.page\/de\/\"},{\"@type\":\"ListItem\",\"position\":2,\"name\":\"Shop\",\"item\":\"https:\/\/amazing-pasteur.212-53-165-88.plesk.page\/de\/?page_id=7480\"},{\"@type\":\"ListItem\",\"position\":3,\"name\":\"Zertifiziertes Referenzmaterial f\u00fcr Dichtemessger\u00e4te\"}]},{\"@type\":\"WebSite\",\"@id\":\"https:\/\/amazing-pasteur.212-53-165-88.plesk.page\/de\/#website\",\"url\":\"https:\/\/amazing-pasteur.212-53-165-88.plesk.page\/de\/\",\"name\":\"SCHMIDT + HAENSCH\",\"description\":\"Hochwertige Laborger\u00e4te, Inline-Prozessrefraktometer und Automatisierungsl\u00f6sungen\",\"publisher\":{\"@id\":\"https:\/\/amazing-pasteur.212-53-165-88.plesk.page\/de\/#organization\"},\"potentialAction\":[{\"@type\":\"SearchAction\",\"target\":{\"@type\":\"EntryPoint\",\"urlTemplate\":\"https:\/\/amazing-pasteur.212-53-165-88.plesk.page\/de\/?s={search_term_string}\"},\"query-input\":{\"@type\":\"PropertyValueSpecification\",\"valueRequired\":true,\"valueName\":\"search_term_string\"}}],\"inLanguage\":\"de\"},{\"@type\":\"Organization\",\"@id\":\"https:\/\/amazing-pasteur.212-53-165-88.plesk.page\/de\/#organization\",\"name\":\"SCHMIDT + HAENSCH\",\"url\":\"https:\/\/amazing-pasteur.212-53-165-88.plesk.page\/de\/\",\"logo\":{\"@type\":\"ImageObject\",\"inLanguage\":\"de\",\"@id\":\"https:\/\/amazing-pasteur.212-53-165-88.plesk.page\/de\/#\/schema\/logo\/image\/\",\"url\":\"https:\/\/amazing-pasteur.212-53-165-88.plesk.page\/wp-content\/uploads\/2021\/01\/schmidthaensch-logo.svg\",\"contentUrl\":\"https:\/\/amazing-pasteur.212-53-165-88.plesk.page\/wp-content\/uploads\/2021\/01\/schmidthaensch-logo.svg\",\"width\":217,\"height\":57,\"caption\":\"SCHMIDT + HAENSCH\"},\"image\":{\"@id\":\"https:\/\/amazing-pasteur.212-53-165-88.plesk.page\/de\/#\/schema\/logo\/image\/\"}}]}<\/script>\n<!-- \/ Yoast SEO plugin. -->","yoast_head_json":{"title":"Zertifiziertes Referenzmaterial f\u00fcr Dichtemessger\u00e4te","description":"Zertifiziertes Referenzmaterial f\u00fcr Dichtemessger\u00e4te Normen und Referenzwerte f\u00fcr Dichtemessger\u00e4te Ma\u00dfgeschneidertes ...","robots":{"index":"noindex","follow":"follow","max-snippet":"max-snippet:-1","max-image-preview":"max-image-preview:large","max-video-preview":"max-video-preview:-1"},"og_locale":"de_DE","og_type":"article","og_title":"Zertifiziertes Referenzmaterial f\u00fcr Dichtemessger\u00e4te","og_description":"Zertifiziertes Referenzmaterial f\u00fcr Dichtemessger\u00e4te Normen und Referenzwerte f\u00fcr Dichtemessger\u00e4te Ma\u00dfgeschneidertes ...","og_url":"https:\/\/amazing-pasteur.212-53-165-88.plesk.page\/de\/produkt\/zertifiziertes-referenzmaterial-fur-dichtemessgerate\/","og_site_name":"SCHMIDT + HAENSCH","article_modified_time":"2025-09-02T08:41:19+00:00","og_image":[{"width":2560,"height":1920,"url":"https:\/\/amazing-pasteur.212-53-165-88.plesk.page\/wp-content\/uploads\/2021\/07\/CRM_Reference_Material-scaled.png","type":"image\/png"}],"twitter_card":"summary_large_image","schema":{"@context":"https:\/\/schema.org","@graph":[{"@type":["WebPage","ItemPage"],"@id":"https:\/\/amazing-pasteur.212-53-165-88.plesk.page\/de\/produkt\/zertifiziertes-referenzmaterial-fur-dichtemessgerate\/","url":"https:\/\/amazing-pasteur.212-53-165-88.plesk.page\/de\/produkt\/zertifiziertes-referenzmaterial-fur-dichtemessgerate\/","name":"Zertifiziertes Referenzmaterial f\u00fcr Dichtemessger\u00e4te","isPartOf":{"@id":"https:\/\/amazing-pasteur.212-53-165-88.plesk.page\/de\/#website"},"primaryImageOfPage":{"@id":"https:\/\/amazing-pasteur.212-53-165-88.plesk.page\/de\/produkt\/zertifiziertes-referenzmaterial-fur-dichtemessgerate\/#primaryimage"},"image":{"@id":"https:\/\/amazing-pasteur.212-53-165-88.plesk.page\/de\/produkt\/zertifiziertes-referenzmaterial-fur-dichtemessgerate\/#primaryimage"},"thumbnailUrl":"https:\/\/amazing-pasteur.212-53-165-88.plesk.page\/wp-content\/uploads\/2021\/07\/CRM_Reference_Material-scaled.png","datePublished":"2021-07-08T11:46:30+00:00","dateModified":"2025-09-02T08:41:19+00:00","description":"Zertifiziertes Referenzmaterial f\u00fcr Dichtemessger\u00e4te Normen und Referenzwerte f\u00fcr Dichtemessger\u00e4te Ma\u00dfgeschneidertes ...","breadcrumb":{"@id":"https:\/\/amazing-pasteur.212-53-165-88.plesk.page\/de\/produkt\/zertifiziertes-referenzmaterial-fur-dichtemessgerate\/#breadcrumb"},"inLanguage":"de","potentialAction":[{"@type":"ReadAction","target":["https:\/\/amazing-pasteur.212-53-165-88.plesk.page\/de\/produkt\/zertifiziertes-referenzmaterial-fur-dichtemessgerate\/"]}]},{"@type":"ImageObject","inLanguage":"de","@id":"https:\/\/amazing-pasteur.212-53-165-88.plesk.page\/de\/produkt\/zertifiziertes-referenzmaterial-fur-dichtemessgerate\/#primaryimage","url":"https:\/\/amazing-pasteur.212-53-165-88.plesk.page\/wp-content\/uploads\/2021\/07\/CRM_Reference_Material-scaled.png","contentUrl":"https:\/\/amazing-pasteur.212-53-165-88.plesk.page\/wp-content\/uploads\/2021\/07\/CRM_Reference_Material-scaled.png","width":2560,"height":1920},{"@type":"BreadcrumbList","@id":"https:\/\/amazing-pasteur.212-53-165-88.plesk.page\/de\/produkt\/zertifiziertes-referenzmaterial-fur-dichtemessgerate\/#breadcrumb","itemListElement":[{"@type":"ListItem","position":1,"name":"Home","item":"https:\/\/amazing-pasteur.212-53-165-88.plesk.page\/de\/"},{"@type":"ListItem","position":2,"name":"Shop","item":"https:\/\/amazing-pasteur.212-53-165-88.plesk.page\/de\/?page_id=7480"},{"@type":"ListItem","position":3,"name":"Zertifiziertes Referenzmaterial f\u00fcr Dichtemessger\u00e4te"}]},{"@type":"WebSite","@id":"https:\/\/amazing-pasteur.212-53-165-88.plesk.page\/de\/#website","url":"https:\/\/amazing-pasteur.212-53-165-88.plesk.page\/de\/","name":"SCHMIDT + HAENSCH","description":"Hochwertige Laborger\u00e4te, Inline-Prozessrefraktometer und Automatisierungsl\u00f6sungen","publisher":{"@id":"https:\/\/amazing-pasteur.212-53-165-88.plesk.page\/de\/#organization"},"potentialAction":[{"@type":"SearchAction","target":{"@type":"EntryPoint","urlTemplate":"https:\/\/amazing-pasteur.212-53-165-88.plesk.page\/de\/?s={search_term_string}"},"query-input":{"@type":"PropertyValueSpecification","valueRequired":true,"valueName":"search_term_string"}}],"inLanguage":"de"},{"@type":"Organization","@id":"https:\/\/amazing-pasteur.212-53-165-88.plesk.page\/de\/#organization","name":"SCHMIDT + HAENSCH","url":"https:\/\/amazing-pasteur.212-53-165-88.plesk.page\/de\/","logo":{"@type":"ImageObject","inLanguage":"de","@id":"https:\/\/amazing-pasteur.212-53-165-88.plesk.page\/de\/#\/schema\/logo\/image\/","url":"https:\/\/amazing-pasteur.212-53-165-88.plesk.page\/wp-content\/uploads\/2021\/01\/schmidthaensch-logo.svg","contentUrl":"https:\/\/amazing-pasteur.212-53-165-88.plesk.page\/wp-content\/uploads\/2021\/01\/schmidthaensch-logo.svg","width":217,"height":57,"caption":"SCHMIDT + HAENSCH"},"image":{"@id":"https:\/\/amazing-pasteur.212-53-165-88.plesk.page\/de\/#\/schema\/logo\/image\/"}}]}},"_links":{"self":[{"href":"https:\/\/amazing-pasteur.212-53-165-88.plesk.page\/de\/wp-json\/wp\/v2\/product\/9097","targetHints":{"allow":["GET"]}}],"collection":[{"href":"https:\/\/amazing-pasteur.212-53-165-88.plesk.page\/de\/wp-json\/wp\/v2\/product"}],"about":[{"href":"https:\/\/amazing-pasteur.212-53-165-88.plesk.page\/de\/wp-json\/wp\/v2\/types\/product"}],"version-history":[{"count":0,"href":"https:\/\/amazing-pasteur.212-53-165-88.plesk.page\/de\/wp-json\/wp\/v2\/product\/9097\/revisions"}],"wp:featuredmedia":[{"embeddable":true,"href":"https:\/\/amazing-pasteur.212-53-165-88.plesk.page\/de\/wp-json\/wp\/v2\/media\/9098"}],"wp:attachment":[{"href":"https:\/\/amazing-pasteur.212-53-165-88.plesk.page\/de\/wp-json\/wp\/v2\/media?parent=9097"}],"wp:term":[{"taxonomy":"product_brand","embeddable":true,"href":"https:\/\/amazing-pasteur.212-53-165-88.plesk.page\/de\/wp-json\/wp\/v2\/product_brand?post=9097"},{"taxonomy":"product_cat","embeddable":true,"href":"https:\/\/amazing-pasteur.212-53-165-88.plesk.page\/de\/wp-json\/wp\/v2\/product_cat?post=9097"},{"taxonomy":"product_tag","embeddable":true,"href":"https:\/\/amazing-pasteur.212-53-165-88.plesk.page\/de\/wp-json\/wp\/v2\/product_tag?post=9097"}],"curies":[{"name":"wp","href":"https:\/\/api.w.org\/{rel}","templated":true}]}}