{"id":9198,"date":"2022-03-10T13:18:19","date_gmt":"2022-03-10T13:18:19","guid":{"rendered":"https:\/\/schmidt-haensch.pwdev.de\/index.php\/product\/varidens-dichtemessgerat\/"},"modified":"2026-02-13T11:09:12","modified_gmt":"2026-02-13T11:09:12","slug":"varidens-dichtemessgerat","status":"publish","type":"product","link":"https:\/\/amazing-pasteur.212-53-165-88.plesk.page\/de\/produkt\/varidens-dichtemessgerat\/","title":{"rendered":"VariDens \u2013 Dichtemessger\u00e4t"},"content":{"rendered":"","protected":false},"excerpt":{"rendered":"","protected":false},"featured_media":9200,"template":"","meta":{"spc_primary_product_brand":-1,"spc_primary_product_cat":543},"product_brand":[],"product_cat":[536,544,543],"product_tag":[419,425,426,474,475,449,446,457,518,490,462,438,454,492,1431,494,501],"class_list":{"0":"post-9198","1":"product","2":"type-product","3":"status-publish","4":"has-post-thumbnail","6":"product_cat-config-de","7":"product_cat-dichtemessgerat","8":"product_cat-laborinstrumente","9":"product_tag-alkoholische-getranke-alkoholmeter","10":"product_tag-bierherstellung-messung-der-konzentration-der-wurze","11":"product_tag-bierherstellung-messung-von-stammwurze-und-alkohol","12":"product_tag-charakterisierung-von-fluessigkeiten","13":"product_tag-fluessigkeits-identifizierung","14":"product_tag-destillation-und-phasentrennung","15":"product_tag-fluessigkeitsdichte-bestimmung","16":"product_tag-duftstoffe-in-kosmetika","17":"product_tag-echte-und-scheinbare-dichte","18":"product_tag-erdoel-rohoelmessung","19":"product_tag-kohlenwasserstoff-flussigkeiten","20":"product_tag-konzentrationsmessung","21":"product_tag-reinheit-von-aetherischen-oelen","22":"product_tag-reinheitskontrolle","23":"product_tag-reinheitskontrolle-bei-der-herstellung-von-puffer-und-zellkulturmedien","24":"product_tag-reinheitskontrolle-von-atherischen-olen-fur-kosmetika","25":"product_tag-relative-oder-spezifische-dichte","27":"first","28":"instock","29":"sold-individually","30":"shipping-taxable","31":"purchasable","32":"product-type-variable"},"yoast_head":"<!-- This site is optimized with the Yoast SEO plugin v27.1.1 - https:\/\/yoast.com\/product\/yoast-seo-wordpress\/ -->\n<title>VariDens \u2013 Dichtemessger\u00e4t | SCHMIDT + HAENSCH<\/title>\n<meta name=\"description\" content=\"Dieses praktische Tisch-Dichtemessger\u00e4t im schlanken Design von SCHMIDT + HAENSCH bietet pr\u00e4zise und zuverl\u00e4ssige Messungen \u2026\" \/>\n<meta name=\"robots\" content=\"noindex, follow, max-snippet:-1, max-image-preview:large, max-video-preview:-1\" \/>\n<meta property=\"og:locale\" content=\"de_DE\" \/>\n<meta property=\"og:type\" content=\"article\" \/>\n<meta property=\"og:title\" content=\"VariDens \u2013 Dichtemessger\u00e4t | SCHMIDT + HAENSCH\" \/>\n<meta property=\"og:description\" content=\"Dieses praktische Tisch-Dichtemessger\u00e4t im schlanken Design von SCHMIDT + HAENSCH bietet pr\u00e4zise und zuverl\u00e4ssige Messungen \u2026\" \/>\n<meta property=\"og:url\" content=\"https:\/\/amazing-pasteur.212-53-165-88.plesk.page\/de\/produkt\/varidens-dichtemessgerat\/\" \/>\n<meta property=\"og:site_name\" content=\"SCHMIDT + HAENSCH\" \/>\n<meta property=\"article:modified_time\" content=\"2026-02-13T11:09:12+00:00\" \/>\n<meta property=\"og:image\" content=\"https:\/\/amazing-pasteur.212-53-165-88.plesk.page\/wp-content\/uploads\/2021\/04\/vari-dichte-fur-AZ-scaled.jpg\" \/>\n\t<meta property=\"og:image:width\" content=\"2560\" \/>\n\t<meta property=\"og:image:height\" content=\"1575\" \/>\n\t<meta property=\"og:image:type\" content=\"image\/jpeg\" \/>\n<meta name=\"twitter:card\" content=\"summary_large_image\" \/>\n<script type=\"application\/ld+json\" class=\"yoast-schema-graph\">{\"@context\":\"https:\/\/schema.org\",\"@graph\":[{\"@type\":[\"WebPage\",\"ItemPage\"],\"@id\":\"https:\/\/amazing-pasteur.212-53-165-88.plesk.page\/de\/produkt\/varidens-dichtemessgerat\/\",\"url\":\"https:\/\/amazing-pasteur.212-53-165-88.plesk.page\/de\/produkt\/varidens-dichtemessgerat\/\",\"name\":\"VariDens \u2013 Dichtemessger\u00e4t | SCHMIDT + HAENSCH\",\"isPartOf\":{\"@id\":\"https:\/\/amazing-pasteur.212-53-165-88.plesk.page\/de\/#website\"},\"primaryImageOfPage\":{\"@id\":\"https:\/\/amazing-pasteur.212-53-165-88.plesk.page\/de\/produkt\/varidens-dichtemessgerat\/#primaryimage\"},\"image\":{\"@id\":\"https:\/\/amazing-pasteur.212-53-165-88.plesk.page\/de\/produkt\/varidens-dichtemessgerat\/#primaryimage\"},\"thumbnailUrl\":\"https:\/\/amazing-pasteur.212-53-165-88.plesk.page\/wp-content\/uploads\/2021\/04\/vari-dichte-fur-AZ-scaled.jpg\",\"datePublished\":\"2022-03-10T13:18:19+00:00\",\"dateModified\":\"2026-02-13T11:09:12+00:00\",\"description\":\"Dieses praktische Tisch-Dichtemessger\u00e4t im schlanken Design von SCHMIDT + HAENSCH bietet pr\u00e4zise und zuverl\u00e4ssige Messungen \u2026\",\"breadcrumb\":{\"@id\":\"https:\/\/amazing-pasteur.212-53-165-88.plesk.page\/de\/produkt\/varidens-dichtemessgerat\/#breadcrumb\"},\"inLanguage\":\"de\",\"potentialAction\":[{\"@type\":\"ReadAction\",\"target\":[\"https:\/\/amazing-pasteur.212-53-165-88.plesk.page\/de\/produkt\/varidens-dichtemessgerat\/\"]}]},{\"@type\":\"ImageObject\",\"inLanguage\":\"de\",\"@id\":\"https:\/\/amazing-pasteur.212-53-165-88.plesk.page\/de\/produkt\/varidens-dichtemessgerat\/#primaryimage\",\"url\":\"https:\/\/amazing-pasteur.212-53-165-88.plesk.page\/wp-content\/uploads\/2021\/04\/vari-dichte-fur-AZ-scaled.jpg\",\"contentUrl\":\"https:\/\/amazing-pasteur.212-53-165-88.plesk.page\/wp-content\/uploads\/2021\/04\/vari-dichte-fur-AZ-scaled.jpg\",\"width\":2560,\"height\":1575,\"caption\":\"Dichtemessger\u00e4t f\u00fcr verschiedene Applikationen von SCHMIDT + HAENSCH\"},{\"@type\":\"BreadcrumbList\",\"@id\":\"https:\/\/amazing-pasteur.212-53-165-88.plesk.page\/de\/produkt\/varidens-dichtemessgerat\/#breadcrumb\",\"itemListElement\":[{\"@type\":\"ListItem\",\"position\":1,\"name\":\"Home\",\"item\":\"https:\/\/amazing-pasteur.212-53-165-88.plesk.page\/de\/\"},{\"@type\":\"ListItem\",\"position\":2,\"name\":\"Shop\",\"item\":\"https:\/\/amazing-pasteur.212-53-165-88.plesk.page\/de\/?page_id=7480\"},{\"@type\":\"ListItem\",\"position\":3,\"name\":\"VariDens \u2013 Dichtemessger\u00e4t\"}]},{\"@type\":\"WebSite\",\"@id\":\"https:\/\/amazing-pasteur.212-53-165-88.plesk.page\/de\/#website\",\"url\":\"https:\/\/amazing-pasteur.212-53-165-88.plesk.page\/de\/\",\"name\":\"SCHMIDT + HAENSCH\",\"description\":\"Hochwertige Laborger\u00e4te, Inline-Prozessrefraktometer und Automatisierungsl\u00f6sungen\",\"publisher\":{\"@id\":\"https:\/\/amazing-pasteur.212-53-165-88.plesk.page\/de\/#organization\"},\"potentialAction\":[{\"@type\":\"SearchAction\",\"target\":{\"@type\":\"EntryPoint\",\"urlTemplate\":\"https:\/\/amazing-pasteur.212-53-165-88.plesk.page\/de\/?s={search_term_string}\"},\"query-input\":{\"@type\":\"PropertyValueSpecification\",\"valueRequired\":true,\"valueName\":\"search_term_string\"}}],\"inLanguage\":\"de\"},{\"@type\":\"Organization\",\"@id\":\"https:\/\/amazing-pasteur.212-53-165-88.plesk.page\/de\/#organization\",\"name\":\"SCHMIDT + HAENSCH\",\"url\":\"https:\/\/amazing-pasteur.212-53-165-88.plesk.page\/de\/\",\"logo\":{\"@type\":\"ImageObject\",\"inLanguage\":\"de\",\"@id\":\"https:\/\/amazing-pasteur.212-53-165-88.plesk.page\/de\/#\/schema\/logo\/image\/\",\"url\":\"https:\/\/amazing-pasteur.212-53-165-88.plesk.page\/wp-content\/uploads\/2021\/01\/schmidthaensch-logo.svg\",\"contentUrl\":\"https:\/\/amazing-pasteur.212-53-165-88.plesk.page\/wp-content\/uploads\/2021\/01\/schmidthaensch-logo.svg\",\"width\":217,\"height\":57,\"caption\":\"SCHMIDT + HAENSCH\"},\"image\":{\"@id\":\"https:\/\/amazing-pasteur.212-53-165-88.plesk.page\/de\/#\/schema\/logo\/image\/\"}}]}<\/script>\n<!-- \/ Yoast SEO plugin. -->","yoast_head_json":{"title":"VariDens \u2013 Dichtemessger\u00e4t | SCHMIDT + HAENSCH","description":"Dieses praktische Tisch-Dichtemessger\u00e4t im schlanken Design von SCHMIDT + HAENSCH bietet pr\u00e4zise und zuverl\u00e4ssige Messungen \u2026","robots":{"index":"noindex","follow":"follow","max-snippet":"max-snippet:-1","max-image-preview":"max-image-preview:large","max-video-preview":"max-video-preview:-1"},"og_locale":"de_DE","og_type":"article","og_title":"VariDens \u2013 Dichtemessger\u00e4t | SCHMIDT + HAENSCH","og_description":"Dieses praktische Tisch-Dichtemessger\u00e4t im schlanken Design von SCHMIDT + HAENSCH bietet pr\u00e4zise und zuverl\u00e4ssige Messungen \u2026","og_url":"https:\/\/amazing-pasteur.212-53-165-88.plesk.page\/de\/produkt\/varidens-dichtemessgerat\/","og_site_name":"SCHMIDT + HAENSCH","article_modified_time":"2026-02-13T11:09:12+00:00","og_image":[{"width":2560,"height":1575,"url":"https:\/\/amazing-pasteur.212-53-165-88.plesk.page\/wp-content\/uploads\/2021\/04\/vari-dichte-fur-AZ-scaled.jpg","type":"image\/jpeg"}],"twitter_card":"summary_large_image","schema":{"@context":"https:\/\/schema.org","@graph":[{"@type":["WebPage","ItemPage"],"@id":"https:\/\/amazing-pasteur.212-53-165-88.plesk.page\/de\/produkt\/varidens-dichtemessgerat\/","url":"https:\/\/amazing-pasteur.212-53-165-88.plesk.page\/de\/produkt\/varidens-dichtemessgerat\/","name":"VariDens \u2013 Dichtemessger\u00e4t | SCHMIDT + HAENSCH","isPartOf":{"@id":"https:\/\/amazing-pasteur.212-53-165-88.plesk.page\/de\/#website"},"primaryImageOfPage":{"@id":"https:\/\/amazing-pasteur.212-53-165-88.plesk.page\/de\/produkt\/varidens-dichtemessgerat\/#primaryimage"},"image":{"@id":"https:\/\/amazing-pasteur.212-53-165-88.plesk.page\/de\/produkt\/varidens-dichtemessgerat\/#primaryimage"},"thumbnailUrl":"https:\/\/amazing-pasteur.212-53-165-88.plesk.page\/wp-content\/uploads\/2021\/04\/vari-dichte-fur-AZ-scaled.jpg","datePublished":"2022-03-10T13:18:19+00:00","dateModified":"2026-02-13T11:09:12+00:00","description":"Dieses praktische Tisch-Dichtemessger\u00e4t im schlanken Design von SCHMIDT + HAENSCH bietet pr\u00e4zise und zuverl\u00e4ssige Messungen \u2026","breadcrumb":{"@id":"https:\/\/amazing-pasteur.212-53-165-88.plesk.page\/de\/produkt\/varidens-dichtemessgerat\/#breadcrumb"},"inLanguage":"de","potentialAction":[{"@type":"ReadAction","target":["https:\/\/amazing-pasteur.212-53-165-88.plesk.page\/de\/produkt\/varidens-dichtemessgerat\/"]}]},{"@type":"ImageObject","inLanguage":"de","@id":"https:\/\/amazing-pasteur.212-53-165-88.plesk.page\/de\/produkt\/varidens-dichtemessgerat\/#primaryimage","url":"https:\/\/amazing-pasteur.212-53-165-88.plesk.page\/wp-content\/uploads\/2021\/04\/vari-dichte-fur-AZ-scaled.jpg","contentUrl":"https:\/\/amazing-pasteur.212-53-165-88.plesk.page\/wp-content\/uploads\/2021\/04\/vari-dichte-fur-AZ-scaled.jpg","width":2560,"height":1575,"caption":"Dichtemessger\u00e4t f\u00fcr verschiedene Applikationen von SCHMIDT + HAENSCH"},{"@type":"BreadcrumbList","@id":"https:\/\/amazing-pasteur.212-53-165-88.plesk.page\/de\/produkt\/varidens-dichtemessgerat\/#breadcrumb","itemListElement":[{"@type":"ListItem","position":1,"name":"Home","item":"https:\/\/amazing-pasteur.212-53-165-88.plesk.page\/de\/"},{"@type":"ListItem","position":2,"name":"Shop","item":"https:\/\/amazing-pasteur.212-53-165-88.plesk.page\/de\/?page_id=7480"},{"@type":"ListItem","position":3,"name":"VariDens \u2013 Dichtemessger\u00e4t"}]},{"@type":"WebSite","@id":"https:\/\/amazing-pasteur.212-53-165-88.plesk.page\/de\/#website","url":"https:\/\/amazing-pasteur.212-53-165-88.plesk.page\/de\/","name":"SCHMIDT + HAENSCH","description":"Hochwertige Laborger\u00e4te, Inline-Prozessrefraktometer und Automatisierungsl\u00f6sungen","publisher":{"@id":"https:\/\/amazing-pasteur.212-53-165-88.plesk.page\/de\/#organization"},"potentialAction":[{"@type":"SearchAction","target":{"@type":"EntryPoint","urlTemplate":"https:\/\/amazing-pasteur.212-53-165-88.plesk.page\/de\/?s={search_term_string}"},"query-input":{"@type":"PropertyValueSpecification","valueRequired":true,"valueName":"search_term_string"}}],"inLanguage":"de"},{"@type":"Organization","@id":"https:\/\/amazing-pasteur.212-53-165-88.plesk.page\/de\/#organization","name":"SCHMIDT + HAENSCH","url":"https:\/\/amazing-pasteur.212-53-165-88.plesk.page\/de\/","logo":{"@type":"ImageObject","inLanguage":"de","@id":"https:\/\/amazing-pasteur.212-53-165-88.plesk.page\/de\/#\/schema\/logo\/image\/","url":"https:\/\/amazing-pasteur.212-53-165-88.plesk.page\/wp-content\/uploads\/2021\/01\/schmidthaensch-logo.svg","contentUrl":"https:\/\/amazing-pasteur.212-53-165-88.plesk.page\/wp-content\/uploads\/2021\/01\/schmidthaensch-logo.svg","width":217,"height":57,"caption":"SCHMIDT + HAENSCH"},"image":{"@id":"https:\/\/amazing-pasteur.212-53-165-88.plesk.page\/de\/#\/schema\/logo\/image\/"}}]}},"_links":{"self":[{"href":"https:\/\/amazing-pasteur.212-53-165-88.plesk.page\/de\/wp-json\/wp\/v2\/product\/9198","targetHints":{"allow":["GET"]}}],"collection":[{"href":"https:\/\/amazing-pasteur.212-53-165-88.plesk.page\/de\/wp-json\/wp\/v2\/product"}],"about":[{"href":"https:\/\/amazing-pasteur.212-53-165-88.plesk.page\/de\/wp-json\/wp\/v2\/types\/product"}],"version-history":[{"count":0,"href":"https:\/\/amazing-pasteur.212-53-165-88.plesk.page\/de\/wp-json\/wp\/v2\/product\/9198\/revisions"}],"wp:featuredmedia":[{"embeddable":true,"href":"https:\/\/amazing-pasteur.212-53-165-88.plesk.page\/de\/wp-json\/wp\/v2\/media\/9200"}],"wp:attachment":[{"href":"https:\/\/amazing-pasteur.212-53-165-88.plesk.page\/de\/wp-json\/wp\/v2\/media?parent=9198"}],"wp:term":[{"taxonomy":"product_brand","embeddable":true,"href":"https:\/\/amazing-pasteur.212-53-165-88.plesk.page\/de\/wp-json\/wp\/v2\/product_brand?post=9198"},{"taxonomy":"product_cat","embeddable":true,"href":"https:\/\/amazing-pasteur.212-53-165-88.plesk.page\/de\/wp-json\/wp\/v2\/product_cat?post=9198"},{"taxonomy":"product_tag","embeddable":true,"href":"https:\/\/amazing-pasteur.212-53-165-88.plesk.page\/de\/wp-json\/wp\/v2\/product_tag?post=9198"}],"curies":[{"name":"wp","href":"https:\/\/api.w.org\/{rel}","templated":true}]}}