{"id":9229,"date":"2023-01-01T11:01:25","date_gmt":"2023-01-01T11:01:25","guid":{"rendered":"https:\/\/schmidt-haensch.pwdev.de\/index.php\/product\/atr-br-de\/"},"modified":"2024-11-07T08:15:02","modified_gmt":"2024-11-07T08:15:02","slug":"atr-br-de","status":"publish","type":"product","link":"https:\/\/amazing-pasteur.212-53-165-88.plesk.page\/de\/produkt\/atr-br-de\/","title":{"rendered":"ATR BR"},"content":{"rendered":"","protected":false},"excerpt":{"rendered":"","protected":false},"featured_media":9230,"template":"","meta":{"spc_primary_product_brand":0,"spc_primary_product_cat":0},"product_brand":[],"product_cat":[543,545],"product_tag":[499,428,444,437,483,500,445,511],"class_list":{"0":"post-9229","1":"product","2":"type-product","3":"status-publish","4":"has-post-thumbnail","6":"product_cat-laborinstrumente","7":"product_cat-refraktometer-fur-das-labor","8":"product_tag-brechungsindex-ri","9":"product_tag-brix-grad-brix-bx","10":"product_tag-grad-plato-plato","11":"product_tag-konzentrate-und-verduennung-von-erfrischungsgetranken","12":"product_tag-oechsle-messung","13":"product_tag-refraktometrische-trockensubstanz-rds","14":"product_tag-reifegrad-von-obst-und-gemuse","15":"product_tag-zuckermessung","17":"first","18":"instock","19":"sold-individually","20":"shipping-taxable","21":"product-type-simple"},"yoast_head":"<!-- This site is optimized with the Yoast SEO plugin v27.1.1 - https:\/\/yoast.com\/product\/yoast-seo-wordpress\/ -->\n<title>ATR BR | SCHMIDT + HAENSCH<\/title>\n<meta name=\"description\" content=\"ATR BR ist ein eigenst\u00e4ndiges Grenzwinkelrefraktometer zur Messung fl\u00fcssiger Medien von niedriger bis hoher Viskosit\u00e4t\" \/>\n<meta name=\"robots\" content=\"noindex, follow, max-snippet:-1, max-image-preview:large, max-video-preview:-1\" \/>\n<meta property=\"og:locale\" content=\"de_DE\" \/>\n<meta property=\"og:type\" content=\"article\" \/>\n<meta property=\"og:title\" content=\"ATR BR | SCHMIDT + HAENSCH\" \/>\n<meta property=\"og:description\" content=\"ATR BR ist ein eigenst\u00e4ndiges Grenzwinkelrefraktometer zur Messung fl\u00fcssiger Medien von niedriger bis hoher Viskosit\u00e4t\" \/>\n<meta property=\"og:url\" content=\"https:\/\/amazing-pasteur.212-53-165-88.plesk.page\/de\/produkt\/atr-br-de\/\" \/>\n<meta property=\"og:site_name\" content=\"SCHMIDT + HAENSCH\" \/>\n<meta property=\"article:modified_time\" content=\"2024-11-07T08:15:02+00:00\" \/>\n<meta property=\"og:image\" content=\"https:\/\/amazing-pasteur.212-53-165-88.plesk.page\/wp-content\/uploads\/2021\/03\/SH_ATR-BR_availableagain.png\" \/>\n\t<meta property=\"og:image:width\" content=\"1536\" \/>\n\t<meta property=\"og:image:height\" content=\"1093\" \/>\n\t<meta property=\"og:image:type\" content=\"image\/png\" \/>\n<meta name=\"twitter:card\" content=\"summary_large_image\" \/>\n<script type=\"application\/ld+json\" class=\"yoast-schema-graph\">{\"@context\":\"https:\/\/schema.org\",\"@graph\":[{\"@type\":[\"WebPage\",\"ItemPage\"],\"@id\":\"https:\/\/amazing-pasteur.212-53-165-88.plesk.page\/de\/produkt\/atr-br-de\/\",\"url\":\"https:\/\/amazing-pasteur.212-53-165-88.plesk.page\/de\/produkt\/atr-br-de\/\",\"name\":\"ATR BR | SCHMIDT + HAENSCH\",\"isPartOf\":{\"@id\":\"https:\/\/amazing-pasteur.212-53-165-88.plesk.page\/de\/#website\"},\"primaryImageOfPage\":{\"@id\":\"https:\/\/amazing-pasteur.212-53-165-88.plesk.page\/de\/produkt\/atr-br-de\/#primaryimage\"},\"image\":{\"@id\":\"https:\/\/amazing-pasteur.212-53-165-88.plesk.page\/de\/produkt\/atr-br-de\/#primaryimage\"},\"thumbnailUrl\":\"https:\/\/amazing-pasteur.212-53-165-88.plesk.page\/wp-content\/uploads\/2021\/03\/SH-ATR-BR-lk-ohne-scaled.jpg\",\"datePublished\":\"2023-01-01T11:01:25+00:00\",\"dateModified\":\"2024-11-07T08:15:02+00:00\",\"description\":\"ATR BR ist ein eigenst\u00e4ndiges Grenzwinkelrefraktometer zur Messung fl\u00fcssiger Medien von niedriger bis hoher Viskosit\u00e4t\",\"breadcrumb\":{\"@id\":\"https:\/\/amazing-pasteur.212-53-165-88.plesk.page\/de\/produkt\/atr-br-de\/#breadcrumb\"},\"inLanguage\":\"de\",\"potentialAction\":[{\"@type\":\"ReadAction\",\"target\":[\"https:\/\/amazing-pasteur.212-53-165-88.plesk.page\/de\/produkt\/atr-br-de\/\"]}]},{\"@type\":\"ImageObject\",\"inLanguage\":\"de\",\"@id\":\"https:\/\/amazing-pasteur.212-53-165-88.plesk.page\/de\/produkt\/atr-br-de\/#primaryimage\",\"url\":\"https:\/\/amazing-pasteur.212-53-165-88.plesk.page\/wp-content\/uploads\/2021\/03\/SH-ATR-BR-lk-ohne-scaled.jpg\",\"contentUrl\":\"https:\/\/amazing-pasteur.212-53-165-88.plesk.page\/wp-content\/uploads\/2021\/03\/SH-ATR-BR-lk-ohne-scaled.jpg\",\"width\":2560,\"height\":1706,\"caption\":\"Compact laboratory refractometer\"},{\"@type\":\"BreadcrumbList\",\"@id\":\"https:\/\/amazing-pasteur.212-53-165-88.plesk.page\/de\/produkt\/atr-br-de\/#breadcrumb\",\"itemListElement\":[{\"@type\":\"ListItem\",\"position\":1,\"name\":\"Home\",\"item\":\"https:\/\/amazing-pasteur.212-53-165-88.plesk.page\/de\/\"},{\"@type\":\"ListItem\",\"position\":2,\"name\":\"Shop\",\"item\":\"https:\/\/amazing-pasteur.212-53-165-88.plesk.page\/de\/?page_id=7480\"},{\"@type\":\"ListItem\",\"position\":3,\"name\":\"ATR BR\"}]},{\"@type\":\"WebSite\",\"@id\":\"https:\/\/amazing-pasteur.212-53-165-88.plesk.page\/de\/#website\",\"url\":\"https:\/\/amazing-pasteur.212-53-165-88.plesk.page\/de\/\",\"name\":\"SCHMIDT + HAENSCH\",\"description\":\"Hochwertige Laborger\u00e4te, Inline-Prozessrefraktometer und Automatisierungsl\u00f6sungen\",\"publisher\":{\"@id\":\"https:\/\/amazing-pasteur.212-53-165-88.plesk.page\/de\/#organization\"},\"potentialAction\":[{\"@type\":\"SearchAction\",\"target\":{\"@type\":\"EntryPoint\",\"urlTemplate\":\"https:\/\/amazing-pasteur.212-53-165-88.plesk.page\/de\/?s={search_term_string}\"},\"query-input\":{\"@type\":\"PropertyValueSpecification\",\"valueRequired\":true,\"valueName\":\"search_term_string\"}}],\"inLanguage\":\"de\"},{\"@type\":\"Organization\",\"@id\":\"https:\/\/amazing-pasteur.212-53-165-88.plesk.page\/de\/#organization\",\"name\":\"SCHMIDT + HAENSCH\",\"url\":\"https:\/\/amazing-pasteur.212-53-165-88.plesk.page\/de\/\",\"logo\":{\"@type\":\"ImageObject\",\"inLanguage\":\"de\",\"@id\":\"https:\/\/amazing-pasteur.212-53-165-88.plesk.page\/de\/#\/schema\/logo\/image\/\",\"url\":\"https:\/\/amazing-pasteur.212-53-165-88.plesk.page\/wp-content\/uploads\/2021\/01\/schmidthaensch-logo.svg\",\"contentUrl\":\"https:\/\/amazing-pasteur.212-53-165-88.plesk.page\/wp-content\/uploads\/2021\/01\/schmidthaensch-logo.svg\",\"width\":217,\"height\":57,\"caption\":\"SCHMIDT + HAENSCH\"},\"image\":{\"@id\":\"https:\/\/amazing-pasteur.212-53-165-88.plesk.page\/de\/#\/schema\/logo\/image\/\"}}]}<\/script>\n<!-- \/ Yoast SEO plugin. -->","yoast_head_json":{"title":"ATR BR | SCHMIDT + HAENSCH","description":"ATR BR ist ein eigenst\u00e4ndiges Grenzwinkelrefraktometer zur Messung fl\u00fcssiger Medien von niedriger bis hoher Viskosit\u00e4t","robots":{"index":"noindex","follow":"follow","max-snippet":"max-snippet:-1","max-image-preview":"max-image-preview:large","max-video-preview":"max-video-preview:-1"},"og_locale":"de_DE","og_type":"article","og_title":"ATR BR | SCHMIDT + HAENSCH","og_description":"ATR BR ist ein eigenst\u00e4ndiges Grenzwinkelrefraktometer zur Messung fl\u00fcssiger Medien von niedriger bis hoher Viskosit\u00e4t","og_url":"https:\/\/amazing-pasteur.212-53-165-88.plesk.page\/de\/produkt\/atr-br-de\/","og_site_name":"SCHMIDT + HAENSCH","article_modified_time":"2024-11-07T08:15:02+00:00","og_image":[{"width":1536,"height":1093,"url":"https:\/\/amazing-pasteur.212-53-165-88.plesk.page\/wp-content\/uploads\/2021\/03\/SH_ATR-BR_availableagain.png","type":"image\/png"}],"twitter_card":"summary_large_image","schema":{"@context":"https:\/\/schema.org","@graph":[{"@type":["WebPage","ItemPage"],"@id":"https:\/\/amazing-pasteur.212-53-165-88.plesk.page\/de\/produkt\/atr-br-de\/","url":"https:\/\/amazing-pasteur.212-53-165-88.plesk.page\/de\/produkt\/atr-br-de\/","name":"ATR BR | SCHMIDT + HAENSCH","isPartOf":{"@id":"https:\/\/amazing-pasteur.212-53-165-88.plesk.page\/de\/#website"},"primaryImageOfPage":{"@id":"https:\/\/amazing-pasteur.212-53-165-88.plesk.page\/de\/produkt\/atr-br-de\/#primaryimage"},"image":{"@id":"https:\/\/amazing-pasteur.212-53-165-88.plesk.page\/de\/produkt\/atr-br-de\/#primaryimage"},"thumbnailUrl":"https:\/\/amazing-pasteur.212-53-165-88.plesk.page\/wp-content\/uploads\/2021\/03\/SH-ATR-BR-lk-ohne-scaled.jpg","datePublished":"2023-01-01T11:01:25+00:00","dateModified":"2024-11-07T08:15:02+00:00","description":"ATR BR ist ein eigenst\u00e4ndiges Grenzwinkelrefraktometer zur Messung fl\u00fcssiger Medien von niedriger bis hoher Viskosit\u00e4t","breadcrumb":{"@id":"https:\/\/amazing-pasteur.212-53-165-88.plesk.page\/de\/produkt\/atr-br-de\/#breadcrumb"},"inLanguage":"de","potentialAction":[{"@type":"ReadAction","target":["https:\/\/amazing-pasteur.212-53-165-88.plesk.page\/de\/produkt\/atr-br-de\/"]}]},{"@type":"ImageObject","inLanguage":"de","@id":"https:\/\/amazing-pasteur.212-53-165-88.plesk.page\/de\/produkt\/atr-br-de\/#primaryimage","url":"https:\/\/amazing-pasteur.212-53-165-88.plesk.page\/wp-content\/uploads\/2021\/03\/SH-ATR-BR-lk-ohne-scaled.jpg","contentUrl":"https:\/\/amazing-pasteur.212-53-165-88.plesk.page\/wp-content\/uploads\/2021\/03\/SH-ATR-BR-lk-ohne-scaled.jpg","width":2560,"height":1706,"caption":"Compact laboratory refractometer"},{"@type":"BreadcrumbList","@id":"https:\/\/amazing-pasteur.212-53-165-88.plesk.page\/de\/produkt\/atr-br-de\/#breadcrumb","itemListElement":[{"@type":"ListItem","position":1,"name":"Home","item":"https:\/\/amazing-pasteur.212-53-165-88.plesk.page\/de\/"},{"@type":"ListItem","position":2,"name":"Shop","item":"https:\/\/amazing-pasteur.212-53-165-88.plesk.page\/de\/?page_id=7480"},{"@type":"ListItem","position":3,"name":"ATR BR"}]},{"@type":"WebSite","@id":"https:\/\/amazing-pasteur.212-53-165-88.plesk.page\/de\/#website","url":"https:\/\/amazing-pasteur.212-53-165-88.plesk.page\/de\/","name":"SCHMIDT + HAENSCH","description":"Hochwertige Laborger\u00e4te, Inline-Prozessrefraktometer und Automatisierungsl\u00f6sungen","publisher":{"@id":"https:\/\/amazing-pasteur.212-53-165-88.plesk.page\/de\/#organization"},"potentialAction":[{"@type":"SearchAction","target":{"@type":"EntryPoint","urlTemplate":"https:\/\/amazing-pasteur.212-53-165-88.plesk.page\/de\/?s={search_term_string}"},"query-input":{"@type":"PropertyValueSpecification","valueRequired":true,"valueName":"search_term_string"}}],"inLanguage":"de"},{"@type":"Organization","@id":"https:\/\/amazing-pasteur.212-53-165-88.plesk.page\/de\/#organization","name":"SCHMIDT + HAENSCH","url":"https:\/\/amazing-pasteur.212-53-165-88.plesk.page\/de\/","logo":{"@type":"ImageObject","inLanguage":"de","@id":"https:\/\/amazing-pasteur.212-53-165-88.plesk.page\/de\/#\/schema\/logo\/image\/","url":"https:\/\/amazing-pasteur.212-53-165-88.plesk.page\/wp-content\/uploads\/2021\/01\/schmidthaensch-logo.svg","contentUrl":"https:\/\/amazing-pasteur.212-53-165-88.plesk.page\/wp-content\/uploads\/2021\/01\/schmidthaensch-logo.svg","width":217,"height":57,"caption":"SCHMIDT + HAENSCH"},"image":{"@id":"https:\/\/amazing-pasteur.212-53-165-88.plesk.page\/de\/#\/schema\/logo\/image\/"}}]}},"_links":{"self":[{"href":"https:\/\/amazing-pasteur.212-53-165-88.plesk.page\/de\/wp-json\/wp\/v2\/product\/9229","targetHints":{"allow":["GET"]}}],"collection":[{"href":"https:\/\/amazing-pasteur.212-53-165-88.plesk.page\/de\/wp-json\/wp\/v2\/product"}],"about":[{"href":"https:\/\/amazing-pasteur.212-53-165-88.plesk.page\/de\/wp-json\/wp\/v2\/types\/product"}],"version-history":[{"count":0,"href":"https:\/\/amazing-pasteur.212-53-165-88.plesk.page\/de\/wp-json\/wp\/v2\/product\/9229\/revisions"}],"wp:featuredmedia":[{"embeddable":true,"href":"https:\/\/amazing-pasteur.212-53-165-88.plesk.page\/de\/wp-json\/wp\/v2\/media\/9230"}],"wp:attachment":[{"href":"https:\/\/amazing-pasteur.212-53-165-88.plesk.page\/de\/wp-json\/wp\/v2\/media?parent=9229"}],"wp:term":[{"taxonomy":"product_brand","embeddable":true,"href":"https:\/\/amazing-pasteur.212-53-165-88.plesk.page\/de\/wp-json\/wp\/v2\/product_brand?post=9229"},{"taxonomy":"product_cat","embeddable":true,"href":"https:\/\/amazing-pasteur.212-53-165-88.plesk.page\/de\/wp-json\/wp\/v2\/product_cat?post=9229"},{"taxonomy":"product_tag","embeddable":true,"href":"https:\/\/amazing-pasteur.212-53-165-88.plesk.page\/de\/wp-json\/wp\/v2\/product_tag?post=9229"}],"curies":[{"name":"wp","href":"https:\/\/api.w.org\/{rel}","templated":true}]}}