{"id":18205,"date":"2022-02-17T08:54:50","date_gmt":"2022-02-17T08:54:50","guid":{"rendered":"https:\/\/schmidt-haensch.com\/pie-de-imprenta\/"},"modified":"2023-03-06T12:49:52","modified_gmt":"2023-03-06T12:49:52","slug":"pie-de-imprenta","status":"publish","type":"page","link":"https:\/\/amazing-pasteur.212-53-165-88.plesk.page\/es\/pie-de-imprenta\/","title":{"rendered":"Pie de imprenta"},"content":{"rendered":"\t\t<div data-elementor-type=\"wp-page\" data-elementor-id=\"18205\" class=\"elementor elementor-18205 elementor-2020\" data-elementor-settings=\"{&quot;element_pack_global_tooltip_width&quot;:{&quot;unit&quot;:&quot;px&quot;,&quot;size&quot;:&quot;&quot;,&quot;sizes&quot;:[]},&quot;element_pack_global_tooltip_width_tablet&quot;:{&quot;unit&quot;:&quot;px&quot;,&quot;size&quot;:&quot;&quot;,&quot;sizes&quot;:[]},&quot;element_pack_global_tooltip_width_mobile&quot;:{&quot;unit&quot;:&quot;px&quot;,&quot;size&quot;:&quot;&quot;,&quot;sizes&quot;:[]},&quot;element_pack_global_tooltip_padding&quot;:{&quot;unit&quot;:&quot;px&quot;,&quot;top&quot;:&quot;&quot;,&quot;right&quot;:&quot;&quot;,&quot;bottom&quot;:&quot;&quot;,&quot;left&quot;:&quot;&quot;,&quot;isLinked&quot;:true},&quot;element_pack_global_tooltip_padding_tablet&quot;:{&quot;unit&quot;:&quot;px&quot;,&quot;top&quot;:&quot;&quot;,&quot;right&quot;:&quot;&quot;,&quot;bottom&quot;:&quot;&quot;,&quot;left&quot;:&quot;&quot;,&quot;isLinked&quot;:true},&quot;element_pack_global_tooltip_padding_mobile&quot;:{&quot;unit&quot;:&quot;px&quot;,&quot;top&quot;:&quot;&quot;,&quot;right&quot;:&quot;&quot;,&quot;bottom&quot;:&quot;&quot;,&quot;left&quot;:&quot;&quot;,&quot;isLinked&quot;:true},&quot;element_pack_global_tooltip_border_radius&quot;:{&quot;unit&quot;:&quot;px&quot;,&quot;top&quot;:&quot;&quot;,&quot;right&quot;:&quot;&quot;,&quot;bottom&quot;:&quot;&quot;,&quot;left&quot;:&quot;&quot;,&quot;isLinked&quot;:true},&quot;element_pack_global_tooltip_border_radius_tablet&quot;:{&quot;unit&quot;:&quot;px&quot;,&quot;top&quot;:&quot;&quot;,&quot;right&quot;:&quot;&quot;,&quot;bottom&quot;:&quot;&quot;,&quot;left&quot;:&quot;&quot;,&quot;isLinked&quot;:true},&quot;element_pack_global_tooltip_border_radius_mobile&quot;:{&quot;unit&quot;:&quot;px&quot;,&quot;top&quot;:&quot;&quot;,&quot;right&quot;:&quot;&quot;,&quot;bottom&quot;:&quot;&quot;,&quot;left&quot;:&quot;&quot;,&quot;isLinked&quot;:true}}\" data-elementor-post-type=\"page\">\n\t\t\t\t\t\t<section data-particle_enable=\"false\" data-particle-mobile-disabled=\"false\" class=\"elementor-section elementor-top-section elementor-element elementor-element-8c2309c elementor-section-height-min-height elementor-section-boxed elementor-section-height-default elementor-section-items-middle\" data-id=\"8c2309c\" data-element_type=\"section\" data-e-type=\"section\" data-settings=\"{&quot;background_background&quot;:&quot;classic&quot;,&quot;jet_parallax_layout_list&quot;:[{&quot;jet_parallax_layout_image&quot;:{&quot;url&quot;:&quot;&quot;,&quot;id&quot;:&quot;&quot;,&quot;size&quot;:&quot;&quot;},&quot;_id&quot;:&quot;333f840&quot;,&quot;jet_parallax_layout_image_tablet&quot;:{&quot;url&quot;:&quot;&quot;,&quot;id&quot;:&quot;&quot;,&quot;size&quot;:&quot;&quot;},&quot;jet_parallax_layout_image_mobile&quot;:{&quot;url&quot;:&quot;&quot;,&quot;id&quot;:&quot;&quot;,&quot;size&quot;:&quot;&quot;},&quot;jet_parallax_layout_speed&quot;:{&quot;unit&quot;:&quot;%&quot;,&quot;size&quot;:50,&quot;sizes&quot;:[]},&quot;jet_parallax_layout_type&quot;:&quot;scroll&quot;,&quot;jet_parallax_layout_direction&quot;:&quot;1&quot;,&quot;jet_parallax_layout_fx_direction&quot;:null,&quot;jet_parallax_layout_z_index&quot;:&quot;&quot;,&quot;jet_parallax_layout_bg_x&quot;:50,&quot;jet_parallax_layout_bg_x_tablet&quot;:&quot;&quot;,&quot;jet_parallax_layout_bg_x_mobile&quot;:&quot;&quot;,&quot;jet_parallax_layout_bg_y&quot;:50,&quot;jet_parallax_layout_bg_y_tablet&quot;:&quot;&quot;,&quot;jet_parallax_layout_bg_y_mobile&quot;:&quot;&quot;,&quot;jet_parallax_layout_bg_size&quot;:&quot;auto&quot;,&quot;jet_parallax_layout_bg_size_tablet&quot;:&quot;&quot;,&quot;jet_parallax_layout_bg_size_mobile&quot;:&quot;&quot;,&quot;jet_parallax_layout_animation_prop&quot;:&quot;transform&quot;,&quot;jet_parallax_layout_on&quot;:[&quot;desktop&quot;,&quot;tablet&quot;]}]}\">\n\t\t\t\t\t\t<div class=\"elementor-container elementor-column-gap-default\">\n\t\t\t\t\t<div class=\"elementor-column elementor-col-100 elementor-top-column elementor-element elementor-element-bdd46f5\" data-id=\"bdd46f5\" data-element_type=\"column\" data-e-type=\"column\">\n\t\t\t<div class=\"elementor-widget-wrap\">\n\t\t\t\t\t\t\t<\/div>\n\t\t<\/div>\n\t\t\t\t\t<\/div>\n\t\t<\/section>\n\t\t\t\t<section data-particle_enable=\"false\" data-particle-mobile-disabled=\"false\" class=\"elementor-section elementor-top-section elementor-element elementor-element-ee878c8 elementor-section-full_width elementor-section-height-default elementor-section-height-default\" data-id=\"ee878c8\" data-element_type=\"section\" data-e-type=\"section\" data-settings=\"{&quot;background_background&quot;:&quot;classic&quot;,&quot;jet_parallax_layout_list&quot;:[{&quot;jet_parallax_layout_image&quot;:{&quot;url&quot;:&quot;&quot;,&quot;id&quot;:&quot;&quot;,&quot;size&quot;:&quot;&quot;},&quot;_id&quot;:&quot;717ed4b&quot;,&quot;jet_parallax_layout_image_tablet&quot;:{&quot;url&quot;:&quot;&quot;,&quot;id&quot;:&quot;&quot;,&quot;size&quot;:&quot;&quot;},&quot;jet_parallax_layout_image_mobile&quot;:{&quot;url&quot;:&quot;&quot;,&quot;id&quot;:&quot;&quot;,&quot;size&quot;:&quot;&quot;},&quot;jet_parallax_layout_speed&quot;:{&quot;unit&quot;:&quot;%&quot;,&quot;size&quot;:50,&quot;sizes&quot;:[]},&quot;jet_parallax_layout_type&quot;:&quot;scroll&quot;,&quot;jet_parallax_layout_direction&quot;:&quot;1&quot;,&quot;jet_parallax_layout_fx_direction&quot;:null,&quot;jet_parallax_layout_z_index&quot;:&quot;&quot;,&quot;jet_parallax_layout_bg_x&quot;:50,&quot;jet_parallax_layout_bg_x_tablet&quot;:&quot;&quot;,&quot;jet_parallax_layout_bg_x_mobile&quot;:&quot;&quot;,&quot;jet_parallax_layout_bg_y&quot;:50,&quot;jet_parallax_layout_bg_y_tablet&quot;:&quot;&quot;,&quot;jet_parallax_layout_bg_y_mobile&quot;:&quot;&quot;,&quot;jet_parallax_layout_bg_size&quot;:&quot;auto&quot;,&quot;jet_parallax_layout_bg_size_tablet&quot;:&quot;&quot;,&quot;jet_parallax_layout_bg_size_mobile&quot;:&quot;&quot;,&quot;jet_parallax_layout_animation_prop&quot;:&quot;transform&quot;,&quot;jet_parallax_layout_on&quot;:[&quot;desktop&quot;,&quot;tablet&quot;]}]}\">\n\t\t\t\t\t\t<div class=\"elementor-container elementor-column-gap-default\">\n\t\t\t\t\t<div class=\"elementor-column elementor-col-100 elementor-top-column elementor-element elementor-element-264edf5\" data-id=\"264edf5\" data-element_type=\"column\" data-e-type=\"column\">\n\t\t\t<div class=\"elementor-widget-wrap elementor-element-populated\">\n\t\t\t\t\t\t<div class=\"elementor-element elementor-element-2cc41ce elementor-widget elementor-widget-woocommerce-breadcrumb\" data-id=\"2cc41ce\" data-element_type=\"widget\" data-e-type=\"widget\" data-widget_type=\"woocommerce-breadcrumb.default\">\n\t\t\t\t<div class=\"elementor-widget-container\">\n\t\t\t\t\t<nav class=\"woocommerce-breadcrumb\" aria-label=\"Breadcrumb\">Inicio<\/nav>\t\t\t\t<\/div>\n\t\t\t\t<\/div>\n\t\t\t\t\t<\/div>\n\t\t<\/div>\n\t\t\t\t\t<\/div>\n\t\t<\/section>\n\t\t\t\t<section data-particle_enable=\"false\" data-particle-mobile-disabled=\"false\" class=\"elementor-section elementor-top-section elementor-element elementor-element-feb5fb0 elementor-section-boxed elementor-section-height-default elementor-section-height-default\" data-id=\"feb5fb0\" data-element_type=\"section\" data-e-type=\"section\" data-settings=\"{&quot;jet_parallax_layout_list&quot;:[{&quot;jet_parallax_layout_image&quot;:{&quot;url&quot;:&quot;&quot;,&quot;id&quot;:&quot;&quot;,&quot;size&quot;:&quot;&quot;},&quot;_id&quot;:&quot;2668025&quot;,&quot;jet_parallax_layout_image_tablet&quot;:{&quot;url&quot;:&quot;&quot;,&quot;id&quot;:&quot;&quot;,&quot;size&quot;:&quot;&quot;},&quot;jet_parallax_layout_image_mobile&quot;:{&quot;url&quot;:&quot;&quot;,&quot;id&quot;:&quot;&quot;,&quot;size&quot;:&quot;&quot;},&quot;jet_parallax_layout_speed&quot;:{&quot;unit&quot;:&quot;%&quot;,&quot;size&quot;:50,&quot;sizes&quot;:[]},&quot;jet_parallax_layout_type&quot;:&quot;scroll&quot;,&quot;jet_parallax_layout_direction&quot;:&quot;1&quot;,&quot;jet_parallax_layout_fx_direction&quot;:null,&quot;jet_parallax_layout_z_index&quot;:&quot;&quot;,&quot;jet_parallax_layout_bg_x&quot;:50,&quot;jet_parallax_layout_bg_x_tablet&quot;:&quot;&quot;,&quot;jet_parallax_layout_bg_x_mobile&quot;:&quot;&quot;,&quot;jet_parallax_layout_bg_y&quot;:50,&quot;jet_parallax_layout_bg_y_tablet&quot;:&quot;&quot;,&quot;jet_parallax_layout_bg_y_mobile&quot;:&quot;&quot;,&quot;jet_parallax_layout_bg_size&quot;:&quot;auto&quot;,&quot;jet_parallax_layout_bg_size_tablet&quot;:&quot;&quot;,&quot;jet_parallax_layout_bg_size_mobile&quot;:&quot;&quot;,&quot;jet_parallax_layout_animation_prop&quot;:&quot;transform&quot;,&quot;jet_parallax_layout_on&quot;:[&quot;desktop&quot;,&quot;tablet&quot;]}]}\">\n\t\t\t\t\t\t<div class=\"elementor-container elementor-column-gap-default\">\n\t\t\t\t\t<div class=\"elementor-column elementor-col-100 elementor-top-column elementor-element elementor-element-647d5f4\" data-id=\"647d5f4\" data-element_type=\"column\" data-e-type=\"column\">\n\t\t\t<div class=\"elementor-widget-wrap elementor-element-populated\">\n\t\t\t\t\t<div class=\"elementor-background-overlay\"><\/div>\n\t\t\t\t\t\t<div class=\"elementor-element elementor-element-1aa9935 elementor-widget elementor-widget-heading\" data-id=\"1aa9935\" data-element_type=\"widget\" data-e-type=\"widget\" data-widget_type=\"heading.default\">\n\t\t\t\t<div class=\"elementor-widget-container\">\n\t\t\t\t\t<h3 class=\"elementor-heading-title elementor-size-default\">Pie de imprenta<\/h3>\t\t\t\t<\/div>\n\t\t\t\t<\/div>\n\t\t\t\t<div class=\"elementor-element elementor-element-59aea10 elementor-widget elementor-widget-text-editor\" data-id=\"59aea10\" data-element_type=\"widget\" data-e-type=\"widget\" data-widget_type=\"text-editor.default\">\n\t\t\t\t<div class=\"elementor-widget-container\">\n\t\t\t\t\t\t\t\t\t<p><strong>Responsable del contenido de www.schmidt-haensch.com<\/strong><\/p>\n<p>SCHMIDT + HAENSCH GmbH &amp; Co.<\/p>\n<p>Waldstra\u00dfe 80\/81<br \/>13403 Berl\u00edn<br \/>Alemania<\/p>\n<p>Tel\u00e9fono <a href=\"tel:+49304170720\">+49 (0) 30 41 70 72-0<\/a><br \/>Fax +49 (0) 30 41 70 72-99<\/p>\n<p>Correo electr\u00f3nico: <a href=\"mailto:sales@schmidt-haensch.de\">office@schmidt-haensch.de<\/a><br \/>Internet: www.schmidt-haensch.com<\/p>\n<p>Presidente: Mathis Kuchejda, Director General: Ingo Lehmann<\/p>\n<p>Registro comercial: HRA 14212<br \/>Tribunal de Primera Instancia de Berl\u00edn-Charlottenburg<br \/>N\u00famero de identificaci\u00f3n del IVA: DE136655240<\/p>\n<p>N\u00famero de registro WEEE DE 23224250<\/p>\n<p>Socio responsable personalmente: Kuchejda GmbH<br \/>Registro mercantil: HRB 7141<br \/>Tribunal de Primera Instancia de Berl\u00edn-Charlottenburg<\/p>\n<p><strong>Datos legales<\/strong><\/p>\n<p>SCHMIDT + HAENSCH se preocupa de reunir informaci\u00f3n precisa y actual en su p\u00e1gina web.<\/p>\n<p>SCHMIDT + HAENSCH no garantiza la correcci\u00f3n, la suficiencia y la actualizaci\u00f3n regular. SCHMIDT + HAENSCH no puede controlar regularmente todos los contenidos de los sitios web de terceros con enlaces a nuestro sitio web.<\/p>\n<p>SCHMIDT + HAENSCH rechaza, por tanto, toda responsabilidad relativa a la exactitud o a la falta de informaci\u00f3n existente. El uso del sitio web y de los enlaces se realiza bajo su propia responsabilidad. SCHMIDT + HAENSCH no asume ninguna responsabilidad por los da\u00f1os causados por la utilizaci\u00f3n del sitio web o de los enlaces. SCHMIDT + HAENSCH se reserva el derecho de modificar o borrar el contenido del sitio web a su entera discreci\u00f3n. No existe ninguna responsabilidad por la disponibilidad de los sitios web y los enlaces.<\/p>\n<p><strong>Copyright<\/strong><\/p>\n<p>\u00a9 SCHMIDT + HAENSCH GmbH &amp; Co 2006-2018<\/p>\n<p>Toda la informaci\u00f3n y las im\u00e1genes son propiedad del editor. No est\u00e1 permitido duplicar y\/o publicar los contenidos en partes o en su totalidad ni guardarlos en un sistema de informaci\u00f3n sin la autorizaci\u00f3n previa del autor.<\/p>\n<p>Fuente: www.e-recht24.de<\/p>\n<p><strong>Pol\u00edtica de privacidad de Google Analytics<\/strong><\/p>\n<p>Para que nuestro sitio web sea lo m\u00e1s f\u00e1cil de usar posible, analizamos los datos an\u00f3nimos que se recogen mediante un programa estad\u00edstico cuando se visita el sitio web. Este programa se llama Google Analytics, un servicio de an\u00e1lisis de sitios web proporcionado por Google Inc. (&#8220;Google&#8221;). Google Analytics utiliza las llamadas &#8220;cookies&#8221;, archivos de texto que se almacenan en su ordenador para analizar el uso que usted hace del sitio web. La informaci\u00f3n generada por la cookie relativa a su uso de este sitio web se transmite a un servidor de Google en los Estados Unidos y se guarda all\u00ed.<\/p>\n<p>Si se activa la anonimizaci\u00f3n de la IP, como en este sitio web, Google acortar\u00e1 su direcci\u00f3n IP dentro de los estados miembros de la Uni\u00f3n Europea u otros pa\u00edses que sean partes contratantes del Acuerdo sobre el Espacio Econ\u00f3mico Europeo. S\u00f3lo en casos excepcionales se transmitir\u00e1 la direcci\u00f3n IP completa a un servidor de Google en Estados Unidos y se acortar\u00e1 all\u00ed. Google utilizar\u00e1 esta informaci\u00f3n en nombre del operador del sitio web para analizar el uso del sitio web, crear informes sobre la actividad del sitio web y prestar otros servicios relacionados con el uso del sitio web y de Internet.<\/p>\n<p>La direcci\u00f3n IP transmitida desde su navegador como parte de Google Analytics no se asociar\u00e1 con ning\u00fan otro dato que tenga Google. Puede evitar que las cookies se almacenen en su ordenador seleccionando la configuraci\u00f3n adecuada en su navegador; no obstante, tenga en cuenta que si lo hace es posible que no pueda utilizar todas las funciones de este sitio web. Tambi\u00e9n puede evitar que Google obtenga y procese los datos recogidos por la cookie sobre su uso de este sitio web (incluida su direcci\u00f3n IP) descargando e instalando el siguiente plugin para el navegador desde el siguiente enlace: <a href=\"http:\/\/tools.google.com\/dlpage\/gaoptout\">http:\/\/tools.google.com\/dlpage\/gaoptout<\/a><\/p>\n<p>Adem\u00e1s de los complementos del navegador o de los navegadores de dispositivos m\u00f3viles, puede utilizar este enlace<a>(desactivar Google Analytics<\/a>) para evitar que Google Analytics recopile datos sobre usted en relaci\u00f3n con este sitio web en el futuro. El complemento Opt-Out s\u00f3lo funciona en este navegador y para este dominio. Entonces se almacenar\u00e1 una cookie de exclusi\u00f3n en su dispositivo. Si elimina las cookies en este navegador, tendr\u00e1 que volver a hacer clic en este enlace.<\/p>\n<p>Este sitio web tambi\u00e9n utiliza las funciones de Google Analytics para los anunciantes: Remarketing con Google Analytics, Informes de impresiones de la red de display de Google, Integraci\u00f3n de la plataforma DoubleClick e informes de Google Analytics como servicio basado en caracter\u00edsticas demogr\u00e1ficas e intereses. En lo que respecta a la publicidad gr\u00e1fica, se muestran anuncios de terceros proveedores, incluido Google. Estos sitios web y terceros, incluido Google, utilizan cookies. El uso combinado de cookies de origen (por ejemplo, cookies de Google Analytics) y de terceros (por ejemplo, cookies de Doubleclick) permite orientar mejor la publicidad en funci\u00f3n de las visitas anteriores. Esto optimiza la orientaci\u00f3n de los anuncios, la entrega de los mismos y su colocaci\u00f3n. En cuanto a la publicidad de Google AdWords, se utilizan listas de remarketing para anuncios clasificados. Como resultado, los resultados de la b\u00fasqueda se ajustan mejor a las necesidades del buscador. Los informes tambi\u00e9n se utilizan para optimizar los anuncios en funci\u00f3n de las caracter\u00edsticas demogr\u00e1ficas y los intereses. Esta forma de publicidad se realiza completamente bajo un seud\u00f3nimo. No se guarda ninguna informaci\u00f3n personal y no se asocia ning\u00fan perfil de usuario con sus datos personales. Puede modificar o desactivar esta opci\u00f3n para mostrar anuncios de Google en el siguiente enlace: <a href=\"http:\/\/www.google.com\/settings\/ads\/onweb\/?hl=de\">www.google.com\/settings\/ads\/onweb\/?hl=de<\/a><\/p>\n<p>A continuaci\u00f3n encontrar\u00e1 tambi\u00e9n un enlace para darse de baja de la asociaci\u00f3n empresarial estadounidense Network Advertising Initiative (NAI) para dejar de recibir determinados anuncios: <a href=\"http:\/\/www.networkadvertising.org\/choices\">www.networkadvertising.org\/choices<\/a><\/p>\n<p><strong>Aplicaci\u00f3n<\/strong><\/p>\n<p>Concepto, dise\u00f1o, programaci\u00f3n y optimizaci\u00f3n para motores de b\u00fasqueda del sitio web por <a title=\"Agentur f\u00fcr effiziente Kommunikation\" href=\"http:\/\/www.jetztodernie.berlin\/\">Jetztodernie<\/a><\/p>\n<p><strong>Responsable de la protecci\u00f3n de datos:<\/strong><br \/>Eva Gaertner &#8211; CompanyCheck Deutschland GmbH<br \/>Schillerstrasse 47\/49<br \/>22767 Hamburgo<br \/>040-540903150<br \/><a href=\"mailto:datenschutz@companycheck-deutschland.de\">datenschutz@companycheck-deutschland.de<\/a><br \/><a href=\"https:\/\/companycheck-deutschland.de\/leistungen\/datenschutz.html\">https:\/\/companycheck-deutschland.de\/leistungen\/datenschutz.html<\/a><br \/>Responsable externo de la protecci\u00f3n de datos CompanyCheck Deutschland GmbH<\/p>\n<p><strong>Delegado de Protecci\u00f3n de Datos:<\/strong><br \/>Ingo Passoth &#8211; CompanyCheck Deutschland GmbH<br \/>Schillerstrasse 47\/49<br \/>22767 Hamburgo<br \/>040-540903150<br \/><a href=\"mailto:datenschutz@companycheck-deutschland.de\">datenschutz@companycheck-deutschland.de<\/a><br \/><a href=\"https:\/\/companycheck-deutschland.de\/leistungen\/datenschutz.html\">https:\/\/companycheck-deutschland.de\/leistungen\/datenschutz.html<\/a><br \/>Responsable externo de la protecci\u00f3n de datos CompanyCheck Deutschland GmbH<\/p>\n\t\t\t\t\t\t\t\t<\/div>\n\t\t\t\t<\/div>\n\t\t\t\t\t<\/div>\n\t\t<\/div>\n\t\t\t\t\t<\/div>\n\t\t<\/section>\n\t\t\t\t<\/div>\n\t\t","protected":false},"excerpt":{"rendered":"<p>Pie de imprenta Responsable del contenido de www.schmidt-haensch.com SCHMIDT + HAENSCH GmbH &amp; Co. Waldstra\u00dfe 80\/8113403 Berl\u00ednAlemania Tel\u00e9fono +49 (0) 30 41 70 72-0Fax +49 (0) 30 41 70 72-99 Correo electr\u00f3nico: office@schmidt-haensch.deInternet: www.schmidt-haensch.com Presidente: Mathis Kuchejda, Director General: Ingo Lehmann Registro comercial: HRA 14212Tribunal de Primera Instancia de Berl\u00edn-CharlottenburgN\u00famero de identificaci\u00f3n del IVA: DE136655240 [&hellip;]<\/p>\n","protected":false},"author":1,"featured_media":0,"parent":0,"menu_order":0,"comment_status":"closed","ping_status":"closed","template":"","meta":{"footnotes":""},"class_list":["post-18205","page","type-page","status-publish","hentry"],"yoast_head":"<!-- This site is optimized with the Yoast SEO plugin v27.1.1 - https:\/\/yoast.com\/product\/yoast-seo-wordpress\/ -->\n<title>Pie de imprenta | SCHMIDT + HAENSCH<\/title>\n<meta name=\"description\" content=\"SCHMIDT + HAENSCH Pie de imprenta\" \/>\n<meta name=\"robots\" content=\"noindex, follow, max-snippet:-1, max-image-preview:large, max-video-preview:-1\" \/>\n<meta property=\"og:locale\" content=\"es_ES\" \/>\n<meta property=\"og:type\" content=\"article\" \/>\n<meta property=\"og:title\" content=\"Pie de imprenta | SCHMIDT + HAENSCH\" \/>\n<meta property=\"og:description\" content=\"SCHMIDT + HAENSCH Pie de imprenta\" \/>\n<meta property=\"og:url\" content=\"https:\/\/amazing-pasteur.212-53-165-88.plesk.page\/es\/pie-de-imprenta\/\" \/>\n<meta property=\"og:site_name\" content=\"SCHMIDT + HAENSCH\" \/>\n<meta property=\"article:modified_time\" content=\"2023-03-06T12:49:52+00:00\" \/>\n<meta name=\"twitter:card\" content=\"summary_large_image\" \/>\n<script type=\"application\/ld+json\" class=\"yoast-schema-graph\">{\"@context\":\"https:\/\/schema.org\",\"@graph\":[{\"@type\":\"WebPage\",\"@id\":\"https:\/\/amazing-pasteur.212-53-165-88.plesk.page\/es\/pie-de-imprenta\/\",\"url\":\"https:\/\/amazing-pasteur.212-53-165-88.plesk.page\/es\/pie-de-imprenta\/\",\"name\":\"Pie de imprenta | SCHMIDT + HAENSCH\",\"isPartOf\":{\"@id\":\"https:\/\/amazing-pasteur.212-53-165-88.plesk.page\/es\/#website\"},\"datePublished\":\"2022-02-17T08:54:50+00:00\",\"dateModified\":\"2023-03-06T12:49:52+00:00\",\"description\":\"SCHMIDT + HAENSCH Pie de imprenta\",\"breadcrumb\":{\"@id\":\"https:\/\/amazing-pasteur.212-53-165-88.plesk.page\/es\/pie-de-imprenta\/#breadcrumb\"},\"inLanguage\":\"es\",\"potentialAction\":[{\"@type\":\"ReadAction\",\"target\":[\"https:\/\/amazing-pasteur.212-53-165-88.plesk.page\/es\/pie-de-imprenta\/\"]}]},{\"@type\":\"BreadcrumbList\",\"@id\":\"https:\/\/amazing-pasteur.212-53-165-88.plesk.page\/es\/pie-de-imprenta\/#breadcrumb\",\"itemListElement\":[{\"@type\":\"ListItem\",\"position\":1,\"name\":\"Home\",\"item\":\"https:\/\/amazing-pasteur.212-53-165-88.plesk.page\/es\/\"},{\"@type\":\"ListItem\",\"position\":2,\"name\":\"Pie de imprenta\"}]},{\"@type\":\"WebSite\",\"@id\":\"https:\/\/amazing-pasteur.212-53-165-88.plesk.page\/es\/#website\",\"url\":\"https:\/\/amazing-pasteur.212-53-165-88.plesk.page\/es\/\",\"name\":\"SCHMIDT + HAENSCH\",\"description\":\"Hochwertige Laborger\u00e4te, Inline-Prozessrefraktometer und Automatisierungsl\u00f6sungen\",\"publisher\":{\"@id\":\"https:\/\/amazing-pasteur.212-53-165-88.plesk.page\/es\/#organization\"},\"potentialAction\":[{\"@type\":\"SearchAction\",\"target\":{\"@type\":\"EntryPoint\",\"urlTemplate\":\"https:\/\/amazing-pasteur.212-53-165-88.plesk.page\/es\/?s={search_term_string}\"},\"query-input\":{\"@type\":\"PropertyValueSpecification\",\"valueRequired\":true,\"valueName\":\"search_term_string\"}}],\"inLanguage\":\"es\"},{\"@type\":\"Organization\",\"@id\":\"https:\/\/amazing-pasteur.212-53-165-88.plesk.page\/es\/#organization\",\"name\":\"SCHMIDT + HAENSCH\",\"url\":\"https:\/\/amazing-pasteur.212-53-165-88.plesk.page\/es\/\",\"logo\":{\"@type\":\"ImageObject\",\"inLanguage\":\"es\",\"@id\":\"https:\/\/amazing-pasteur.212-53-165-88.plesk.page\/es\/#\/schema\/logo\/image\/\",\"url\":\"https:\/\/amazing-pasteur.212-53-165-88.plesk.page\/wp-content\/uploads\/2021\/01\/schmidthaensch-logo.svg\",\"contentUrl\":\"https:\/\/amazing-pasteur.212-53-165-88.plesk.page\/wp-content\/uploads\/2021\/01\/schmidthaensch-logo.svg\",\"width\":217,\"height\":57,\"caption\":\"SCHMIDT + HAENSCH\"},\"image\":{\"@id\":\"https:\/\/amazing-pasteur.212-53-165-88.plesk.page\/es\/#\/schema\/logo\/image\/\"}}]}<\/script>\n<!-- \/ Yoast SEO plugin. -->","yoast_head_json":{"title":"Pie de imprenta | SCHMIDT + HAENSCH","description":"SCHMIDT + HAENSCH Pie de imprenta","robots":{"index":"noindex","follow":"follow","max-snippet":"max-snippet:-1","max-image-preview":"max-image-preview:large","max-video-preview":"max-video-preview:-1"},"og_locale":"es_ES","og_type":"article","og_title":"Pie de imprenta | SCHMIDT + HAENSCH","og_description":"SCHMIDT + HAENSCH Pie de imprenta","og_url":"https:\/\/amazing-pasteur.212-53-165-88.plesk.page\/es\/pie-de-imprenta\/","og_site_name":"SCHMIDT + HAENSCH","article_modified_time":"2023-03-06T12:49:52+00:00","twitter_card":"summary_large_image","schema":{"@context":"https:\/\/schema.org","@graph":[{"@type":"WebPage","@id":"https:\/\/amazing-pasteur.212-53-165-88.plesk.page\/es\/pie-de-imprenta\/","url":"https:\/\/amazing-pasteur.212-53-165-88.plesk.page\/es\/pie-de-imprenta\/","name":"Pie de imprenta | SCHMIDT + HAENSCH","isPartOf":{"@id":"https:\/\/amazing-pasteur.212-53-165-88.plesk.page\/es\/#website"},"datePublished":"2022-02-17T08:54:50+00:00","dateModified":"2023-03-06T12:49:52+00:00","description":"SCHMIDT + HAENSCH Pie de imprenta","breadcrumb":{"@id":"https:\/\/amazing-pasteur.212-53-165-88.plesk.page\/es\/pie-de-imprenta\/#breadcrumb"},"inLanguage":"es","potentialAction":[{"@type":"ReadAction","target":["https:\/\/amazing-pasteur.212-53-165-88.plesk.page\/es\/pie-de-imprenta\/"]}]},{"@type":"BreadcrumbList","@id":"https:\/\/amazing-pasteur.212-53-165-88.plesk.page\/es\/pie-de-imprenta\/#breadcrumb","itemListElement":[{"@type":"ListItem","position":1,"name":"Home","item":"https:\/\/amazing-pasteur.212-53-165-88.plesk.page\/es\/"},{"@type":"ListItem","position":2,"name":"Pie de imprenta"}]},{"@type":"WebSite","@id":"https:\/\/amazing-pasteur.212-53-165-88.plesk.page\/es\/#website","url":"https:\/\/amazing-pasteur.212-53-165-88.plesk.page\/es\/","name":"SCHMIDT + HAENSCH","description":"Hochwertige Laborger\u00e4te, Inline-Prozessrefraktometer und Automatisierungsl\u00f6sungen","publisher":{"@id":"https:\/\/amazing-pasteur.212-53-165-88.plesk.page\/es\/#organization"},"potentialAction":[{"@type":"SearchAction","target":{"@type":"EntryPoint","urlTemplate":"https:\/\/amazing-pasteur.212-53-165-88.plesk.page\/es\/?s={search_term_string}"},"query-input":{"@type":"PropertyValueSpecification","valueRequired":true,"valueName":"search_term_string"}}],"inLanguage":"es"},{"@type":"Organization","@id":"https:\/\/amazing-pasteur.212-53-165-88.plesk.page\/es\/#organization","name":"SCHMIDT + HAENSCH","url":"https:\/\/amazing-pasteur.212-53-165-88.plesk.page\/es\/","logo":{"@type":"ImageObject","inLanguage":"es","@id":"https:\/\/amazing-pasteur.212-53-165-88.plesk.page\/es\/#\/schema\/logo\/image\/","url":"https:\/\/amazing-pasteur.212-53-165-88.plesk.page\/wp-content\/uploads\/2021\/01\/schmidthaensch-logo.svg","contentUrl":"https:\/\/amazing-pasteur.212-53-165-88.plesk.page\/wp-content\/uploads\/2021\/01\/schmidthaensch-logo.svg","width":217,"height":57,"caption":"SCHMIDT + HAENSCH"},"image":{"@id":"https:\/\/amazing-pasteur.212-53-165-88.plesk.page\/es\/#\/schema\/logo\/image\/"}}]}},"_links":{"self":[{"href":"https:\/\/amazing-pasteur.212-53-165-88.plesk.page\/es\/wp-json\/wp\/v2\/pages\/18205","targetHints":{"allow":["GET"]}}],"collection":[{"href":"https:\/\/amazing-pasteur.212-53-165-88.plesk.page\/es\/wp-json\/wp\/v2\/pages"}],"about":[{"href":"https:\/\/amazing-pasteur.212-53-165-88.plesk.page\/es\/wp-json\/wp\/v2\/types\/page"}],"author":[{"embeddable":true,"href":"https:\/\/amazing-pasteur.212-53-165-88.plesk.page\/es\/wp-json\/wp\/v2\/users\/1"}],"replies":[{"embeddable":true,"href":"https:\/\/amazing-pasteur.212-53-165-88.plesk.page\/es\/wp-json\/wp\/v2\/comments?post=18205"}],"version-history":[{"count":0,"href":"https:\/\/amazing-pasteur.212-53-165-88.plesk.page\/es\/wp-json\/wp\/v2\/pages\/18205\/revisions"}],"wp:attachment":[{"href":"https:\/\/amazing-pasteur.212-53-165-88.plesk.page\/es\/wp-json\/wp\/v2\/media?parent=18205"}],"curies":[{"name":"wp","href":"https:\/\/api.w.org\/{rel}","templated":true}]}}