{"id":18718,"date":"2021-03-09T13:59:32","date_gmt":"2022-03-09T13:34:21","guid":{"rendered":"https:\/\/schmidt-haensch.com\/product\/titulacion-en-linea\/"},"modified":"2022-03-09T13:34:21","modified_gmt":"2022-03-09T13:34:21","slug":"la-traccion-en-linea","status":"publish","type":"product","link":"https:\/\/amazing-pasteur.212-53-165-88.plesk.page\/es\/producto\/la-traccion-en-linea\/","title":{"rendered":"Titulaci\u00f3n en l\u00ednea"},"content":{"rendered":"","protected":false},"excerpt":{"rendered":"<ul>\n<li style=\"font-weight: 400;\" aria-level=\"1\">\n<\/li>\n<\/ul>\n","protected":false},"featured_media":11992,"template":"","meta":{"spc_primary_product_brand":0,"spc_primary_product_cat":0},"product_brand":[],"product_cat":[788],"product_tag":[951,625,950,949],"class_list":{"0":"post-18718","1":"product","2":"type-product","3":"status-publish","4":"has-post-thumbnail","6":"product_cat-automatizacion-de-fabricas","7":"product_tag-alcalinidad","8":"product_tag-azucar","9":"product_tag-valor-de-ph-es","10":"product_tag-valoracion-de-la-extraccion-de-azucar-de-remolacha","12":"first","13":"instock","14":"sold-individually","15":"shipping-taxable","16":"product-type-simple"},"yoast_head":"<!-- This site is optimized with the Yoast SEO plugin v27.1.1 - https:\/\/yoast.com\/product\/yoast-seo-wordpress\/ -->\n<title>Titulaci\u00f3n en l\u00ednea SCHMIDT + HAENSCH<\/title>\n<meta name=\"description\" content=\"Un an\u00e1lisis r\u00e1pido y preciso del proceso de encalado es un paso importante en la purificaci\u00f3n del jugo en una f\u00e1brica de az\u00facar.\" \/>\n<meta name=\"robots\" content=\"noindex, follow, max-snippet:-1, max-image-preview:large, max-video-preview:-1\" \/>\n<meta property=\"og:locale\" content=\"es_ES\" \/>\n<meta property=\"og:type\" content=\"article\" \/>\n<meta property=\"og:title\" content=\"Titulaci\u00f3n en l\u00ednea SCHMIDT + HAENSCH\" \/>\n<meta property=\"og:description\" content=\"Un an\u00e1lisis r\u00e1pido y preciso del proceso de encalado es un paso importante en la purificaci\u00f3n del jugo en una f\u00e1brica de az\u00facar.\" \/>\n<meta property=\"og:url\" content=\"https:\/\/amazing-pasteur.212-53-165-88.plesk.page\/es\/producto\/la-traccion-en-linea\/\" \/>\n<meta property=\"og:site_name\" content=\"SCHMIDT + HAENSCH\" \/>\n<meta property=\"og:image\" content=\"https:\/\/amazing-pasteur.212-53-165-88.plesk.page\/wp-content\/uploads\/2021\/03\/Titration-Guadelete_20180622_181841_Pras-scaled.jpg\" \/>\n\t<meta property=\"og:image:width\" content=\"2560\" \/>\n\t<meta property=\"og:image:height\" content=\"1920\" \/>\n\t<meta property=\"og:image:type\" content=\"image\/jpeg\" \/>\n<meta name=\"twitter:card\" content=\"summary_large_image\" \/>\n<script type=\"application\/ld+json\" class=\"yoast-schema-graph\">{\"@context\":\"https:\/\/schema.org\",\"@graph\":[{\"@type\":[\"WebPage\",\"ItemPage\"],\"@id\":\"https:\/\/amazing-pasteur.212-53-165-88.plesk.page\/es\/producto\/la-traccion-en-linea\/\",\"url\":\"https:\/\/amazing-pasteur.212-53-165-88.plesk.page\/es\/producto\/la-traccion-en-linea\/\",\"name\":\"Titulaci\u00f3n en l\u00ednea SCHMIDT + HAENSCH\",\"isPartOf\":{\"@id\":\"https:\/\/amazing-pasteur.212-53-165-88.plesk.page\/es\/#website\"},\"primaryImageOfPage\":{\"@id\":\"https:\/\/amazing-pasteur.212-53-165-88.plesk.page\/es\/producto\/la-traccion-en-linea\/#primaryimage\"},\"image\":{\"@id\":\"https:\/\/amazing-pasteur.212-53-165-88.plesk.page\/es\/producto\/la-traccion-en-linea\/#primaryimage\"},\"thumbnailUrl\":\"https:\/\/amazing-pasteur.212-53-165-88.plesk.page\/wp-content\/uploads\/2021\/03\/Titration-Guadelete_20180622_181841_Pras-scaled.jpg\",\"datePublished\":\"2022-03-09T13:34:21+00:00\",\"description\":\"Un an\u00e1lisis r\u00e1pido y preciso del proceso de encalado es un paso importante en la purificaci\u00f3n del jugo en una f\u00e1brica de az\u00facar.\",\"breadcrumb\":{\"@id\":\"https:\/\/amazing-pasteur.212-53-165-88.plesk.page\/es\/producto\/la-traccion-en-linea\/#breadcrumb\"},\"inLanguage\":\"es\",\"potentialAction\":[{\"@type\":\"ReadAction\",\"target\":[\"https:\/\/amazing-pasteur.212-53-165-88.plesk.page\/es\/producto\/la-traccion-en-linea\/\"]}]},{\"@type\":\"ImageObject\",\"inLanguage\":\"es\",\"@id\":\"https:\/\/amazing-pasteur.212-53-165-88.plesk.page\/es\/producto\/la-traccion-en-linea\/#primaryimage\",\"url\":\"https:\/\/amazing-pasteur.212-53-165-88.plesk.page\/wp-content\/uploads\/2021\/03\/Titration-Guadelete_20180622_181841_Pras-scaled.jpg\",\"contentUrl\":\"https:\/\/amazing-pasteur.212-53-165-88.plesk.page\/wp-content\/uploads\/2021\/03\/Titration-Guadelete_20180622_181841_Pras-scaled.jpg\",\"width\":2560,\"height\":1920},{\"@type\":\"BreadcrumbList\",\"@id\":\"https:\/\/amazing-pasteur.212-53-165-88.plesk.page\/es\/producto\/la-traccion-en-linea\/#breadcrumb\",\"itemListElement\":[{\"@type\":\"ListItem\",\"position\":1,\"name\":\"Home\",\"item\":\"https:\/\/amazing-pasteur.212-53-165-88.plesk.page\/es\/\"},{\"@type\":\"ListItem\",\"position\":2,\"name\":\"Tienda\",\"item\":\"https:\/\/amazing-pasteur.212-53-165-88.plesk.page\/es\/tienda\/\"},{\"@type\":\"ListItem\",\"position\":3,\"name\":\"Titulaci\u00f3n en l\u00ednea\"}]},{\"@type\":\"WebSite\",\"@id\":\"https:\/\/amazing-pasteur.212-53-165-88.plesk.page\/es\/#website\",\"url\":\"https:\/\/amazing-pasteur.212-53-165-88.plesk.page\/es\/\",\"name\":\"SCHMIDT + HAENSCH\",\"description\":\"Hochwertige Laborger\u00e4te, Inline-Prozessrefraktometer und Automatisierungsl\u00f6sungen\",\"publisher\":{\"@id\":\"https:\/\/amazing-pasteur.212-53-165-88.plesk.page\/es\/#organization\"},\"potentialAction\":[{\"@type\":\"SearchAction\",\"target\":{\"@type\":\"EntryPoint\",\"urlTemplate\":\"https:\/\/amazing-pasteur.212-53-165-88.plesk.page\/es\/?s={search_term_string}\"},\"query-input\":{\"@type\":\"PropertyValueSpecification\",\"valueRequired\":true,\"valueName\":\"search_term_string\"}}],\"inLanguage\":\"es\"},{\"@type\":\"Organization\",\"@id\":\"https:\/\/amazing-pasteur.212-53-165-88.plesk.page\/es\/#organization\",\"name\":\"SCHMIDT + HAENSCH\",\"url\":\"https:\/\/amazing-pasteur.212-53-165-88.plesk.page\/es\/\",\"logo\":{\"@type\":\"ImageObject\",\"inLanguage\":\"es\",\"@id\":\"https:\/\/amazing-pasteur.212-53-165-88.plesk.page\/es\/#\/schema\/logo\/image\/\",\"url\":\"https:\/\/amazing-pasteur.212-53-165-88.plesk.page\/wp-content\/uploads\/2021\/01\/schmidthaensch-logo.svg\",\"contentUrl\":\"https:\/\/amazing-pasteur.212-53-165-88.plesk.page\/wp-content\/uploads\/2021\/01\/schmidthaensch-logo.svg\",\"width\":217,\"height\":57,\"caption\":\"SCHMIDT + HAENSCH\"},\"image\":{\"@id\":\"https:\/\/amazing-pasteur.212-53-165-88.plesk.page\/es\/#\/schema\/logo\/image\/\"}}]}<\/script>\n<!-- \/ Yoast SEO plugin. -->","yoast_head_json":{"title":"Titulaci\u00f3n en l\u00ednea SCHMIDT + HAENSCH","description":"Un an\u00e1lisis r\u00e1pido y preciso del proceso de encalado es un paso importante en la purificaci\u00f3n del jugo en una f\u00e1brica de az\u00facar.","robots":{"index":"noindex","follow":"follow","max-snippet":"max-snippet:-1","max-image-preview":"max-image-preview:large","max-video-preview":"max-video-preview:-1"},"og_locale":"es_ES","og_type":"article","og_title":"Titulaci\u00f3n en l\u00ednea SCHMIDT + HAENSCH","og_description":"Un an\u00e1lisis r\u00e1pido y preciso del proceso de encalado es un paso importante en la purificaci\u00f3n del jugo en una f\u00e1brica de az\u00facar.","og_url":"https:\/\/amazing-pasteur.212-53-165-88.plesk.page\/es\/producto\/la-traccion-en-linea\/","og_site_name":"SCHMIDT + HAENSCH","og_image":[{"width":2560,"height":1920,"url":"https:\/\/amazing-pasteur.212-53-165-88.plesk.page\/wp-content\/uploads\/2021\/03\/Titration-Guadelete_20180622_181841_Pras-scaled.jpg","type":"image\/jpeg"}],"twitter_card":"summary_large_image","schema":{"@context":"https:\/\/schema.org","@graph":[{"@type":["WebPage","ItemPage"],"@id":"https:\/\/amazing-pasteur.212-53-165-88.plesk.page\/es\/producto\/la-traccion-en-linea\/","url":"https:\/\/amazing-pasteur.212-53-165-88.plesk.page\/es\/producto\/la-traccion-en-linea\/","name":"Titulaci\u00f3n en l\u00ednea SCHMIDT + HAENSCH","isPartOf":{"@id":"https:\/\/amazing-pasteur.212-53-165-88.plesk.page\/es\/#website"},"primaryImageOfPage":{"@id":"https:\/\/amazing-pasteur.212-53-165-88.plesk.page\/es\/producto\/la-traccion-en-linea\/#primaryimage"},"image":{"@id":"https:\/\/amazing-pasteur.212-53-165-88.plesk.page\/es\/producto\/la-traccion-en-linea\/#primaryimage"},"thumbnailUrl":"https:\/\/amazing-pasteur.212-53-165-88.plesk.page\/wp-content\/uploads\/2021\/03\/Titration-Guadelete_20180622_181841_Pras-scaled.jpg","datePublished":"2022-03-09T13:34:21+00:00","description":"Un an\u00e1lisis r\u00e1pido y preciso del proceso de encalado es un paso importante en la purificaci\u00f3n del jugo en una f\u00e1brica de az\u00facar.","breadcrumb":{"@id":"https:\/\/amazing-pasteur.212-53-165-88.plesk.page\/es\/producto\/la-traccion-en-linea\/#breadcrumb"},"inLanguage":"es","potentialAction":[{"@type":"ReadAction","target":["https:\/\/amazing-pasteur.212-53-165-88.plesk.page\/es\/producto\/la-traccion-en-linea\/"]}]},{"@type":"ImageObject","inLanguage":"es","@id":"https:\/\/amazing-pasteur.212-53-165-88.plesk.page\/es\/producto\/la-traccion-en-linea\/#primaryimage","url":"https:\/\/amazing-pasteur.212-53-165-88.plesk.page\/wp-content\/uploads\/2021\/03\/Titration-Guadelete_20180622_181841_Pras-scaled.jpg","contentUrl":"https:\/\/amazing-pasteur.212-53-165-88.plesk.page\/wp-content\/uploads\/2021\/03\/Titration-Guadelete_20180622_181841_Pras-scaled.jpg","width":2560,"height":1920},{"@type":"BreadcrumbList","@id":"https:\/\/amazing-pasteur.212-53-165-88.plesk.page\/es\/producto\/la-traccion-en-linea\/#breadcrumb","itemListElement":[{"@type":"ListItem","position":1,"name":"Home","item":"https:\/\/amazing-pasteur.212-53-165-88.plesk.page\/es\/"},{"@type":"ListItem","position":2,"name":"Tienda","item":"https:\/\/amazing-pasteur.212-53-165-88.plesk.page\/es\/tienda\/"},{"@type":"ListItem","position":3,"name":"Titulaci\u00f3n en l\u00ednea"}]},{"@type":"WebSite","@id":"https:\/\/amazing-pasteur.212-53-165-88.plesk.page\/es\/#website","url":"https:\/\/amazing-pasteur.212-53-165-88.plesk.page\/es\/","name":"SCHMIDT + HAENSCH","description":"Hochwertige Laborger\u00e4te, Inline-Prozessrefraktometer und Automatisierungsl\u00f6sungen","publisher":{"@id":"https:\/\/amazing-pasteur.212-53-165-88.plesk.page\/es\/#organization"},"potentialAction":[{"@type":"SearchAction","target":{"@type":"EntryPoint","urlTemplate":"https:\/\/amazing-pasteur.212-53-165-88.plesk.page\/es\/?s={search_term_string}"},"query-input":{"@type":"PropertyValueSpecification","valueRequired":true,"valueName":"search_term_string"}}],"inLanguage":"es"},{"@type":"Organization","@id":"https:\/\/amazing-pasteur.212-53-165-88.plesk.page\/es\/#organization","name":"SCHMIDT + HAENSCH","url":"https:\/\/amazing-pasteur.212-53-165-88.plesk.page\/es\/","logo":{"@type":"ImageObject","inLanguage":"es","@id":"https:\/\/amazing-pasteur.212-53-165-88.plesk.page\/es\/#\/schema\/logo\/image\/","url":"https:\/\/amazing-pasteur.212-53-165-88.plesk.page\/wp-content\/uploads\/2021\/01\/schmidthaensch-logo.svg","contentUrl":"https:\/\/amazing-pasteur.212-53-165-88.plesk.page\/wp-content\/uploads\/2021\/01\/schmidthaensch-logo.svg","width":217,"height":57,"caption":"SCHMIDT + HAENSCH"},"image":{"@id":"https:\/\/amazing-pasteur.212-53-165-88.plesk.page\/es\/#\/schema\/logo\/image\/"}}]}},"_links":{"self":[{"href":"https:\/\/amazing-pasteur.212-53-165-88.plesk.page\/es\/wp-json\/wp\/v2\/product\/18718","targetHints":{"allow":["GET"]}}],"collection":[{"href":"https:\/\/amazing-pasteur.212-53-165-88.plesk.page\/es\/wp-json\/wp\/v2\/product"}],"about":[{"href":"https:\/\/amazing-pasteur.212-53-165-88.plesk.page\/es\/wp-json\/wp\/v2\/types\/product"}],"version-history":[{"count":0,"href":"https:\/\/amazing-pasteur.212-53-165-88.plesk.page\/es\/wp-json\/wp\/v2\/product\/18718\/revisions"}],"wp:featuredmedia":[{"embeddable":true,"href":"https:\/\/amazing-pasteur.212-53-165-88.plesk.page\/es\/wp-json\/wp\/v2\/media\/11992"}],"wp:attachment":[{"href":"https:\/\/amazing-pasteur.212-53-165-88.plesk.page\/es\/wp-json\/wp\/v2\/media?parent=18718"}],"wp:term":[{"taxonomy":"product_brand","embeddable":true,"href":"https:\/\/amazing-pasteur.212-53-165-88.plesk.page\/es\/wp-json\/wp\/v2\/product_brand?post=18718"},{"taxonomy":"product_cat","embeddable":true,"href":"https:\/\/amazing-pasteur.212-53-165-88.plesk.page\/es\/wp-json\/wp\/v2\/product_cat?post=18718"},{"taxonomy":"product_tag","embeddable":true,"href":"https:\/\/amazing-pasteur.212-53-165-88.plesk.page\/es\/wp-json\/wp\/v2\/product_tag?post=18718"}],"curies":[{"name":"wp","href":"https:\/\/api.w.org\/{rel}","templated":true}]}}