{"id":18738,"date":"2021-03-09T13:17:48","date_gmt":"2022-03-09T13:40:15","guid":{"rendered":"https:\/\/schmidt-haensch.com\/product\/autofilt-z\/"},"modified":"2024-11-07T08:17:54","modified_gmt":"2024-11-07T08:17:54","slug":"autofilt-z-automatic-filtration-within-clarifying-agent","status":"publish","type":"product","link":"https:\/\/amazing-pasteur.212-53-165-88.plesk.page\/es\/producto\/autofilt-z-automatic-filtration-within-clarifying-agent\/","title":{"rendered":"AutoFilt Z"},"content":{"rendered":"","protected":false},"excerpt":{"rendered":"","protected":false},"featured_media":11972,"template":"","meta":{"spc_primary_product_brand":0,"spc_primary_product_cat":-1},"product_brand":[],"product_cat":[622,624],"product_tag":[625,983,935],"class_list":{"0":"post-18738","1":"product","2":"type-product","3":"status-publish","4":"has-post-thumbnail","6":"product_cat-automatizacion-de-laboratorios","7":"product_cat-filtracion","8":"product_tag-azucar","9":"product_tag-preparacion-de-muestras-para-el-laboratorio-del-azucar","10":"product_tag-turbidez-es","12":"first","13":"instock","14":"sold-individually","15":"shipping-taxable","16":"product-type-simple"},"yoast_head":"<!-- This site is optimized with the Yoast SEO plugin v27.1.1 - https:\/\/yoast.com\/product\/yoast-seo-wordpress\/ -->\n<title>AutoFilt Z SCHMIDT + HAENSCH<\/title>\n<meta name=\"description\" content=\"La unidad de filtraci\u00f3n a presi\u00f3n totalmente autom\u00e1tica AutoFilt\u00ae Z de SCHMIDT + HAENSCH es sin plomo, por lo que funciona sin agente clarificador...\" \/>\n<meta name=\"robots\" content=\"noindex, follow, max-snippet:-1, max-image-preview:large, max-video-preview:-1\" \/>\n<meta property=\"og:locale\" content=\"es_ES\" \/>\n<meta property=\"og:type\" content=\"article\" \/>\n<meta property=\"og:title\" content=\"AutoFilt Z SCHMIDT + HAENSCH\" \/>\n<meta property=\"og:description\" content=\"La unidad de filtraci\u00f3n a presi\u00f3n totalmente autom\u00e1tica AutoFilt\u00ae Z de SCHMIDT + HAENSCH es sin plomo, por lo que funciona sin agente clarificador...\" \/>\n<meta property=\"og:url\" content=\"https:\/\/amazing-pasteur.212-53-165-88.plesk.page\/es\/producto\/autofilt-z-automatic-filtration-within-clarifying-agent\/\" \/>\n<meta property=\"og:site_name\" content=\"SCHMIDT + HAENSCH\" \/>\n<meta property=\"article:modified_time\" content=\"2024-11-07T08:17:54+00:00\" \/>\n<meta property=\"og:image\" content=\"https:\/\/amazing-pasteur.212-53-165-88.plesk.page\/wp-content\/uploads\/2021\/03\/Autofilt_Z_web-588x1024-1.jpg\" \/>\n\t<meta property=\"og:image:width\" content=\"588\" \/>\n\t<meta property=\"og:image:height\" content=\"1024\" \/>\n\t<meta property=\"og:image:type\" content=\"image\/jpeg\" \/>\n<meta name=\"twitter:card\" content=\"summary_large_image\" \/>\n<script type=\"application\/ld+json\" class=\"yoast-schema-graph\">{\"@context\":\"https:\/\/schema.org\",\"@graph\":[{\"@type\":[\"WebPage\",\"ItemPage\"],\"@id\":\"https:\/\/amazing-pasteur.212-53-165-88.plesk.page\/es\/producto\/autofilt-z-automatic-filtration-within-clarifying-agent\/\",\"url\":\"https:\/\/amazing-pasteur.212-53-165-88.plesk.page\/es\/producto\/autofilt-z-automatic-filtration-within-clarifying-agent\/\",\"name\":\"AutoFilt Z SCHMIDT + HAENSCH\",\"isPartOf\":{\"@id\":\"https:\/\/amazing-pasteur.212-53-165-88.plesk.page\/es\/#website\"},\"primaryImageOfPage\":{\"@id\":\"https:\/\/amazing-pasteur.212-53-165-88.plesk.page\/es\/producto\/autofilt-z-automatic-filtration-within-clarifying-agent\/#primaryimage\"},\"image\":{\"@id\":\"https:\/\/amazing-pasteur.212-53-165-88.plesk.page\/es\/producto\/autofilt-z-automatic-filtration-within-clarifying-agent\/#primaryimage\"},\"thumbnailUrl\":\"https:\/\/amazing-pasteur.212-53-165-88.plesk.page\/wp-content\/uploads\/2021\/03\/Autofilt_Z_web-588x1024-1.jpg\",\"datePublished\":\"2022-03-09T13:40:15+00:00\",\"dateModified\":\"2024-11-07T08:17:54+00:00\",\"description\":\"La unidad de filtraci\u00f3n a presi\u00f3n totalmente autom\u00e1tica AutoFilt\u00ae Z de SCHMIDT + HAENSCH es sin plomo, por lo que funciona sin agente clarificador...\",\"breadcrumb\":{\"@id\":\"https:\/\/amazing-pasteur.212-53-165-88.plesk.page\/es\/producto\/autofilt-z-automatic-filtration-within-clarifying-agent\/#breadcrumb\"},\"inLanguage\":\"es\",\"potentialAction\":[{\"@type\":\"ReadAction\",\"target\":[\"https:\/\/amazing-pasteur.212-53-165-88.plesk.page\/es\/producto\/autofilt-z-automatic-filtration-within-clarifying-agent\/\"]}]},{\"@type\":\"ImageObject\",\"inLanguage\":\"es\",\"@id\":\"https:\/\/amazing-pasteur.212-53-165-88.plesk.page\/es\/producto\/autofilt-z-automatic-filtration-within-clarifying-agent\/#primaryimage\",\"url\":\"https:\/\/amazing-pasteur.212-53-165-88.plesk.page\/wp-content\/uploads\/2021\/03\/Autofilt_Z_web-588x1024-1.jpg\",\"contentUrl\":\"https:\/\/amazing-pasteur.212-53-165-88.plesk.page\/wp-content\/uploads\/2021\/03\/Autofilt_Z_web-588x1024-1.jpg\",\"width\":588,\"height\":1024},{\"@type\":\"BreadcrumbList\",\"@id\":\"https:\/\/amazing-pasteur.212-53-165-88.plesk.page\/es\/producto\/autofilt-z-automatic-filtration-within-clarifying-agent\/#breadcrumb\",\"itemListElement\":[{\"@type\":\"ListItem\",\"position\":1,\"name\":\"Home\",\"item\":\"https:\/\/amazing-pasteur.212-53-165-88.plesk.page\/es\/\"},{\"@type\":\"ListItem\",\"position\":2,\"name\":\"Tienda\",\"item\":\"https:\/\/amazing-pasteur.212-53-165-88.plesk.page\/es\/tienda\/\"},{\"@type\":\"ListItem\",\"position\":3,\"name\":\"AutoFilt Z\"}]},{\"@type\":\"WebSite\",\"@id\":\"https:\/\/amazing-pasteur.212-53-165-88.plesk.page\/es\/#website\",\"url\":\"https:\/\/amazing-pasteur.212-53-165-88.plesk.page\/es\/\",\"name\":\"SCHMIDT + HAENSCH\",\"description\":\"Hochwertige Laborger\u00e4te, Inline-Prozessrefraktometer und Automatisierungsl\u00f6sungen\",\"publisher\":{\"@id\":\"https:\/\/amazing-pasteur.212-53-165-88.plesk.page\/es\/#organization\"},\"potentialAction\":[{\"@type\":\"SearchAction\",\"target\":{\"@type\":\"EntryPoint\",\"urlTemplate\":\"https:\/\/amazing-pasteur.212-53-165-88.plesk.page\/es\/?s={search_term_string}\"},\"query-input\":{\"@type\":\"PropertyValueSpecification\",\"valueRequired\":true,\"valueName\":\"search_term_string\"}}],\"inLanguage\":\"es\"},{\"@type\":\"Organization\",\"@id\":\"https:\/\/amazing-pasteur.212-53-165-88.plesk.page\/es\/#organization\",\"name\":\"SCHMIDT + HAENSCH\",\"url\":\"https:\/\/amazing-pasteur.212-53-165-88.plesk.page\/es\/\",\"logo\":{\"@type\":\"ImageObject\",\"inLanguage\":\"es\",\"@id\":\"https:\/\/amazing-pasteur.212-53-165-88.plesk.page\/es\/#\/schema\/logo\/image\/\",\"url\":\"https:\/\/amazing-pasteur.212-53-165-88.plesk.page\/wp-content\/uploads\/2021\/01\/schmidthaensch-logo.svg\",\"contentUrl\":\"https:\/\/amazing-pasteur.212-53-165-88.plesk.page\/wp-content\/uploads\/2021\/01\/schmidthaensch-logo.svg\",\"width\":217,\"height\":57,\"caption\":\"SCHMIDT + HAENSCH\"},\"image\":{\"@id\":\"https:\/\/amazing-pasteur.212-53-165-88.plesk.page\/es\/#\/schema\/logo\/image\/\"}}]}<\/script>\n<!-- \/ Yoast SEO plugin. -->","yoast_head_json":{"title":"AutoFilt Z SCHMIDT + HAENSCH","description":"La unidad de filtraci\u00f3n a presi\u00f3n totalmente autom\u00e1tica AutoFilt\u00ae Z de SCHMIDT + HAENSCH es sin plomo, por lo que funciona sin agente clarificador...","robots":{"index":"noindex","follow":"follow","max-snippet":"max-snippet:-1","max-image-preview":"max-image-preview:large","max-video-preview":"max-video-preview:-1"},"og_locale":"es_ES","og_type":"article","og_title":"AutoFilt Z SCHMIDT + HAENSCH","og_description":"La unidad de filtraci\u00f3n a presi\u00f3n totalmente autom\u00e1tica AutoFilt\u00ae Z de SCHMIDT + HAENSCH es sin plomo, por lo que funciona sin agente clarificador...","og_url":"https:\/\/amazing-pasteur.212-53-165-88.plesk.page\/es\/producto\/autofilt-z-automatic-filtration-within-clarifying-agent\/","og_site_name":"SCHMIDT + HAENSCH","article_modified_time":"2024-11-07T08:17:54+00:00","og_image":[{"width":588,"height":1024,"url":"https:\/\/amazing-pasteur.212-53-165-88.plesk.page\/wp-content\/uploads\/2021\/03\/Autofilt_Z_web-588x1024-1.jpg","type":"image\/jpeg"}],"twitter_card":"summary_large_image","schema":{"@context":"https:\/\/schema.org","@graph":[{"@type":["WebPage","ItemPage"],"@id":"https:\/\/amazing-pasteur.212-53-165-88.plesk.page\/es\/producto\/autofilt-z-automatic-filtration-within-clarifying-agent\/","url":"https:\/\/amazing-pasteur.212-53-165-88.plesk.page\/es\/producto\/autofilt-z-automatic-filtration-within-clarifying-agent\/","name":"AutoFilt Z SCHMIDT + HAENSCH","isPartOf":{"@id":"https:\/\/amazing-pasteur.212-53-165-88.plesk.page\/es\/#website"},"primaryImageOfPage":{"@id":"https:\/\/amazing-pasteur.212-53-165-88.plesk.page\/es\/producto\/autofilt-z-automatic-filtration-within-clarifying-agent\/#primaryimage"},"image":{"@id":"https:\/\/amazing-pasteur.212-53-165-88.plesk.page\/es\/producto\/autofilt-z-automatic-filtration-within-clarifying-agent\/#primaryimage"},"thumbnailUrl":"https:\/\/amazing-pasteur.212-53-165-88.plesk.page\/wp-content\/uploads\/2021\/03\/Autofilt_Z_web-588x1024-1.jpg","datePublished":"2022-03-09T13:40:15+00:00","dateModified":"2024-11-07T08:17:54+00:00","description":"La unidad de filtraci\u00f3n a presi\u00f3n totalmente autom\u00e1tica AutoFilt\u00ae Z de SCHMIDT + HAENSCH es sin plomo, por lo que funciona sin agente clarificador...","breadcrumb":{"@id":"https:\/\/amazing-pasteur.212-53-165-88.plesk.page\/es\/producto\/autofilt-z-automatic-filtration-within-clarifying-agent\/#breadcrumb"},"inLanguage":"es","potentialAction":[{"@type":"ReadAction","target":["https:\/\/amazing-pasteur.212-53-165-88.plesk.page\/es\/producto\/autofilt-z-automatic-filtration-within-clarifying-agent\/"]}]},{"@type":"ImageObject","inLanguage":"es","@id":"https:\/\/amazing-pasteur.212-53-165-88.plesk.page\/es\/producto\/autofilt-z-automatic-filtration-within-clarifying-agent\/#primaryimage","url":"https:\/\/amazing-pasteur.212-53-165-88.plesk.page\/wp-content\/uploads\/2021\/03\/Autofilt_Z_web-588x1024-1.jpg","contentUrl":"https:\/\/amazing-pasteur.212-53-165-88.plesk.page\/wp-content\/uploads\/2021\/03\/Autofilt_Z_web-588x1024-1.jpg","width":588,"height":1024},{"@type":"BreadcrumbList","@id":"https:\/\/amazing-pasteur.212-53-165-88.plesk.page\/es\/producto\/autofilt-z-automatic-filtration-within-clarifying-agent\/#breadcrumb","itemListElement":[{"@type":"ListItem","position":1,"name":"Home","item":"https:\/\/amazing-pasteur.212-53-165-88.plesk.page\/es\/"},{"@type":"ListItem","position":2,"name":"Tienda","item":"https:\/\/amazing-pasteur.212-53-165-88.plesk.page\/es\/tienda\/"},{"@type":"ListItem","position":3,"name":"AutoFilt Z"}]},{"@type":"WebSite","@id":"https:\/\/amazing-pasteur.212-53-165-88.plesk.page\/es\/#website","url":"https:\/\/amazing-pasteur.212-53-165-88.plesk.page\/es\/","name":"SCHMIDT + HAENSCH","description":"Hochwertige Laborger\u00e4te, Inline-Prozessrefraktometer und Automatisierungsl\u00f6sungen","publisher":{"@id":"https:\/\/amazing-pasteur.212-53-165-88.plesk.page\/es\/#organization"},"potentialAction":[{"@type":"SearchAction","target":{"@type":"EntryPoint","urlTemplate":"https:\/\/amazing-pasteur.212-53-165-88.plesk.page\/es\/?s={search_term_string}"},"query-input":{"@type":"PropertyValueSpecification","valueRequired":true,"valueName":"search_term_string"}}],"inLanguage":"es"},{"@type":"Organization","@id":"https:\/\/amazing-pasteur.212-53-165-88.plesk.page\/es\/#organization","name":"SCHMIDT + HAENSCH","url":"https:\/\/amazing-pasteur.212-53-165-88.plesk.page\/es\/","logo":{"@type":"ImageObject","inLanguage":"es","@id":"https:\/\/amazing-pasteur.212-53-165-88.plesk.page\/es\/#\/schema\/logo\/image\/","url":"https:\/\/amazing-pasteur.212-53-165-88.plesk.page\/wp-content\/uploads\/2021\/01\/schmidthaensch-logo.svg","contentUrl":"https:\/\/amazing-pasteur.212-53-165-88.plesk.page\/wp-content\/uploads\/2021\/01\/schmidthaensch-logo.svg","width":217,"height":57,"caption":"SCHMIDT + HAENSCH"},"image":{"@id":"https:\/\/amazing-pasteur.212-53-165-88.plesk.page\/es\/#\/schema\/logo\/image\/"}}]}},"_links":{"self":[{"href":"https:\/\/amazing-pasteur.212-53-165-88.plesk.page\/es\/wp-json\/wp\/v2\/product\/18738","targetHints":{"allow":["GET"]}}],"collection":[{"href":"https:\/\/amazing-pasteur.212-53-165-88.plesk.page\/es\/wp-json\/wp\/v2\/product"}],"about":[{"href":"https:\/\/amazing-pasteur.212-53-165-88.plesk.page\/es\/wp-json\/wp\/v2\/types\/product"}],"version-history":[{"count":0,"href":"https:\/\/amazing-pasteur.212-53-165-88.plesk.page\/es\/wp-json\/wp\/v2\/product\/18738\/revisions"}],"wp:featuredmedia":[{"embeddable":true,"href":"https:\/\/amazing-pasteur.212-53-165-88.plesk.page\/es\/wp-json\/wp\/v2\/media\/11972"}],"wp:attachment":[{"href":"https:\/\/amazing-pasteur.212-53-165-88.plesk.page\/es\/wp-json\/wp\/v2\/media?parent=18738"}],"wp:term":[{"taxonomy":"product_brand","embeddable":true,"href":"https:\/\/amazing-pasteur.212-53-165-88.plesk.page\/es\/wp-json\/wp\/v2\/product_brand?post=18738"},{"taxonomy":"product_cat","embeddable":true,"href":"https:\/\/amazing-pasteur.212-53-165-88.plesk.page\/es\/wp-json\/wp\/v2\/product_cat?post=18738"},{"taxonomy":"product_tag","embeddable":true,"href":"https:\/\/amazing-pasteur.212-53-165-88.plesk.page\/es\/wp-json\/wp\/v2\/product_tag?post=18738"}],"curies":[{"name":"wp","href":"https:\/\/api.w.org\/{rel}","templated":true}]}}