{"id":18757,"date":"2022-03-10T13:18:19","date_gmt":"2022-03-10T13:18:19","guid":{"rendered":"https:\/\/schmidt-haensch.com\/product\/varidens-densimetro\/"},"modified":"2025-06-24T07:40:13","modified_gmt":"2025-06-24T07:40:13","slug":"varidens-densimetro","status":"publish","type":"product","link":"https:\/\/amazing-pasteur.212-53-165-88.plesk.page\/es\/producto\/varidens-densimetro\/","title":{"rendered":"VariDens \u2013 Dens\u00edmetro"},"content":{"rendered":"","protected":false},"excerpt":{"rendered":"","protected":false},"featured_media":12268,"template":"","meta":{"spc_primary_product_brand":-1,"spc_primary_product_cat":-1},"product_brand":[],"product_cat":[1053,745,678],"product_tag":[998,1052,1477,1432,1051,999,981,980,882,1054,797,997,1055,885,1056,1050],"class_list":{"0":"post-18757","1":"product","2":"type-product","3":"status-publish","4":"has-post-thumbnail","6":"product_cat-configurar","7":"product_cat-densimetro","8":"product_cat-instrumentos-de-laboratorio-es","9":"product_tag-bebidas-alcoholicas-alcoholimetro","10":"product_tag-caracterizacion-de-liquidos","11":"product_tag-concentration-measurement","12":"product_tag-control-de-la-pureza-en-la-produccion-de-tampones-y-medios-de-cultivo-celular","13":"product_tag-control-de-pureza","14":"product_tag-densidad","15":"product_tag-densidad-real-y-aparente","16":"product_tag-densidad-relativa-o-especifica","17":"product_tag-destilacion-y-separacion-de-fases","18":"product_tag-fragancias-en-los-cosmeticos","19":"product_tag-identificacion-de-liquidos","20":"product_tag-liquidos-de-hidrocarburos","21":"product_tag-medicion-de-petroleo-crudo","22":"product_tag-produccion-de-cerveza-medicion-de-la-concentracion-del-mosto","23":"product_tag-produccion-de-cerveza-medicion-de-la-gravedad-y-el-alcohol","24":"product_tag-pureza-del-aceite-esencial","26":"first","27":"instock","28":"sold-individually","29":"shipping-taxable","30":"purchasable","31":"product-type-variable"},"yoast_head":"<!-- This site is optimized with the Yoast SEO plugin v27.1.1 - https:\/\/yoast.com\/product\/yoast-seo-wordpress\/ -->\n<title>VariDens \u2013 Dens\u00edmetro | SCHMIDT + HAENSCH<\/title>\n<meta name=\"description\" content=\"Este pr\u00e1ctico dens\u00edmetro de sobremesa de dise\u00f1o elegante de SCHMIDT + HAENSCH ofrece mediciones precisas y fiables \u2026\" \/>\n<meta name=\"robots\" content=\"noindex, follow, max-snippet:-1, max-image-preview:large, max-video-preview:-1\" \/>\n<meta property=\"og:locale\" content=\"es_ES\" \/>\n<meta property=\"og:type\" content=\"article\" \/>\n<meta property=\"og:title\" content=\"VariDens \u2013 Dens\u00edmetro | SCHMIDT + HAENSCH\" \/>\n<meta property=\"og:description\" content=\"Este pr\u00e1ctico dens\u00edmetro de sobremesa de dise\u00f1o elegante de SCHMIDT + HAENSCH ofrece mediciones precisas y fiables \u2026\" \/>\n<meta property=\"og:url\" content=\"https:\/\/amazing-pasteur.212-53-165-88.plesk.page\/es\/producto\/varidens-densimetro\/\" \/>\n<meta property=\"og:site_name\" content=\"SCHMIDT + HAENSCH\" \/>\n<meta property=\"article:modified_time\" content=\"2025-06-24T07:40:13+00:00\" \/>\n<meta property=\"og:image\" content=\"https:\/\/amazing-pasteur.212-53-165-88.plesk.page\/wp-content\/uploads\/2021\/04\/vari-dichte-fur-AZ-scaled.jpg\" \/>\n\t<meta property=\"og:image:width\" content=\"2560\" \/>\n\t<meta property=\"og:image:height\" content=\"1575\" \/>\n\t<meta property=\"og:image:type\" content=\"image\/jpeg\" \/>\n<meta name=\"twitter:card\" content=\"summary_large_image\" \/>\n<script type=\"application\/ld+json\" class=\"yoast-schema-graph\">{\"@context\":\"https:\/\/schema.org\",\"@graph\":[{\"@type\":[\"WebPage\",\"ItemPage\"],\"@id\":\"https:\/\/amazing-pasteur.212-53-165-88.plesk.page\/es\/producto\/varidens-densimetro\/\",\"url\":\"https:\/\/amazing-pasteur.212-53-165-88.plesk.page\/es\/producto\/varidens-densimetro\/\",\"name\":\"VariDens \u2013 Dens\u00edmetro | SCHMIDT + HAENSCH\",\"isPartOf\":{\"@id\":\"https:\/\/amazing-pasteur.212-53-165-88.plesk.page\/es\/#website\"},\"primaryImageOfPage\":{\"@id\":\"https:\/\/amazing-pasteur.212-53-165-88.plesk.page\/es\/producto\/varidens-densimetro\/#primaryimage\"},\"image\":{\"@id\":\"https:\/\/amazing-pasteur.212-53-165-88.plesk.page\/es\/producto\/varidens-densimetro\/#primaryimage\"},\"thumbnailUrl\":\"https:\/\/amazing-pasteur.212-53-165-88.plesk.page\/wp-content\/uploads\/2021\/04\/vari-dichte-fur-AZ-scaled.jpg\",\"datePublished\":\"2022-03-10T13:18:19+00:00\",\"dateModified\":\"2025-06-24T07:40:13+00:00\",\"description\":\"Este pr\u00e1ctico dens\u00edmetro de sobremesa de dise\u00f1o elegante de SCHMIDT + HAENSCH ofrece mediciones precisas y fiables \u2026\",\"breadcrumb\":{\"@id\":\"https:\/\/amazing-pasteur.212-53-165-88.plesk.page\/es\/producto\/varidens-densimetro\/#breadcrumb\"},\"inLanguage\":\"es\",\"potentialAction\":[{\"@type\":\"ReadAction\",\"target\":[\"https:\/\/amazing-pasteur.212-53-165-88.plesk.page\/es\/producto\/varidens-densimetro\/\"]}]},{\"@type\":\"ImageObject\",\"inLanguage\":\"es\",\"@id\":\"https:\/\/amazing-pasteur.212-53-165-88.plesk.page\/es\/producto\/varidens-densimetro\/#primaryimage\",\"url\":\"https:\/\/amazing-pasteur.212-53-165-88.plesk.page\/wp-content\/uploads\/2021\/04\/vari-dichte-fur-AZ-scaled.jpg\",\"contentUrl\":\"https:\/\/amazing-pasteur.212-53-165-88.plesk.page\/wp-content\/uploads\/2021\/04\/vari-dichte-fur-AZ-scaled.jpg\",\"width\":2560,\"height\":1575,\"caption\":\"Dens\u00edmetro para m\u00faltiples aplicaciones de SCHMIDT + HAENSCH\"},{\"@type\":\"BreadcrumbList\",\"@id\":\"https:\/\/amazing-pasteur.212-53-165-88.plesk.page\/es\/producto\/varidens-densimetro\/#breadcrumb\",\"itemListElement\":[{\"@type\":\"ListItem\",\"position\":1,\"name\":\"Home\",\"item\":\"https:\/\/amazing-pasteur.212-53-165-88.plesk.page\/es\/\"},{\"@type\":\"ListItem\",\"position\":2,\"name\":\"Tienda\",\"item\":\"https:\/\/amazing-pasteur.212-53-165-88.plesk.page\/es\/tienda\/\"},{\"@type\":\"ListItem\",\"position\":3,\"name\":\"VariDens \u2013 Dens\u00edmetro\"}]},{\"@type\":\"WebSite\",\"@id\":\"https:\/\/amazing-pasteur.212-53-165-88.plesk.page\/es\/#website\",\"url\":\"https:\/\/amazing-pasteur.212-53-165-88.plesk.page\/es\/\",\"name\":\"SCHMIDT + HAENSCH\",\"description\":\"Hochwertige Laborger\u00e4te, Inline-Prozessrefraktometer und Automatisierungsl\u00f6sungen\",\"publisher\":{\"@id\":\"https:\/\/amazing-pasteur.212-53-165-88.plesk.page\/es\/#organization\"},\"potentialAction\":[{\"@type\":\"SearchAction\",\"target\":{\"@type\":\"EntryPoint\",\"urlTemplate\":\"https:\/\/amazing-pasteur.212-53-165-88.plesk.page\/es\/?s={search_term_string}\"},\"query-input\":{\"@type\":\"PropertyValueSpecification\",\"valueRequired\":true,\"valueName\":\"search_term_string\"}}],\"inLanguage\":\"es\"},{\"@type\":\"Organization\",\"@id\":\"https:\/\/amazing-pasteur.212-53-165-88.plesk.page\/es\/#organization\",\"name\":\"SCHMIDT + HAENSCH\",\"url\":\"https:\/\/amazing-pasteur.212-53-165-88.plesk.page\/es\/\",\"logo\":{\"@type\":\"ImageObject\",\"inLanguage\":\"es\",\"@id\":\"https:\/\/amazing-pasteur.212-53-165-88.plesk.page\/es\/#\/schema\/logo\/image\/\",\"url\":\"https:\/\/amazing-pasteur.212-53-165-88.plesk.page\/wp-content\/uploads\/2021\/01\/schmidthaensch-logo.svg\",\"contentUrl\":\"https:\/\/amazing-pasteur.212-53-165-88.plesk.page\/wp-content\/uploads\/2021\/01\/schmidthaensch-logo.svg\",\"width\":217,\"height\":57,\"caption\":\"SCHMIDT + HAENSCH\"},\"image\":{\"@id\":\"https:\/\/amazing-pasteur.212-53-165-88.plesk.page\/es\/#\/schema\/logo\/image\/\"}}]}<\/script>\n<!-- \/ Yoast SEO plugin. -->","yoast_head_json":{"title":"VariDens \u2013 Dens\u00edmetro | SCHMIDT + HAENSCH","description":"Este pr\u00e1ctico dens\u00edmetro de sobremesa de dise\u00f1o elegante de SCHMIDT + HAENSCH ofrece mediciones precisas y fiables \u2026","robots":{"index":"noindex","follow":"follow","max-snippet":"max-snippet:-1","max-image-preview":"max-image-preview:large","max-video-preview":"max-video-preview:-1"},"og_locale":"es_ES","og_type":"article","og_title":"VariDens \u2013 Dens\u00edmetro | SCHMIDT + HAENSCH","og_description":"Este pr\u00e1ctico dens\u00edmetro de sobremesa de dise\u00f1o elegante de SCHMIDT + HAENSCH ofrece mediciones precisas y fiables \u2026","og_url":"https:\/\/amazing-pasteur.212-53-165-88.plesk.page\/es\/producto\/varidens-densimetro\/","og_site_name":"SCHMIDT + HAENSCH","article_modified_time":"2025-06-24T07:40:13+00:00","og_image":[{"width":2560,"height":1575,"url":"https:\/\/amazing-pasteur.212-53-165-88.plesk.page\/wp-content\/uploads\/2021\/04\/vari-dichte-fur-AZ-scaled.jpg","type":"image\/jpeg"}],"twitter_card":"summary_large_image","schema":{"@context":"https:\/\/schema.org","@graph":[{"@type":["WebPage","ItemPage"],"@id":"https:\/\/amazing-pasteur.212-53-165-88.plesk.page\/es\/producto\/varidens-densimetro\/","url":"https:\/\/amazing-pasteur.212-53-165-88.plesk.page\/es\/producto\/varidens-densimetro\/","name":"VariDens \u2013 Dens\u00edmetro | SCHMIDT + HAENSCH","isPartOf":{"@id":"https:\/\/amazing-pasteur.212-53-165-88.plesk.page\/es\/#website"},"primaryImageOfPage":{"@id":"https:\/\/amazing-pasteur.212-53-165-88.plesk.page\/es\/producto\/varidens-densimetro\/#primaryimage"},"image":{"@id":"https:\/\/amazing-pasteur.212-53-165-88.plesk.page\/es\/producto\/varidens-densimetro\/#primaryimage"},"thumbnailUrl":"https:\/\/amazing-pasteur.212-53-165-88.plesk.page\/wp-content\/uploads\/2021\/04\/vari-dichte-fur-AZ-scaled.jpg","datePublished":"2022-03-10T13:18:19+00:00","dateModified":"2025-06-24T07:40:13+00:00","description":"Este pr\u00e1ctico dens\u00edmetro de sobremesa de dise\u00f1o elegante de SCHMIDT + HAENSCH ofrece mediciones precisas y fiables \u2026","breadcrumb":{"@id":"https:\/\/amazing-pasteur.212-53-165-88.plesk.page\/es\/producto\/varidens-densimetro\/#breadcrumb"},"inLanguage":"es","potentialAction":[{"@type":"ReadAction","target":["https:\/\/amazing-pasteur.212-53-165-88.plesk.page\/es\/producto\/varidens-densimetro\/"]}]},{"@type":"ImageObject","inLanguage":"es","@id":"https:\/\/amazing-pasteur.212-53-165-88.plesk.page\/es\/producto\/varidens-densimetro\/#primaryimage","url":"https:\/\/amazing-pasteur.212-53-165-88.plesk.page\/wp-content\/uploads\/2021\/04\/vari-dichte-fur-AZ-scaled.jpg","contentUrl":"https:\/\/amazing-pasteur.212-53-165-88.plesk.page\/wp-content\/uploads\/2021\/04\/vari-dichte-fur-AZ-scaled.jpg","width":2560,"height":1575,"caption":"Dens\u00edmetro para m\u00faltiples aplicaciones de SCHMIDT + HAENSCH"},{"@type":"BreadcrumbList","@id":"https:\/\/amazing-pasteur.212-53-165-88.plesk.page\/es\/producto\/varidens-densimetro\/#breadcrumb","itemListElement":[{"@type":"ListItem","position":1,"name":"Home","item":"https:\/\/amazing-pasteur.212-53-165-88.plesk.page\/es\/"},{"@type":"ListItem","position":2,"name":"Tienda","item":"https:\/\/amazing-pasteur.212-53-165-88.plesk.page\/es\/tienda\/"},{"@type":"ListItem","position":3,"name":"VariDens \u2013 Dens\u00edmetro"}]},{"@type":"WebSite","@id":"https:\/\/amazing-pasteur.212-53-165-88.plesk.page\/es\/#website","url":"https:\/\/amazing-pasteur.212-53-165-88.plesk.page\/es\/","name":"SCHMIDT + HAENSCH","description":"Hochwertige Laborger\u00e4te, Inline-Prozessrefraktometer und Automatisierungsl\u00f6sungen","publisher":{"@id":"https:\/\/amazing-pasteur.212-53-165-88.plesk.page\/es\/#organization"},"potentialAction":[{"@type":"SearchAction","target":{"@type":"EntryPoint","urlTemplate":"https:\/\/amazing-pasteur.212-53-165-88.plesk.page\/es\/?s={search_term_string}"},"query-input":{"@type":"PropertyValueSpecification","valueRequired":true,"valueName":"search_term_string"}}],"inLanguage":"es"},{"@type":"Organization","@id":"https:\/\/amazing-pasteur.212-53-165-88.plesk.page\/es\/#organization","name":"SCHMIDT + HAENSCH","url":"https:\/\/amazing-pasteur.212-53-165-88.plesk.page\/es\/","logo":{"@type":"ImageObject","inLanguage":"es","@id":"https:\/\/amazing-pasteur.212-53-165-88.plesk.page\/es\/#\/schema\/logo\/image\/","url":"https:\/\/amazing-pasteur.212-53-165-88.plesk.page\/wp-content\/uploads\/2021\/01\/schmidthaensch-logo.svg","contentUrl":"https:\/\/amazing-pasteur.212-53-165-88.plesk.page\/wp-content\/uploads\/2021\/01\/schmidthaensch-logo.svg","width":217,"height":57,"caption":"SCHMIDT + HAENSCH"},"image":{"@id":"https:\/\/amazing-pasteur.212-53-165-88.plesk.page\/es\/#\/schema\/logo\/image\/"}}]}},"_links":{"self":[{"href":"https:\/\/amazing-pasteur.212-53-165-88.plesk.page\/es\/wp-json\/wp\/v2\/product\/18757","targetHints":{"allow":["GET"]}}],"collection":[{"href":"https:\/\/amazing-pasteur.212-53-165-88.plesk.page\/es\/wp-json\/wp\/v2\/product"}],"about":[{"href":"https:\/\/amazing-pasteur.212-53-165-88.plesk.page\/es\/wp-json\/wp\/v2\/types\/product"}],"version-history":[{"count":0,"href":"https:\/\/amazing-pasteur.212-53-165-88.plesk.page\/es\/wp-json\/wp\/v2\/product\/18757\/revisions"}],"wp:featuredmedia":[{"embeddable":true,"href":"https:\/\/amazing-pasteur.212-53-165-88.plesk.page\/es\/wp-json\/wp\/v2\/media\/12268"}],"wp:attachment":[{"href":"https:\/\/amazing-pasteur.212-53-165-88.plesk.page\/es\/wp-json\/wp\/v2\/media?parent=18757"}],"wp:term":[{"taxonomy":"product_brand","embeddable":true,"href":"https:\/\/amazing-pasteur.212-53-165-88.plesk.page\/es\/wp-json\/wp\/v2\/product_brand?post=18757"},{"taxonomy":"product_cat","embeddable":true,"href":"https:\/\/amazing-pasteur.212-53-165-88.plesk.page\/es\/wp-json\/wp\/v2\/product_cat?post=18757"},{"taxonomy":"product_tag","embeddable":true,"href":"https:\/\/amazing-pasteur.212-53-165-88.plesk.page\/es\/wp-json\/wp\/v2\/product_tag?post=18757"}],"curies":[{"name":"wp","href":"https:\/\/api.w.org\/{rel}","templated":true}]}}