{"id":18803,"date":"2023-01-01T11:03:48","date_gmt":"2022-03-09T13:52:15","guid":{"rendered":"https:\/\/schmidt-haensch.com\/product\/atr-p\/"},"modified":"2025-03-13T07:56:06","modified_gmt":"2025-03-13T07:56:06","slug":"atr-p-2","status":"publish","type":"product","link":"https:\/\/amazing-pasteur.212-53-165-88.plesk.page\/es\/producto\/atr-p-2\/","title":{"rendered":"ATR P"},"content":{"rendered":"","protected":false},"excerpt":{"rendered":"","protected":false},"featured_media":30941,"template":"","meta":{"spc_primary_product_brand":-1,"spc_primary_product_cat":-1},"product_brand":[],"product_cat":[678,744],"product_tag":[713,1094,625,650,895,661,886,651,915,777,776],"class_list":{"0":"post-18803","1":"product","2":"type-product","3":"status-publish","4":"has-post-thumbnail","6":"product_cat-instrumentos-de-laboratorio-es","7":"product_cat-refractometro-de-laboratorio","8":"product_tag-aditivos-de-azucar-en-alimentos-y-bebidas","9":"product_tag-agua-en-la-miel","10":"product_tag-azucar","11":"product_tag-brix-grado-brix-bx","12":"product_tag-control-de-mermeladas-y-procesos-de-coccion","13":"product_tag-escala-de-oechsle-es","14":"product_tag-grado-platon-plato","15":"product_tag-indice-de-refraccion-ri","16":"product_tag-laboratorio-de-analisis-de-azucares","17":"product_tag-pago-del-azucar","18":"product_tag-pureza-del-azucar","20":"first","21":"instock","22":"sold-individually","23":"shipping-taxable","24":"product-type-simple"},"yoast_head":"<!-- This site is optimized with the Yoast SEO plugin v27.1.1 - https:\/\/yoast.com\/product\/yoast-seo-wordpress\/ -->\n<title>ATR P | SCHMIDT + HAENSCH<\/title>\n<meta name=\"description\" content=\"El robusto refract\u00f3metro de \u00e1ngulo cr\u00edtico ATR-P est\u00e1 especialmente dise\u00f1ado para aplicaciones en la industria azucarera y ...\" \/>\n<meta name=\"robots\" content=\"noindex, follow, max-snippet:-1, max-image-preview:large, max-video-preview:-1\" \/>\n<meta property=\"og:locale\" content=\"es_ES\" \/>\n<meta property=\"og:type\" content=\"article\" \/>\n<meta property=\"og:title\" content=\"ATR P | SCHMIDT + HAENSCH\" \/>\n<meta property=\"og:description\" content=\"El robusto refract\u00f3metro de \u00e1ngulo cr\u00edtico ATR-P est\u00e1 especialmente dise\u00f1ado para aplicaciones en la industria azucarera y ...\" \/>\n<meta property=\"og:url\" content=\"https:\/\/amazing-pasteur.212-53-165-88.plesk.page\/es\/producto\/atr-p-2\/\" \/>\n<meta property=\"og:site_name\" content=\"SCHMIDT + HAENSCH\" \/>\n<meta property=\"article:modified_time\" content=\"2025-03-13T07:56:06+00:00\" \/>\n<meta property=\"og:image\" content=\"https:\/\/amazing-pasteur.212-53-165-88.plesk.page\/wp-content\/uploads\/2021\/03\/atr-p-1024x683.png\" \/>\n\t<meta property=\"og:image:width\" content=\"1024\" \/>\n\t<meta property=\"og:image:height\" content=\"683\" \/>\n\t<meta property=\"og:image:type\" content=\"image\/png\" \/>\n<meta name=\"twitter:card\" content=\"summary_large_image\" \/>\n<script type=\"application\/ld+json\" class=\"yoast-schema-graph\">{\"@context\":\"https:\/\/schema.org\",\"@graph\":[{\"@type\":[\"WebPage\",\"ItemPage\"],\"@id\":\"https:\/\/amazing-pasteur.212-53-165-88.plesk.page\/es\/producto\/atr-p-2\/\",\"url\":\"https:\/\/amazing-pasteur.212-53-165-88.plesk.page\/es\/producto\/atr-p-2\/\",\"name\":\"ATR P | SCHMIDT + HAENSCH\",\"isPartOf\":{\"@id\":\"https:\/\/amazing-pasteur.212-53-165-88.plesk.page\/es\/#website\"},\"primaryImageOfPage\":{\"@id\":\"https:\/\/amazing-pasteur.212-53-165-88.plesk.page\/es\/producto\/atr-p-2\/#primaryimage\"},\"image\":{\"@id\":\"https:\/\/amazing-pasteur.212-53-165-88.plesk.page\/es\/producto\/atr-p-2\/#primaryimage\"},\"thumbnailUrl\":\"https:\/\/amazing-pasteur.212-53-165-88.plesk.page\/wp-content\/uploads\/2021\/03\/atr-p-scaled.png\",\"datePublished\":\"2022-03-09T13:52:15+00:00\",\"dateModified\":\"2025-03-13T07:56:06+00:00\",\"description\":\"El robusto refract\u00f3metro de \u00e1ngulo cr\u00edtico ATR-P est\u00e1 especialmente dise\u00f1ado para aplicaciones en la industria azucarera y ...\",\"breadcrumb\":{\"@id\":\"https:\/\/amazing-pasteur.212-53-165-88.plesk.page\/es\/producto\/atr-p-2\/#breadcrumb\"},\"inLanguage\":\"es\",\"potentialAction\":[{\"@type\":\"ReadAction\",\"target\":[\"https:\/\/amazing-pasteur.212-53-165-88.plesk.page\/es\/producto\/atr-p-2\/\"]}]},{\"@type\":\"ImageObject\",\"inLanguage\":\"es\",\"@id\":\"https:\/\/amazing-pasteur.212-53-165-88.plesk.page\/es\/producto\/atr-p-2\/#primaryimage\",\"url\":\"https:\/\/amazing-pasteur.212-53-165-88.plesk.page\/wp-content\/uploads\/2021\/03\/atr-p-scaled.png\",\"contentUrl\":\"https:\/\/amazing-pasteur.212-53-165-88.plesk.page\/wp-content\/uploads\/2021\/03\/atr-p-scaled.png\",\"width\":2560,\"height\":1707},{\"@type\":\"BreadcrumbList\",\"@id\":\"https:\/\/amazing-pasteur.212-53-165-88.plesk.page\/es\/producto\/atr-p-2\/#breadcrumb\",\"itemListElement\":[{\"@type\":\"ListItem\",\"position\":1,\"name\":\"Home\",\"item\":\"https:\/\/amazing-pasteur.212-53-165-88.plesk.page\/es\/\"},{\"@type\":\"ListItem\",\"position\":2,\"name\":\"Tienda\",\"item\":\"https:\/\/amazing-pasteur.212-53-165-88.plesk.page\/es\/tienda\/\"},{\"@type\":\"ListItem\",\"position\":3,\"name\":\"ATR P\"}]},{\"@type\":\"WebSite\",\"@id\":\"https:\/\/amazing-pasteur.212-53-165-88.plesk.page\/es\/#website\",\"url\":\"https:\/\/amazing-pasteur.212-53-165-88.plesk.page\/es\/\",\"name\":\"SCHMIDT + HAENSCH\",\"description\":\"Hochwertige Laborger\u00e4te, Inline-Prozessrefraktometer und Automatisierungsl\u00f6sungen\",\"publisher\":{\"@id\":\"https:\/\/amazing-pasteur.212-53-165-88.plesk.page\/es\/#organization\"},\"potentialAction\":[{\"@type\":\"SearchAction\",\"target\":{\"@type\":\"EntryPoint\",\"urlTemplate\":\"https:\/\/amazing-pasteur.212-53-165-88.plesk.page\/es\/?s={search_term_string}\"},\"query-input\":{\"@type\":\"PropertyValueSpecification\",\"valueRequired\":true,\"valueName\":\"search_term_string\"}}],\"inLanguage\":\"es\"},{\"@type\":\"Organization\",\"@id\":\"https:\/\/amazing-pasteur.212-53-165-88.plesk.page\/es\/#organization\",\"name\":\"SCHMIDT + HAENSCH\",\"url\":\"https:\/\/amazing-pasteur.212-53-165-88.plesk.page\/es\/\",\"logo\":{\"@type\":\"ImageObject\",\"inLanguage\":\"es\",\"@id\":\"https:\/\/amazing-pasteur.212-53-165-88.plesk.page\/es\/#\/schema\/logo\/image\/\",\"url\":\"https:\/\/amazing-pasteur.212-53-165-88.plesk.page\/wp-content\/uploads\/2021\/01\/schmidthaensch-logo.svg\",\"contentUrl\":\"https:\/\/amazing-pasteur.212-53-165-88.plesk.page\/wp-content\/uploads\/2021\/01\/schmidthaensch-logo.svg\",\"width\":217,\"height\":57,\"caption\":\"SCHMIDT + HAENSCH\"},\"image\":{\"@id\":\"https:\/\/amazing-pasteur.212-53-165-88.plesk.page\/es\/#\/schema\/logo\/image\/\"}}]}<\/script>\n<!-- \/ Yoast SEO plugin. -->","yoast_head_json":{"title":"ATR P | SCHMIDT + HAENSCH","description":"El robusto refract\u00f3metro de \u00e1ngulo cr\u00edtico ATR-P est\u00e1 especialmente dise\u00f1ado para aplicaciones en la industria azucarera y ...","robots":{"index":"noindex","follow":"follow","max-snippet":"max-snippet:-1","max-image-preview":"max-image-preview:large","max-video-preview":"max-video-preview:-1"},"og_locale":"es_ES","og_type":"article","og_title":"ATR P | SCHMIDT + HAENSCH","og_description":"El robusto refract\u00f3metro de \u00e1ngulo cr\u00edtico ATR-P est\u00e1 especialmente dise\u00f1ado para aplicaciones en la industria azucarera y ...","og_url":"https:\/\/amazing-pasteur.212-53-165-88.plesk.page\/es\/producto\/atr-p-2\/","og_site_name":"SCHMIDT + HAENSCH","article_modified_time":"2025-03-13T07:56:06+00:00","og_image":[{"width":1024,"height":683,"url":"https:\/\/amazing-pasteur.212-53-165-88.plesk.page\/wp-content\/uploads\/2021\/03\/atr-p-1024x683.png","type":"image\/png"}],"twitter_card":"summary_large_image","schema":{"@context":"https:\/\/schema.org","@graph":[{"@type":["WebPage","ItemPage"],"@id":"https:\/\/amazing-pasteur.212-53-165-88.plesk.page\/es\/producto\/atr-p-2\/","url":"https:\/\/amazing-pasteur.212-53-165-88.plesk.page\/es\/producto\/atr-p-2\/","name":"ATR P | SCHMIDT + HAENSCH","isPartOf":{"@id":"https:\/\/amazing-pasteur.212-53-165-88.plesk.page\/es\/#website"},"primaryImageOfPage":{"@id":"https:\/\/amazing-pasteur.212-53-165-88.plesk.page\/es\/producto\/atr-p-2\/#primaryimage"},"image":{"@id":"https:\/\/amazing-pasteur.212-53-165-88.plesk.page\/es\/producto\/atr-p-2\/#primaryimage"},"thumbnailUrl":"https:\/\/amazing-pasteur.212-53-165-88.plesk.page\/wp-content\/uploads\/2021\/03\/atr-p-scaled.png","datePublished":"2022-03-09T13:52:15+00:00","dateModified":"2025-03-13T07:56:06+00:00","description":"El robusto refract\u00f3metro de \u00e1ngulo cr\u00edtico ATR-P est\u00e1 especialmente dise\u00f1ado para aplicaciones en la industria azucarera y ...","breadcrumb":{"@id":"https:\/\/amazing-pasteur.212-53-165-88.plesk.page\/es\/producto\/atr-p-2\/#breadcrumb"},"inLanguage":"es","potentialAction":[{"@type":"ReadAction","target":["https:\/\/amazing-pasteur.212-53-165-88.plesk.page\/es\/producto\/atr-p-2\/"]}]},{"@type":"ImageObject","inLanguage":"es","@id":"https:\/\/amazing-pasteur.212-53-165-88.plesk.page\/es\/producto\/atr-p-2\/#primaryimage","url":"https:\/\/amazing-pasteur.212-53-165-88.plesk.page\/wp-content\/uploads\/2021\/03\/atr-p-scaled.png","contentUrl":"https:\/\/amazing-pasteur.212-53-165-88.plesk.page\/wp-content\/uploads\/2021\/03\/atr-p-scaled.png","width":2560,"height":1707},{"@type":"BreadcrumbList","@id":"https:\/\/amazing-pasteur.212-53-165-88.plesk.page\/es\/producto\/atr-p-2\/#breadcrumb","itemListElement":[{"@type":"ListItem","position":1,"name":"Home","item":"https:\/\/amazing-pasteur.212-53-165-88.plesk.page\/es\/"},{"@type":"ListItem","position":2,"name":"Tienda","item":"https:\/\/amazing-pasteur.212-53-165-88.plesk.page\/es\/tienda\/"},{"@type":"ListItem","position":3,"name":"ATR P"}]},{"@type":"WebSite","@id":"https:\/\/amazing-pasteur.212-53-165-88.plesk.page\/es\/#website","url":"https:\/\/amazing-pasteur.212-53-165-88.plesk.page\/es\/","name":"SCHMIDT + HAENSCH","description":"Hochwertige Laborger\u00e4te, Inline-Prozessrefraktometer und Automatisierungsl\u00f6sungen","publisher":{"@id":"https:\/\/amazing-pasteur.212-53-165-88.plesk.page\/es\/#organization"},"potentialAction":[{"@type":"SearchAction","target":{"@type":"EntryPoint","urlTemplate":"https:\/\/amazing-pasteur.212-53-165-88.plesk.page\/es\/?s={search_term_string}"},"query-input":{"@type":"PropertyValueSpecification","valueRequired":true,"valueName":"search_term_string"}}],"inLanguage":"es"},{"@type":"Organization","@id":"https:\/\/amazing-pasteur.212-53-165-88.plesk.page\/es\/#organization","name":"SCHMIDT + HAENSCH","url":"https:\/\/amazing-pasteur.212-53-165-88.plesk.page\/es\/","logo":{"@type":"ImageObject","inLanguage":"es","@id":"https:\/\/amazing-pasteur.212-53-165-88.plesk.page\/es\/#\/schema\/logo\/image\/","url":"https:\/\/amazing-pasteur.212-53-165-88.plesk.page\/wp-content\/uploads\/2021\/01\/schmidthaensch-logo.svg","contentUrl":"https:\/\/amazing-pasteur.212-53-165-88.plesk.page\/wp-content\/uploads\/2021\/01\/schmidthaensch-logo.svg","width":217,"height":57,"caption":"SCHMIDT + HAENSCH"},"image":{"@id":"https:\/\/amazing-pasteur.212-53-165-88.plesk.page\/es\/#\/schema\/logo\/image\/"}}]}},"_links":{"self":[{"href":"https:\/\/amazing-pasteur.212-53-165-88.plesk.page\/es\/wp-json\/wp\/v2\/product\/18803","targetHints":{"allow":["GET"]}}],"collection":[{"href":"https:\/\/amazing-pasteur.212-53-165-88.plesk.page\/es\/wp-json\/wp\/v2\/product"}],"about":[{"href":"https:\/\/amazing-pasteur.212-53-165-88.plesk.page\/es\/wp-json\/wp\/v2\/types\/product"}],"version-history":[{"count":0,"href":"https:\/\/amazing-pasteur.212-53-165-88.plesk.page\/es\/wp-json\/wp\/v2\/product\/18803\/revisions"}],"wp:featuredmedia":[{"embeddable":true,"href":"https:\/\/amazing-pasteur.212-53-165-88.plesk.page\/es\/wp-json\/wp\/v2\/media\/30941"}],"wp:attachment":[{"href":"https:\/\/amazing-pasteur.212-53-165-88.plesk.page\/es\/wp-json\/wp\/v2\/media?parent=18803"}],"wp:term":[{"taxonomy":"product_brand","embeddable":true,"href":"https:\/\/amazing-pasteur.212-53-165-88.plesk.page\/es\/wp-json\/wp\/v2\/product_brand?post=18803"},{"taxonomy":"product_cat","embeddable":true,"href":"https:\/\/amazing-pasteur.212-53-165-88.plesk.page\/es\/wp-json\/wp\/v2\/product_cat?post=18803"},{"taxonomy":"product_tag","embeddable":true,"href":"https:\/\/amazing-pasteur.212-53-165-88.plesk.page\/es\/wp-json\/wp\/v2\/product_tag?post=18803"}],"curies":[{"name":"wp","href":"https:\/\/api.w.org\/{rel}","templated":true}]}}