{"id":18807,"date":"2023-01-01T11:01:25","date_gmt":"2023-01-01T11:01:25","guid":{"rendered":"https:\/\/schmidt-haensch.com\/product\/atr-br\/"},"modified":"2024-11-07T08:15:05","modified_gmt":"2024-11-07T08:15:05","slug":"atr-br","status":"publish","type":"product","link":"https:\/\/amazing-pasteur.212-53-165-88.plesk.page\/es\/producto\/atr-br\/","title":{"rendered":"ATR BR"},"content":{"rendered":"","protected":false},"excerpt":{"rendered":"","protected":false},"featured_media":11630,"template":"","meta":{"spc_primary_product_brand":0,"spc_primary_product_cat":0},"product_brand":[],"product_cat":[678,744],"product_tag":[625,650,891,661,1131,886,651,887],"class_list":{"0":"post-18807","1":"product","2":"type-product","3":"status-publish","4":"has-post-thumbnail","6":"product_cat-instrumentos-de-laboratorio-es","7":"product_cat-refractometro-de-laboratorio","8":"product_tag-azucar","9":"product_tag-brix-grado-brix-bx","10":"product_tag-concentrados-y-dilucion-de-refrescos","11":"product_tag-escala-de-oechsle-es","12":"product_tag-grado-de-madurez-de-las-frutas-y-hortalizas","13":"product_tag-grado-platon-plato","14":"product_tag-indice-de-refraccion-ri","15":"product_tag-sustancia-seca-refractometrica-rds","17":"first","18":"instock","19":"sold-individually","20":"shipping-taxable","21":"product-type-simple"},"yoast_head":"<!-- This site is optimized with the Yoast SEO plugin v27.1.1 - https:\/\/yoast.com\/product\/yoast-seo-wordpress\/ -->\n<title>ATR BR | SCHMIDT + HAENSCH<\/title>\n<meta name=\"description\" content=\"Un refract\u00f3metro aut\u00f3nomo de \u00e1ngulo cr\u00edtico para medir medios l\u00edquidos de baja a alta viscosidad, independientemente de la opacidad y el color ...\" \/>\n<meta name=\"robots\" content=\"noindex, follow, max-snippet:-1, max-image-preview:large, max-video-preview:-1\" \/>\n<meta property=\"og:locale\" content=\"es_ES\" \/>\n<meta property=\"og:type\" content=\"article\" \/>\n<meta property=\"og:title\" content=\"ATR BR | SCHMIDT + HAENSCH\" \/>\n<meta property=\"og:description\" content=\"Un refract\u00f3metro aut\u00f3nomo de \u00e1ngulo cr\u00edtico para medir medios l\u00edquidos de baja a alta viscosidad, independientemente de la opacidad y el color ...\" \/>\n<meta property=\"og:url\" content=\"https:\/\/amazing-pasteur.212-53-165-88.plesk.page\/es\/producto\/atr-br\/\" \/>\n<meta property=\"og:site_name\" content=\"SCHMIDT + HAENSCH\" \/>\n<meta property=\"article:modified_time\" content=\"2024-11-07T08:15:05+00:00\" \/>\n<meta property=\"og:image\" content=\"https:\/\/amazing-pasteur.212-53-165-88.plesk.page\/wp-content\/uploads\/2021\/03\/SH_ATR-BR_availableagain.png\" \/>\n\t<meta property=\"og:image:width\" content=\"1536\" \/>\n\t<meta property=\"og:image:height\" content=\"1093\" \/>\n\t<meta property=\"og:image:type\" content=\"image\/png\" \/>\n<meta name=\"twitter:card\" content=\"summary_large_image\" \/>\n<script type=\"application\/ld+json\" class=\"yoast-schema-graph\">{\"@context\":\"https:\/\/schema.org\",\"@graph\":[{\"@type\":[\"WebPage\",\"ItemPage\"],\"@id\":\"https:\/\/amazing-pasteur.212-53-165-88.plesk.page\/es\/producto\/atr-br\/\",\"url\":\"https:\/\/amazing-pasteur.212-53-165-88.plesk.page\/es\/producto\/atr-br\/\",\"name\":\"ATR BR | SCHMIDT + HAENSCH\",\"isPartOf\":{\"@id\":\"https:\/\/amazing-pasteur.212-53-165-88.plesk.page\/es\/#website\"},\"primaryImageOfPage\":{\"@id\":\"https:\/\/amazing-pasteur.212-53-165-88.plesk.page\/es\/producto\/atr-br\/#primaryimage\"},\"image\":{\"@id\":\"https:\/\/amazing-pasteur.212-53-165-88.plesk.page\/es\/producto\/atr-br\/#primaryimage\"},\"thumbnailUrl\":\"https:\/\/amazing-pasteur.212-53-165-88.plesk.page\/wp-content\/uploads\/2021\/03\/SH-ATR-BR-lk-ohne-scaled.jpg\",\"datePublished\":\"2023-01-01T11:01:25+00:00\",\"dateModified\":\"2024-11-07T08:15:05+00:00\",\"description\":\"Un refract\u00f3metro aut\u00f3nomo de \u00e1ngulo cr\u00edtico para medir medios l\u00edquidos de baja a alta viscosidad, independientemente de la opacidad y el color ...\",\"breadcrumb\":{\"@id\":\"https:\/\/amazing-pasteur.212-53-165-88.plesk.page\/es\/producto\/atr-br\/#breadcrumb\"},\"inLanguage\":\"es\",\"potentialAction\":[{\"@type\":\"ReadAction\",\"target\":[\"https:\/\/amazing-pasteur.212-53-165-88.plesk.page\/es\/producto\/atr-br\/\"]}]},{\"@type\":\"ImageObject\",\"inLanguage\":\"es\",\"@id\":\"https:\/\/amazing-pasteur.212-53-165-88.plesk.page\/es\/producto\/atr-br\/#primaryimage\",\"url\":\"https:\/\/amazing-pasteur.212-53-165-88.plesk.page\/wp-content\/uploads\/2021\/03\/SH-ATR-BR-lk-ohne-scaled.jpg\",\"contentUrl\":\"https:\/\/amazing-pasteur.212-53-165-88.plesk.page\/wp-content\/uploads\/2021\/03\/SH-ATR-BR-lk-ohne-scaled.jpg\",\"width\":2560,\"height\":1706,\"caption\":\"Refract\u00f3metro compacto de laboratorio\"},{\"@type\":\"BreadcrumbList\",\"@id\":\"https:\/\/amazing-pasteur.212-53-165-88.plesk.page\/es\/producto\/atr-br\/#breadcrumb\",\"itemListElement\":[{\"@type\":\"ListItem\",\"position\":1,\"name\":\"Home\",\"item\":\"https:\/\/amazing-pasteur.212-53-165-88.plesk.page\/es\/\"},{\"@type\":\"ListItem\",\"position\":2,\"name\":\"Tienda\",\"item\":\"https:\/\/amazing-pasteur.212-53-165-88.plesk.page\/es\/tienda\/\"},{\"@type\":\"ListItem\",\"position\":3,\"name\":\"ATR BR\"}]},{\"@type\":\"WebSite\",\"@id\":\"https:\/\/amazing-pasteur.212-53-165-88.plesk.page\/es\/#website\",\"url\":\"https:\/\/amazing-pasteur.212-53-165-88.plesk.page\/es\/\",\"name\":\"SCHMIDT + HAENSCH\",\"description\":\"Hochwertige Laborger\u00e4te, Inline-Prozessrefraktometer und Automatisierungsl\u00f6sungen\",\"publisher\":{\"@id\":\"https:\/\/amazing-pasteur.212-53-165-88.plesk.page\/es\/#organization\"},\"potentialAction\":[{\"@type\":\"SearchAction\",\"target\":{\"@type\":\"EntryPoint\",\"urlTemplate\":\"https:\/\/amazing-pasteur.212-53-165-88.plesk.page\/es\/?s={search_term_string}\"},\"query-input\":{\"@type\":\"PropertyValueSpecification\",\"valueRequired\":true,\"valueName\":\"search_term_string\"}}],\"inLanguage\":\"es\"},{\"@type\":\"Organization\",\"@id\":\"https:\/\/amazing-pasteur.212-53-165-88.plesk.page\/es\/#organization\",\"name\":\"SCHMIDT + HAENSCH\",\"url\":\"https:\/\/amazing-pasteur.212-53-165-88.plesk.page\/es\/\",\"logo\":{\"@type\":\"ImageObject\",\"inLanguage\":\"es\",\"@id\":\"https:\/\/amazing-pasteur.212-53-165-88.plesk.page\/es\/#\/schema\/logo\/image\/\",\"url\":\"https:\/\/amazing-pasteur.212-53-165-88.plesk.page\/wp-content\/uploads\/2021\/01\/schmidthaensch-logo.svg\",\"contentUrl\":\"https:\/\/amazing-pasteur.212-53-165-88.plesk.page\/wp-content\/uploads\/2021\/01\/schmidthaensch-logo.svg\",\"width\":217,\"height\":57,\"caption\":\"SCHMIDT + HAENSCH\"},\"image\":{\"@id\":\"https:\/\/amazing-pasteur.212-53-165-88.plesk.page\/es\/#\/schema\/logo\/image\/\"}}]}<\/script>\n<!-- \/ Yoast SEO plugin. -->","yoast_head_json":{"title":"ATR BR | SCHMIDT + HAENSCH","description":"Un refract\u00f3metro aut\u00f3nomo de \u00e1ngulo cr\u00edtico para medir medios l\u00edquidos de baja a alta viscosidad, independientemente de la opacidad y el color ...","robots":{"index":"noindex","follow":"follow","max-snippet":"max-snippet:-1","max-image-preview":"max-image-preview:large","max-video-preview":"max-video-preview:-1"},"og_locale":"es_ES","og_type":"article","og_title":"ATR BR | SCHMIDT + HAENSCH","og_description":"Un refract\u00f3metro aut\u00f3nomo de \u00e1ngulo cr\u00edtico para medir medios l\u00edquidos de baja a alta viscosidad, independientemente de la opacidad y el color ...","og_url":"https:\/\/amazing-pasteur.212-53-165-88.plesk.page\/es\/producto\/atr-br\/","og_site_name":"SCHMIDT + HAENSCH","article_modified_time":"2024-11-07T08:15:05+00:00","og_image":[{"width":1536,"height":1093,"url":"https:\/\/amazing-pasteur.212-53-165-88.plesk.page\/wp-content\/uploads\/2021\/03\/SH_ATR-BR_availableagain.png","type":"image\/png"}],"twitter_card":"summary_large_image","schema":{"@context":"https:\/\/schema.org","@graph":[{"@type":["WebPage","ItemPage"],"@id":"https:\/\/amazing-pasteur.212-53-165-88.plesk.page\/es\/producto\/atr-br\/","url":"https:\/\/amazing-pasteur.212-53-165-88.plesk.page\/es\/producto\/atr-br\/","name":"ATR BR | SCHMIDT + HAENSCH","isPartOf":{"@id":"https:\/\/amazing-pasteur.212-53-165-88.plesk.page\/es\/#website"},"primaryImageOfPage":{"@id":"https:\/\/amazing-pasteur.212-53-165-88.plesk.page\/es\/producto\/atr-br\/#primaryimage"},"image":{"@id":"https:\/\/amazing-pasteur.212-53-165-88.plesk.page\/es\/producto\/atr-br\/#primaryimage"},"thumbnailUrl":"https:\/\/amazing-pasteur.212-53-165-88.plesk.page\/wp-content\/uploads\/2021\/03\/SH-ATR-BR-lk-ohne-scaled.jpg","datePublished":"2023-01-01T11:01:25+00:00","dateModified":"2024-11-07T08:15:05+00:00","description":"Un refract\u00f3metro aut\u00f3nomo de \u00e1ngulo cr\u00edtico para medir medios l\u00edquidos de baja a alta viscosidad, independientemente de la opacidad y el color ...","breadcrumb":{"@id":"https:\/\/amazing-pasteur.212-53-165-88.plesk.page\/es\/producto\/atr-br\/#breadcrumb"},"inLanguage":"es","potentialAction":[{"@type":"ReadAction","target":["https:\/\/amazing-pasteur.212-53-165-88.plesk.page\/es\/producto\/atr-br\/"]}]},{"@type":"ImageObject","inLanguage":"es","@id":"https:\/\/amazing-pasteur.212-53-165-88.plesk.page\/es\/producto\/atr-br\/#primaryimage","url":"https:\/\/amazing-pasteur.212-53-165-88.plesk.page\/wp-content\/uploads\/2021\/03\/SH-ATR-BR-lk-ohne-scaled.jpg","contentUrl":"https:\/\/amazing-pasteur.212-53-165-88.plesk.page\/wp-content\/uploads\/2021\/03\/SH-ATR-BR-lk-ohne-scaled.jpg","width":2560,"height":1706,"caption":"Refract\u00f3metro compacto de laboratorio"},{"@type":"BreadcrumbList","@id":"https:\/\/amazing-pasteur.212-53-165-88.plesk.page\/es\/producto\/atr-br\/#breadcrumb","itemListElement":[{"@type":"ListItem","position":1,"name":"Home","item":"https:\/\/amazing-pasteur.212-53-165-88.plesk.page\/es\/"},{"@type":"ListItem","position":2,"name":"Tienda","item":"https:\/\/amazing-pasteur.212-53-165-88.plesk.page\/es\/tienda\/"},{"@type":"ListItem","position":3,"name":"ATR BR"}]},{"@type":"WebSite","@id":"https:\/\/amazing-pasteur.212-53-165-88.plesk.page\/es\/#website","url":"https:\/\/amazing-pasteur.212-53-165-88.plesk.page\/es\/","name":"SCHMIDT + HAENSCH","description":"Hochwertige Laborger\u00e4te, Inline-Prozessrefraktometer und Automatisierungsl\u00f6sungen","publisher":{"@id":"https:\/\/amazing-pasteur.212-53-165-88.plesk.page\/es\/#organization"},"potentialAction":[{"@type":"SearchAction","target":{"@type":"EntryPoint","urlTemplate":"https:\/\/amazing-pasteur.212-53-165-88.plesk.page\/es\/?s={search_term_string}"},"query-input":{"@type":"PropertyValueSpecification","valueRequired":true,"valueName":"search_term_string"}}],"inLanguage":"es"},{"@type":"Organization","@id":"https:\/\/amazing-pasteur.212-53-165-88.plesk.page\/es\/#organization","name":"SCHMIDT + HAENSCH","url":"https:\/\/amazing-pasteur.212-53-165-88.plesk.page\/es\/","logo":{"@type":"ImageObject","inLanguage":"es","@id":"https:\/\/amazing-pasteur.212-53-165-88.plesk.page\/es\/#\/schema\/logo\/image\/","url":"https:\/\/amazing-pasteur.212-53-165-88.plesk.page\/wp-content\/uploads\/2021\/01\/schmidthaensch-logo.svg","contentUrl":"https:\/\/amazing-pasteur.212-53-165-88.plesk.page\/wp-content\/uploads\/2021\/01\/schmidthaensch-logo.svg","width":217,"height":57,"caption":"SCHMIDT + HAENSCH"},"image":{"@id":"https:\/\/amazing-pasteur.212-53-165-88.plesk.page\/es\/#\/schema\/logo\/image\/"}}]}},"_links":{"self":[{"href":"https:\/\/amazing-pasteur.212-53-165-88.plesk.page\/es\/wp-json\/wp\/v2\/product\/18807","targetHints":{"allow":["GET"]}}],"collection":[{"href":"https:\/\/amazing-pasteur.212-53-165-88.plesk.page\/es\/wp-json\/wp\/v2\/product"}],"about":[{"href":"https:\/\/amazing-pasteur.212-53-165-88.plesk.page\/es\/wp-json\/wp\/v2\/types\/product"}],"version-history":[{"count":0,"href":"https:\/\/amazing-pasteur.212-53-165-88.plesk.page\/es\/wp-json\/wp\/v2\/product\/18807\/revisions"}],"wp:featuredmedia":[{"embeddable":true,"href":"https:\/\/amazing-pasteur.212-53-165-88.plesk.page\/es\/wp-json\/wp\/v2\/media\/11630"}],"wp:attachment":[{"href":"https:\/\/amazing-pasteur.212-53-165-88.plesk.page\/es\/wp-json\/wp\/v2\/media?parent=18807"}],"wp:term":[{"taxonomy":"product_brand","embeddable":true,"href":"https:\/\/amazing-pasteur.212-53-165-88.plesk.page\/es\/wp-json\/wp\/v2\/product_brand?post=18807"},{"taxonomy":"product_cat","embeddable":true,"href":"https:\/\/amazing-pasteur.212-53-165-88.plesk.page\/es\/wp-json\/wp\/v2\/product_cat?post=18807"},{"taxonomy":"product_tag","embeddable":true,"href":"https:\/\/amazing-pasteur.212-53-165-88.plesk.page\/es\/wp-json\/wp\/v2\/product_tag?post=18807"}],"curies":[{"name":"wp","href":"https:\/\/api.w.org\/{rel}","templated":true}]}}