{"id":18591,"date":"2021-07-20T11:26:52","date_gmt":"2022-03-09T09:51:28","guid":{"rendered":"https:\/\/schmidt-haensch.com\/product\/boitier-varivent-en-ligne\/"},"modified":"2025-05-22T10:01:54","modified_gmt":"2025-05-22T10:01:54","slug":"varivent-en-ligne-logement","status":"publish","type":"product","link":"https:\/\/amazing-pasteur.212-53-165-88.plesk.page\/fr\/produit\/varivent-en-ligne-logement\/","title":{"rendered":"Bo\u00eetier VariVent en ligne"},"content":{"rendered":"","protected":false},"excerpt":{"rendered":"","protected":false},"featured_media":14578,"template":"","meta":{"spc_primary_product_brand":0,"spc_primary_product_cat":0},"product_brand":[],"product_cat":[608,686,627],"product_tag":[],"class_list":{"0":"post-18591","1":"product","2":"type-product","3":"status-publish","4":"has-post-thumbnail","6":"product_cat-accessoires","7":"product_cat-accessoires-de-traitement","8":"product_cat-refractometres-et-capteurs-de-processus-en-ligne","10":"first","11":"instock","12":"shipping-taxable","13":"product-type-simple"},"yoast_head":"<!-- This site is optimized with the Yoast SEO plugin v27.1.1 - https:\/\/yoast.com\/product\/yoast-seo-wordpress\/ -->\n<title>Bo\u00eetier VariVent en ligne SCHMIDT + HAENSCH<\/title>\n<meta name=\"description\" content=\"Bo\u00eetier de vanne hygi\u00e9nique norme la plus \u00e9lev\u00e9e pour les processus hygi\u00e9niques montage simple poign\u00e9es durables d\u00e9bit \u00e9lev\u00e9 et ...\" \/>\n<meta name=\"robots\" content=\"noindex, follow, max-snippet:-1, max-image-preview:large, max-video-preview:-1\" \/>\n<meta property=\"og:locale\" content=\"fr_FR\" \/>\n<meta property=\"og:type\" content=\"article\" \/>\n<meta property=\"og:title\" content=\"Bo\u00eetier VariVent en ligne SCHMIDT + HAENSCH\" \/>\n<meta property=\"og:description\" content=\"Bo\u00eetier de vanne hygi\u00e9nique norme la plus \u00e9lev\u00e9e pour les processus hygi\u00e9niques montage simple poign\u00e9es durables d\u00e9bit \u00e9lev\u00e9 et ...\" \/>\n<meta property=\"og:url\" content=\"https:\/\/amazing-pasteur.212-53-165-88.plesk.page\/fr\/produit\/varivent-en-ligne-logement\/\" \/>\n<meta property=\"og:site_name\" content=\"SCHMIDT + HAENSCH\" \/>\n<meta property=\"article:modified_time\" content=\"2025-05-22T10:01:54+00:00\" \/>\n<meta property=\"og:image\" content=\"https:\/\/amazing-pasteur.212-53-165-88.plesk.page\/wp-content\/uploads\/2021\/07\/VariVent.png\" \/>\n\t<meta property=\"og:image:width\" content=\"1600\" \/>\n\t<meta property=\"og:image:height\" content=\"1200\" \/>\n\t<meta property=\"og:image:type\" content=\"image\/png\" \/>\n<meta name=\"twitter:card\" content=\"summary_large_image\" \/>\n<script type=\"application\/ld+json\" class=\"yoast-schema-graph\">{\"@context\":\"https:\/\/schema.org\",\"@graph\":[{\"@type\":[\"WebPage\",\"ItemPage\"],\"@id\":\"https:\/\/amazing-pasteur.212-53-165-88.plesk.page\/fr\/produit\/varivent-en-ligne-logement\/\",\"url\":\"https:\/\/amazing-pasteur.212-53-165-88.plesk.page\/fr\/produit\/varivent-en-ligne-logement\/\",\"name\":\"Bo\u00eetier VariVent en ligne SCHMIDT + HAENSCH\",\"isPartOf\":{\"@id\":\"https:\/\/amazing-pasteur.212-53-165-88.plesk.page\/fr\/#website\"},\"primaryImageOfPage\":{\"@id\":\"https:\/\/amazing-pasteur.212-53-165-88.plesk.page\/fr\/produit\/varivent-en-ligne-logement\/#primaryimage\"},\"image\":{\"@id\":\"https:\/\/amazing-pasteur.212-53-165-88.plesk.page\/fr\/produit\/varivent-en-ligne-logement\/#primaryimage\"},\"thumbnailUrl\":\"https:\/\/amazing-pasteur.212-53-165-88.plesk.page\/wp-content\/uploads\/2021\/07\/VariVent.png\",\"datePublished\":\"2022-03-09T09:51:28+00:00\",\"dateModified\":\"2025-05-22T10:01:54+00:00\",\"description\":\"Bo\u00eetier de vanne hygi\u00e9nique norme la plus \u00e9lev\u00e9e pour les processus hygi\u00e9niques montage simple poign\u00e9es durables d\u00e9bit \u00e9lev\u00e9 et ...\",\"breadcrumb\":{\"@id\":\"https:\/\/amazing-pasteur.212-53-165-88.plesk.page\/fr\/produit\/varivent-en-ligne-logement\/#breadcrumb\"},\"inLanguage\":\"fr-FR\",\"potentialAction\":[{\"@type\":\"ReadAction\",\"target\":[\"https:\/\/amazing-pasteur.212-53-165-88.plesk.page\/fr\/produit\/varivent-en-ligne-logement\/\"]}]},{\"@type\":\"ImageObject\",\"inLanguage\":\"fr-FR\",\"@id\":\"https:\/\/amazing-pasteur.212-53-165-88.plesk.page\/fr\/produit\/varivent-en-ligne-logement\/#primaryimage\",\"url\":\"https:\/\/amazing-pasteur.212-53-165-88.plesk.page\/wp-content\/uploads\/2021\/07\/VariVent.png\",\"contentUrl\":\"https:\/\/amazing-pasteur.212-53-165-88.plesk.page\/wp-content\/uploads\/2021\/07\/VariVent.png\",\"width\":1600,\"height\":1200},{\"@type\":\"BreadcrumbList\",\"@id\":\"https:\/\/amazing-pasteur.212-53-165-88.plesk.page\/fr\/produit\/varivent-en-ligne-logement\/#breadcrumb\",\"itemListElement\":[{\"@type\":\"ListItem\",\"position\":1,\"name\":\"Home\",\"item\":\"https:\/\/amazing-pasteur.212-53-165-88.plesk.page\/fr\/\"},{\"@type\":\"ListItem\",\"position\":2,\"name\":\"Boutique\",\"item\":\"https:\/\/amazing-pasteur.212-53-165-88.plesk.page\/fr\/?page_id=18289\"},{\"@type\":\"ListItem\",\"position\":3,\"name\":\"Bo\u00eetier VariVent en ligne\"}]},{\"@type\":\"WebSite\",\"@id\":\"https:\/\/amazing-pasteur.212-53-165-88.plesk.page\/fr\/#website\",\"url\":\"https:\/\/amazing-pasteur.212-53-165-88.plesk.page\/fr\/\",\"name\":\"SCHMIDT + HAENSCH\",\"description\":\"Hochwertige Laborger\u00e4te, Inline-Prozessrefraktometer und Automatisierungsl\u00f6sungen\",\"publisher\":{\"@id\":\"https:\/\/amazing-pasteur.212-53-165-88.plesk.page\/fr\/#organization\"},\"potentialAction\":[{\"@type\":\"SearchAction\",\"target\":{\"@type\":\"EntryPoint\",\"urlTemplate\":\"https:\/\/amazing-pasteur.212-53-165-88.plesk.page\/fr\/?s={search_term_string}\"},\"query-input\":{\"@type\":\"PropertyValueSpecification\",\"valueRequired\":true,\"valueName\":\"search_term_string\"}}],\"inLanguage\":\"fr-FR\"},{\"@type\":\"Organization\",\"@id\":\"https:\/\/amazing-pasteur.212-53-165-88.plesk.page\/fr\/#organization\",\"name\":\"SCHMIDT + HAENSCH\",\"url\":\"https:\/\/amazing-pasteur.212-53-165-88.plesk.page\/fr\/\",\"logo\":{\"@type\":\"ImageObject\",\"inLanguage\":\"fr-FR\",\"@id\":\"https:\/\/amazing-pasteur.212-53-165-88.plesk.page\/fr\/#\/schema\/logo\/image\/\",\"url\":\"https:\/\/amazing-pasteur.212-53-165-88.plesk.page\/wp-content\/uploads\/2021\/01\/schmidthaensch-logo.svg\",\"contentUrl\":\"https:\/\/amazing-pasteur.212-53-165-88.plesk.page\/wp-content\/uploads\/2021\/01\/schmidthaensch-logo.svg\",\"width\":217,\"height\":57,\"caption\":\"SCHMIDT + HAENSCH\"},\"image\":{\"@id\":\"https:\/\/amazing-pasteur.212-53-165-88.plesk.page\/fr\/#\/schema\/logo\/image\/\"}}]}<\/script>\n<!-- \/ Yoast SEO plugin. -->","yoast_head_json":{"title":"Bo\u00eetier VariVent en ligne SCHMIDT + HAENSCH","description":"Bo\u00eetier de vanne hygi\u00e9nique norme la plus \u00e9lev\u00e9e pour les processus hygi\u00e9niques montage simple poign\u00e9es durables d\u00e9bit \u00e9lev\u00e9 et ...","robots":{"index":"noindex","follow":"follow","max-snippet":"max-snippet:-1","max-image-preview":"max-image-preview:large","max-video-preview":"max-video-preview:-1"},"og_locale":"fr_FR","og_type":"article","og_title":"Bo\u00eetier VariVent en ligne SCHMIDT + HAENSCH","og_description":"Bo\u00eetier de vanne hygi\u00e9nique norme la plus \u00e9lev\u00e9e pour les processus hygi\u00e9niques montage simple poign\u00e9es durables d\u00e9bit \u00e9lev\u00e9 et ...","og_url":"https:\/\/amazing-pasteur.212-53-165-88.plesk.page\/fr\/produit\/varivent-en-ligne-logement\/","og_site_name":"SCHMIDT + HAENSCH","article_modified_time":"2025-05-22T10:01:54+00:00","og_image":[{"width":1600,"height":1200,"url":"https:\/\/amazing-pasteur.212-53-165-88.plesk.page\/wp-content\/uploads\/2021\/07\/VariVent.png","type":"image\/png"}],"twitter_card":"summary_large_image","schema":{"@context":"https:\/\/schema.org","@graph":[{"@type":["WebPage","ItemPage"],"@id":"https:\/\/amazing-pasteur.212-53-165-88.plesk.page\/fr\/produit\/varivent-en-ligne-logement\/","url":"https:\/\/amazing-pasteur.212-53-165-88.plesk.page\/fr\/produit\/varivent-en-ligne-logement\/","name":"Bo\u00eetier VariVent en ligne SCHMIDT + HAENSCH","isPartOf":{"@id":"https:\/\/amazing-pasteur.212-53-165-88.plesk.page\/fr\/#website"},"primaryImageOfPage":{"@id":"https:\/\/amazing-pasteur.212-53-165-88.plesk.page\/fr\/produit\/varivent-en-ligne-logement\/#primaryimage"},"image":{"@id":"https:\/\/amazing-pasteur.212-53-165-88.plesk.page\/fr\/produit\/varivent-en-ligne-logement\/#primaryimage"},"thumbnailUrl":"https:\/\/amazing-pasteur.212-53-165-88.plesk.page\/wp-content\/uploads\/2021\/07\/VariVent.png","datePublished":"2022-03-09T09:51:28+00:00","dateModified":"2025-05-22T10:01:54+00:00","description":"Bo\u00eetier de vanne hygi\u00e9nique norme la plus \u00e9lev\u00e9e pour les processus hygi\u00e9niques montage simple poign\u00e9es durables d\u00e9bit \u00e9lev\u00e9 et ...","breadcrumb":{"@id":"https:\/\/amazing-pasteur.212-53-165-88.plesk.page\/fr\/produit\/varivent-en-ligne-logement\/#breadcrumb"},"inLanguage":"fr-FR","potentialAction":[{"@type":"ReadAction","target":["https:\/\/amazing-pasteur.212-53-165-88.plesk.page\/fr\/produit\/varivent-en-ligne-logement\/"]}]},{"@type":"ImageObject","inLanguage":"fr-FR","@id":"https:\/\/amazing-pasteur.212-53-165-88.plesk.page\/fr\/produit\/varivent-en-ligne-logement\/#primaryimage","url":"https:\/\/amazing-pasteur.212-53-165-88.plesk.page\/wp-content\/uploads\/2021\/07\/VariVent.png","contentUrl":"https:\/\/amazing-pasteur.212-53-165-88.plesk.page\/wp-content\/uploads\/2021\/07\/VariVent.png","width":1600,"height":1200},{"@type":"BreadcrumbList","@id":"https:\/\/amazing-pasteur.212-53-165-88.plesk.page\/fr\/produit\/varivent-en-ligne-logement\/#breadcrumb","itemListElement":[{"@type":"ListItem","position":1,"name":"Home","item":"https:\/\/amazing-pasteur.212-53-165-88.plesk.page\/fr\/"},{"@type":"ListItem","position":2,"name":"Boutique","item":"https:\/\/amazing-pasteur.212-53-165-88.plesk.page\/fr\/?page_id=18289"},{"@type":"ListItem","position":3,"name":"Bo\u00eetier VariVent en ligne"}]},{"@type":"WebSite","@id":"https:\/\/amazing-pasteur.212-53-165-88.plesk.page\/fr\/#website","url":"https:\/\/amazing-pasteur.212-53-165-88.plesk.page\/fr\/","name":"SCHMIDT + HAENSCH","description":"Hochwertige Laborger\u00e4te, Inline-Prozessrefraktometer und Automatisierungsl\u00f6sungen","publisher":{"@id":"https:\/\/amazing-pasteur.212-53-165-88.plesk.page\/fr\/#organization"},"potentialAction":[{"@type":"SearchAction","target":{"@type":"EntryPoint","urlTemplate":"https:\/\/amazing-pasteur.212-53-165-88.plesk.page\/fr\/?s={search_term_string}"},"query-input":{"@type":"PropertyValueSpecification","valueRequired":true,"valueName":"search_term_string"}}],"inLanguage":"fr-FR"},{"@type":"Organization","@id":"https:\/\/amazing-pasteur.212-53-165-88.plesk.page\/fr\/#organization","name":"SCHMIDT + HAENSCH","url":"https:\/\/amazing-pasteur.212-53-165-88.plesk.page\/fr\/","logo":{"@type":"ImageObject","inLanguage":"fr-FR","@id":"https:\/\/amazing-pasteur.212-53-165-88.plesk.page\/fr\/#\/schema\/logo\/image\/","url":"https:\/\/amazing-pasteur.212-53-165-88.plesk.page\/wp-content\/uploads\/2021\/01\/schmidthaensch-logo.svg","contentUrl":"https:\/\/amazing-pasteur.212-53-165-88.plesk.page\/wp-content\/uploads\/2021\/01\/schmidthaensch-logo.svg","width":217,"height":57,"caption":"SCHMIDT + HAENSCH"},"image":{"@id":"https:\/\/amazing-pasteur.212-53-165-88.plesk.page\/fr\/#\/schema\/logo\/image\/"}}]}},"_links":{"self":[{"href":"https:\/\/amazing-pasteur.212-53-165-88.plesk.page\/fr\/wp-json\/wp\/v2\/product\/18591","targetHints":{"allow":["GET"]}}],"collection":[{"href":"https:\/\/amazing-pasteur.212-53-165-88.plesk.page\/fr\/wp-json\/wp\/v2\/product"}],"about":[{"href":"https:\/\/amazing-pasteur.212-53-165-88.plesk.page\/fr\/wp-json\/wp\/v2\/types\/product"}],"version-history":[{"count":0,"href":"https:\/\/amazing-pasteur.212-53-165-88.plesk.page\/fr\/wp-json\/wp\/v2\/product\/18591\/revisions"}],"wp:featuredmedia":[{"embeddable":true,"href":"https:\/\/amazing-pasteur.212-53-165-88.plesk.page\/fr\/wp-json\/wp\/v2\/media\/14578"}],"wp:attachment":[{"href":"https:\/\/amazing-pasteur.212-53-165-88.plesk.page\/fr\/wp-json\/wp\/v2\/media?parent=18591"}],"wp:term":[{"taxonomy":"product_brand","embeddable":true,"href":"https:\/\/amazing-pasteur.212-53-165-88.plesk.page\/fr\/wp-json\/wp\/v2\/product_brand?post=18591"},{"taxonomy":"product_cat","embeddable":true,"href":"https:\/\/amazing-pasteur.212-53-165-88.plesk.page\/fr\/wp-json\/wp\/v2\/product_cat?post=18591"},{"taxonomy":"product_tag","embeddable":true,"href":"https:\/\/amazing-pasteur.212-53-165-88.plesk.page\/fr\/wp-json\/wp\/v2\/product_tag?post=18591"}],"curies":[{"name":"wp","href":"https:\/\/api.w.org\/{rel}","templated":true}]}}