{"id":18649,"date":"2021-07-07T12:24:41","date_gmt":"2022-03-09T13:14:02","guid":{"rendered":"https:\/\/schmidt-haensch.com\/product\/tube-decoulement-resistant-aux-produits-chimiques\/"},"modified":"2022-09-26T07:58:00","modified_gmt":"2022-09-26T07:58:00","slug":"tube-decoulement-resistant-aux-produits-chimiques","status":"publish","type":"product","link":"https:\/\/amazing-pasteur.212-53-165-88.plesk.page\/fr\/produit\/tube-decoulement-resistant-aux-produits-chimiques\/","title":{"rendered":"Tube d&#8217;\u00e9coulement r\u00e9sistant aux produits chimiques"},"content":{"rendered":"","protected":false},"excerpt":{"rendered":"","protected":false},"featured_media":4423,"template":"","meta":{"spc_primary_product_brand":0,"spc_primary_product_cat":0},"product_brand":[],"product_cat":[608,611,663,664,666],"product_tag":[],"class_list":{"0":"post-18649","1":"product","2":"type-product","3":"status-publish","4":"has-post-thumbnail","6":"product_cat-accessoires","7":"product_cat-accessoires-de-laboratoire","8":"product_cat-instruments-de-laboratoire","9":"product_cat-polarimetre","10":"product_cat-accessoires-pour-polarimetres","12":"first","13":"instock","14":"shipping-taxable","15":"product-type-simple"},"yoast_head":"<!-- This site is optimized with the Yoast SEO plugin v27.1.1 - https:\/\/yoast.com\/product\/yoast-seo-wordpress\/ -->\n<title>Tube d&#039;\u00e9coulement r\u00e9sistant aux produits chimiques<\/title>\n<meta name=\"description\" content=\"Tube de passage r\u00e9sistant aux produits chimiquesMesures chimiques de passage Capteur de temp\u00e9rature int\u00e9gr\u00e9 Acier inoxydable ...\" \/>\n<meta name=\"robots\" content=\"noindex, follow, max-snippet:-1, max-image-preview:large, max-video-preview:-1\" \/>\n<meta property=\"og:locale\" content=\"fr_FR\" \/>\n<meta property=\"og:type\" content=\"article\" \/>\n<meta property=\"og:title\" content=\"Tube d&#039;\u00e9coulement r\u00e9sistant aux produits chimiques\" \/>\n<meta property=\"og:description\" content=\"Tube de passage r\u00e9sistant aux produits chimiquesMesures chimiques de passage Capteur de temp\u00e9rature int\u00e9gr\u00e9 Acier inoxydable ...\" \/>\n<meta property=\"og:url\" content=\"https:\/\/amazing-pasteur.212-53-165-88.plesk.page\/fr\/produit\/tube-decoulement-resistant-aux-produits-chimiques\/\" \/>\n<meta property=\"og:site_name\" content=\"SCHMIDT + HAENSCH\" \/>\n<meta property=\"article:modified_time\" content=\"2022-09-26T07:58:00+00:00\" \/>\n<meta property=\"og:image\" content=\"https:\/\/amazing-pasteur.212-53-165-88.plesk.page\/wp-content\/uploads\/2021\/07\/13885_VariPolrohre-Durchfluss2.jpg\" \/>\n\t<meta property=\"og:image:width\" content=\"2000\" \/>\n\t<meta property=\"og:image:height\" content=\"1333\" \/>\n\t<meta property=\"og:image:type\" content=\"image\/jpeg\" \/>\n<meta name=\"twitter:card\" content=\"summary_large_image\" \/>\n<script type=\"application\/ld+json\" class=\"yoast-schema-graph\">{\"@context\":\"https:\/\/schema.org\",\"@graph\":[{\"@type\":[\"WebPage\",\"ItemPage\"],\"@id\":\"https:\/\/amazing-pasteur.212-53-165-88.plesk.page\/fr\/produit\/tube-decoulement-resistant-aux-produits-chimiques\/\",\"url\":\"https:\/\/amazing-pasteur.212-53-165-88.plesk.page\/fr\/produit\/tube-decoulement-resistant-aux-produits-chimiques\/\",\"name\":\"Tube d'\u00e9coulement r\u00e9sistant aux produits chimiques\",\"isPartOf\":{\"@id\":\"https:\/\/amazing-pasteur.212-53-165-88.plesk.page\/fr\/#website\"},\"primaryImageOfPage\":{\"@id\":\"https:\/\/amazing-pasteur.212-53-165-88.plesk.page\/fr\/produit\/tube-decoulement-resistant-aux-produits-chimiques\/#primaryimage\"},\"image\":{\"@id\":\"https:\/\/amazing-pasteur.212-53-165-88.plesk.page\/fr\/produit\/tube-decoulement-resistant-aux-produits-chimiques\/#primaryimage\"},\"thumbnailUrl\":\"https:\/\/amazing-pasteur.212-53-165-88.plesk.page\/wp-content\/uploads\/2021\/07\/13885_VariPolrohre-Durchfluss2.jpg\",\"datePublished\":\"2022-03-09T13:14:02+00:00\",\"dateModified\":\"2022-09-26T07:58:00+00:00\",\"description\":\"Tube de passage r\u00e9sistant aux produits chimiquesMesures chimiques de passage Capteur de temp\u00e9rature int\u00e9gr\u00e9 Acier inoxydable ...\",\"breadcrumb\":{\"@id\":\"https:\/\/amazing-pasteur.212-53-165-88.plesk.page\/fr\/produit\/tube-decoulement-resistant-aux-produits-chimiques\/#breadcrumb\"},\"inLanguage\":\"fr-FR\",\"potentialAction\":[{\"@type\":\"ReadAction\",\"target\":[\"https:\/\/amazing-pasteur.212-53-165-88.plesk.page\/fr\/produit\/tube-decoulement-resistant-aux-produits-chimiques\/\"]}]},{\"@type\":\"ImageObject\",\"inLanguage\":\"fr-FR\",\"@id\":\"https:\/\/amazing-pasteur.212-53-165-88.plesk.page\/fr\/produit\/tube-decoulement-resistant-aux-produits-chimiques\/#primaryimage\",\"url\":\"https:\/\/amazing-pasteur.212-53-165-88.plesk.page\/wp-content\/uploads\/2021\/07\/13885_VariPolrohre-Durchfluss2.jpg\",\"contentUrl\":\"https:\/\/amazing-pasteur.212-53-165-88.plesk.page\/wp-content\/uploads\/2021\/07\/13885_VariPolrohre-Durchfluss2.jpg\",\"width\":2000,\"height\":1333},{\"@type\":\"BreadcrumbList\",\"@id\":\"https:\/\/amazing-pasteur.212-53-165-88.plesk.page\/fr\/produit\/tube-decoulement-resistant-aux-produits-chimiques\/#breadcrumb\",\"itemListElement\":[{\"@type\":\"ListItem\",\"position\":1,\"name\":\"Home\",\"item\":\"https:\/\/amazing-pasteur.212-53-165-88.plesk.page\/fr\/\"},{\"@type\":\"ListItem\",\"position\":2,\"name\":\"Boutique\",\"item\":\"https:\/\/amazing-pasteur.212-53-165-88.plesk.page\/fr\/?page_id=18289\"},{\"@type\":\"ListItem\",\"position\":3,\"name\":\"Tube d&#8217;\u00e9coulement r\u00e9sistant aux produits chimiques\"}]},{\"@type\":\"WebSite\",\"@id\":\"https:\/\/amazing-pasteur.212-53-165-88.plesk.page\/fr\/#website\",\"url\":\"https:\/\/amazing-pasteur.212-53-165-88.plesk.page\/fr\/\",\"name\":\"SCHMIDT + HAENSCH\",\"description\":\"Hochwertige Laborger\u00e4te, Inline-Prozessrefraktometer und Automatisierungsl\u00f6sungen\",\"publisher\":{\"@id\":\"https:\/\/amazing-pasteur.212-53-165-88.plesk.page\/fr\/#organization\"},\"potentialAction\":[{\"@type\":\"SearchAction\",\"target\":{\"@type\":\"EntryPoint\",\"urlTemplate\":\"https:\/\/amazing-pasteur.212-53-165-88.plesk.page\/fr\/?s={search_term_string}\"},\"query-input\":{\"@type\":\"PropertyValueSpecification\",\"valueRequired\":true,\"valueName\":\"search_term_string\"}}],\"inLanguage\":\"fr-FR\"},{\"@type\":\"Organization\",\"@id\":\"https:\/\/amazing-pasteur.212-53-165-88.plesk.page\/fr\/#organization\",\"name\":\"SCHMIDT + HAENSCH\",\"url\":\"https:\/\/amazing-pasteur.212-53-165-88.plesk.page\/fr\/\",\"logo\":{\"@type\":\"ImageObject\",\"inLanguage\":\"fr-FR\",\"@id\":\"https:\/\/amazing-pasteur.212-53-165-88.plesk.page\/fr\/#\/schema\/logo\/image\/\",\"url\":\"https:\/\/amazing-pasteur.212-53-165-88.plesk.page\/wp-content\/uploads\/2021\/01\/schmidthaensch-logo.svg\",\"contentUrl\":\"https:\/\/amazing-pasteur.212-53-165-88.plesk.page\/wp-content\/uploads\/2021\/01\/schmidthaensch-logo.svg\",\"width\":217,\"height\":57,\"caption\":\"SCHMIDT + HAENSCH\"},\"image\":{\"@id\":\"https:\/\/amazing-pasteur.212-53-165-88.plesk.page\/fr\/#\/schema\/logo\/image\/\"}}]}<\/script>\n<!-- \/ Yoast SEO plugin. -->","yoast_head_json":{"title":"Tube d'\u00e9coulement r\u00e9sistant aux produits chimiques","description":"Tube de passage r\u00e9sistant aux produits chimiquesMesures chimiques de passage Capteur de temp\u00e9rature int\u00e9gr\u00e9 Acier inoxydable ...","robots":{"index":"noindex","follow":"follow","max-snippet":"max-snippet:-1","max-image-preview":"max-image-preview:large","max-video-preview":"max-video-preview:-1"},"og_locale":"fr_FR","og_type":"article","og_title":"Tube d'\u00e9coulement r\u00e9sistant aux produits chimiques","og_description":"Tube de passage r\u00e9sistant aux produits chimiquesMesures chimiques de passage Capteur de temp\u00e9rature int\u00e9gr\u00e9 Acier inoxydable ...","og_url":"https:\/\/amazing-pasteur.212-53-165-88.plesk.page\/fr\/produit\/tube-decoulement-resistant-aux-produits-chimiques\/","og_site_name":"SCHMIDT + HAENSCH","article_modified_time":"2022-09-26T07:58:00+00:00","og_image":[{"width":2000,"height":1333,"url":"https:\/\/amazing-pasteur.212-53-165-88.plesk.page\/wp-content\/uploads\/2021\/07\/13885_VariPolrohre-Durchfluss2.jpg","type":"image\/jpeg"}],"twitter_card":"summary_large_image","schema":{"@context":"https:\/\/schema.org","@graph":[{"@type":["WebPage","ItemPage"],"@id":"https:\/\/amazing-pasteur.212-53-165-88.plesk.page\/fr\/produit\/tube-decoulement-resistant-aux-produits-chimiques\/","url":"https:\/\/amazing-pasteur.212-53-165-88.plesk.page\/fr\/produit\/tube-decoulement-resistant-aux-produits-chimiques\/","name":"Tube d'\u00e9coulement r\u00e9sistant aux produits chimiques","isPartOf":{"@id":"https:\/\/amazing-pasteur.212-53-165-88.plesk.page\/fr\/#website"},"primaryImageOfPage":{"@id":"https:\/\/amazing-pasteur.212-53-165-88.plesk.page\/fr\/produit\/tube-decoulement-resistant-aux-produits-chimiques\/#primaryimage"},"image":{"@id":"https:\/\/amazing-pasteur.212-53-165-88.plesk.page\/fr\/produit\/tube-decoulement-resistant-aux-produits-chimiques\/#primaryimage"},"thumbnailUrl":"https:\/\/amazing-pasteur.212-53-165-88.plesk.page\/wp-content\/uploads\/2021\/07\/13885_VariPolrohre-Durchfluss2.jpg","datePublished":"2022-03-09T13:14:02+00:00","dateModified":"2022-09-26T07:58:00+00:00","description":"Tube de passage r\u00e9sistant aux produits chimiquesMesures chimiques de passage Capteur de temp\u00e9rature int\u00e9gr\u00e9 Acier inoxydable ...","breadcrumb":{"@id":"https:\/\/amazing-pasteur.212-53-165-88.plesk.page\/fr\/produit\/tube-decoulement-resistant-aux-produits-chimiques\/#breadcrumb"},"inLanguage":"fr-FR","potentialAction":[{"@type":"ReadAction","target":["https:\/\/amazing-pasteur.212-53-165-88.plesk.page\/fr\/produit\/tube-decoulement-resistant-aux-produits-chimiques\/"]}]},{"@type":"ImageObject","inLanguage":"fr-FR","@id":"https:\/\/amazing-pasteur.212-53-165-88.plesk.page\/fr\/produit\/tube-decoulement-resistant-aux-produits-chimiques\/#primaryimage","url":"https:\/\/amazing-pasteur.212-53-165-88.plesk.page\/wp-content\/uploads\/2021\/07\/13885_VariPolrohre-Durchfluss2.jpg","contentUrl":"https:\/\/amazing-pasteur.212-53-165-88.plesk.page\/wp-content\/uploads\/2021\/07\/13885_VariPolrohre-Durchfluss2.jpg","width":2000,"height":1333},{"@type":"BreadcrumbList","@id":"https:\/\/amazing-pasteur.212-53-165-88.plesk.page\/fr\/produit\/tube-decoulement-resistant-aux-produits-chimiques\/#breadcrumb","itemListElement":[{"@type":"ListItem","position":1,"name":"Home","item":"https:\/\/amazing-pasteur.212-53-165-88.plesk.page\/fr\/"},{"@type":"ListItem","position":2,"name":"Boutique","item":"https:\/\/amazing-pasteur.212-53-165-88.plesk.page\/fr\/?page_id=18289"},{"@type":"ListItem","position":3,"name":"Tube d&#8217;\u00e9coulement r\u00e9sistant aux produits chimiques"}]},{"@type":"WebSite","@id":"https:\/\/amazing-pasteur.212-53-165-88.plesk.page\/fr\/#website","url":"https:\/\/amazing-pasteur.212-53-165-88.plesk.page\/fr\/","name":"SCHMIDT + HAENSCH","description":"Hochwertige Laborger\u00e4te, Inline-Prozessrefraktometer und Automatisierungsl\u00f6sungen","publisher":{"@id":"https:\/\/amazing-pasteur.212-53-165-88.plesk.page\/fr\/#organization"},"potentialAction":[{"@type":"SearchAction","target":{"@type":"EntryPoint","urlTemplate":"https:\/\/amazing-pasteur.212-53-165-88.plesk.page\/fr\/?s={search_term_string}"},"query-input":{"@type":"PropertyValueSpecification","valueRequired":true,"valueName":"search_term_string"}}],"inLanguage":"fr-FR"},{"@type":"Organization","@id":"https:\/\/amazing-pasteur.212-53-165-88.plesk.page\/fr\/#organization","name":"SCHMIDT + HAENSCH","url":"https:\/\/amazing-pasteur.212-53-165-88.plesk.page\/fr\/","logo":{"@type":"ImageObject","inLanguage":"fr-FR","@id":"https:\/\/amazing-pasteur.212-53-165-88.plesk.page\/fr\/#\/schema\/logo\/image\/","url":"https:\/\/amazing-pasteur.212-53-165-88.plesk.page\/wp-content\/uploads\/2021\/01\/schmidthaensch-logo.svg","contentUrl":"https:\/\/amazing-pasteur.212-53-165-88.plesk.page\/wp-content\/uploads\/2021\/01\/schmidthaensch-logo.svg","width":217,"height":57,"caption":"SCHMIDT + HAENSCH"},"image":{"@id":"https:\/\/amazing-pasteur.212-53-165-88.plesk.page\/fr\/#\/schema\/logo\/image\/"}}]}},"_links":{"self":[{"href":"https:\/\/amazing-pasteur.212-53-165-88.plesk.page\/fr\/wp-json\/wp\/v2\/product\/18649","targetHints":{"allow":["GET"]}}],"collection":[{"href":"https:\/\/amazing-pasteur.212-53-165-88.plesk.page\/fr\/wp-json\/wp\/v2\/product"}],"about":[{"href":"https:\/\/amazing-pasteur.212-53-165-88.plesk.page\/fr\/wp-json\/wp\/v2\/types\/product"}],"version-history":[{"count":0,"href":"https:\/\/amazing-pasteur.212-53-165-88.plesk.page\/fr\/wp-json\/wp\/v2\/product\/18649\/revisions"}],"wp:featuredmedia":[{"embeddable":true,"href":"https:\/\/amazing-pasteur.212-53-165-88.plesk.page\/fr\/wp-json\/wp\/v2\/media\/4423"}],"wp:attachment":[{"href":"https:\/\/amazing-pasteur.212-53-165-88.plesk.page\/fr\/wp-json\/wp\/v2\/media?parent=18649"}],"wp:term":[{"taxonomy":"product_brand","embeddable":true,"href":"https:\/\/amazing-pasteur.212-53-165-88.plesk.page\/fr\/wp-json\/wp\/v2\/product_brand?post=18649"},{"taxonomy":"product_cat","embeddable":true,"href":"https:\/\/amazing-pasteur.212-53-165-88.plesk.page\/fr\/wp-json\/wp\/v2\/product_cat?post=18649"},{"taxonomy":"product_tag","embeddable":true,"href":"https:\/\/amazing-pasteur.212-53-165-88.plesk.page\/fr\/wp-json\/wp\/v2\/product_tag?post=18649"}],"curies":[{"name":"wp","href":"https:\/\/api.w.org\/{rel}","templated":true}]}}