{"id":18683,"date":"2023-01-01T11:00:37","date_gmt":"2023-01-01T11:00:37","guid":{"rendered":"https:\/\/schmidt-haensch.com\/product\/ipr-ex-protection-contre-les-explosions\/"},"modified":"2025-12-12T07:51:08","modified_gmt":"2025-12-12T07:51:08","slug":"ipr-ex","status":"publish","type":"product","link":"https:\/\/amazing-pasteur.212-53-165-88.plesk.page\/fr\/produit\/ipr-ex\/","title":{"rendered":"iPR EX \u2013 Protection contre les explosions"},"content":{"rendered":"","protected":false},"excerpt":{"rendered":"","protected":false},"featured_media":13264,"template":"","meta":{"spc_primary_product_brand":-1,"spc_primary_product_cat":-1},"product_brand":[],"product_cat":[627],"product_tag":[629,655,786,783,785,630,787,784,692,631],"class_list":{"0":"post-18683","1":"product","2":"type-product","3":"status-publish","4":"has-post-thumbnail","6":"product_cat-refractometres-et-capteurs-de-processus-en-ligne","7":"product_tag-brix-degre-brix-bx","8":"product_tag-echelle-doechsle","9":"product_tag-essence-kerosene-diesel","10":"product_tag-identification-des-liquides","11":"product_tag-identification-des-matieres-premieres","12":"product_tag-indice-de-refraction-ri","13":"product_tag-interfaces-multi-produits-pour-le-petrole-brut-le-fioul-et-le-diesel","14":"product_tag-liquides-dessuyage","15":"product_tag-liquides-de-refroidissement-et-lubrifiants-pour-moteurs","16":"product_tag-mesure-de-la-concentration","18":"first","19":"instock","20":"sold-individually","21":"shipping-taxable","22":"product-type-simple"},"yoast_head":"<!-- This site is optimized with the Yoast SEO plugin v27.1.1 - https:\/\/yoast.com\/product\/yoast-seo-wordpress\/ -->\n<title>iPR EX \u2013 Protection contre les explosions<\/title>\n<meta name=\"description\" content=\"Mesures en ligne ATEX avec bo\u00eetier antid\u00e9flagrant. Certifi\u00e9.\" \/>\n<meta name=\"robots\" content=\"noindex, follow, max-snippet:-1, max-image-preview:large, max-video-preview:-1\" \/>\n<meta property=\"og:locale\" content=\"fr_FR\" \/>\n<meta property=\"og:type\" content=\"article\" \/>\n<meta property=\"og:title\" content=\"iPR EX \u2013 Protection contre les explosions\" \/>\n<meta property=\"og:description\" content=\"Mesures en ligne ATEX avec bo\u00eetier antid\u00e9flagrant. Certifi\u00e9.\" \/>\n<meta property=\"og:url\" content=\"https:\/\/amazing-pasteur.212-53-165-88.plesk.page\/fr\/produit\/ipr-ex\/\" \/>\n<meta property=\"og:site_name\" content=\"SCHMIDT + HAENSCH\" \/>\n<meta property=\"article:modified_time\" content=\"2025-12-12T07:51:08+00:00\" \/>\n<meta property=\"og:image\" content=\"https:\/\/amazing-pasteur.212-53-165-88.plesk.page\/wp-content\/uploads\/2021\/05\/iPR_EX_1-2048x1525-1.jpg\" \/>\n\t<meta property=\"og:image:width\" content=\"2048\" \/>\n\t<meta property=\"og:image:height\" content=\"1525\" \/>\n\t<meta property=\"og:image:type\" content=\"image\/jpeg\" \/>\n<meta name=\"twitter:card\" content=\"summary_large_image\" \/>\n<script type=\"application\/ld+json\" class=\"yoast-schema-graph\">{\"@context\":\"https:\/\/schema.org\",\"@graph\":[{\"@type\":[\"WebPage\",\"ItemPage\"],\"@id\":\"https:\/\/amazing-pasteur.212-53-165-88.plesk.page\/fr\/produit\/ipr-ex\/\",\"url\":\"https:\/\/amazing-pasteur.212-53-165-88.plesk.page\/fr\/produit\/ipr-ex\/\",\"name\":\"iPR EX \u2013 Protection contre les explosions\",\"isPartOf\":{\"@id\":\"https:\/\/amazing-pasteur.212-53-165-88.plesk.page\/fr\/#website\"},\"primaryImageOfPage\":{\"@id\":\"https:\/\/amazing-pasteur.212-53-165-88.plesk.page\/fr\/produit\/ipr-ex\/#primaryimage\"},\"image\":{\"@id\":\"https:\/\/amazing-pasteur.212-53-165-88.plesk.page\/fr\/produit\/ipr-ex\/#primaryimage\"},\"thumbnailUrl\":\"https:\/\/amazing-pasteur.212-53-165-88.plesk.page\/wp-content\/uploads\/2021\/05\/iPR_EX_1-2048x1525-1.jpg\",\"datePublished\":\"2023-01-01T11:00:37+00:00\",\"dateModified\":\"2025-12-12T07:51:08+00:00\",\"description\":\"Mesures en ligne ATEX avec bo\u00eetier antid\u00e9flagrant. Certifi\u00e9.\",\"breadcrumb\":{\"@id\":\"https:\/\/amazing-pasteur.212-53-165-88.plesk.page\/fr\/produit\/ipr-ex\/#breadcrumb\"},\"inLanguage\":\"fr-FR\",\"potentialAction\":[{\"@type\":\"ReadAction\",\"target\":[\"https:\/\/amazing-pasteur.212-53-165-88.plesk.page\/fr\/produit\/ipr-ex\/\"]}]},{\"@type\":\"ImageObject\",\"inLanguage\":\"fr-FR\",\"@id\":\"https:\/\/amazing-pasteur.212-53-165-88.plesk.page\/fr\/produit\/ipr-ex\/#primaryimage\",\"url\":\"https:\/\/amazing-pasteur.212-53-165-88.plesk.page\/wp-content\/uploads\/2021\/05\/iPR_EX_1-2048x1525-1.jpg\",\"contentUrl\":\"https:\/\/amazing-pasteur.212-53-165-88.plesk.page\/wp-content\/uploads\/2021\/05\/iPR_EX_1-2048x1525-1.jpg\",\"width\":2048,\"height\":1525},{\"@type\":\"BreadcrumbList\",\"@id\":\"https:\/\/amazing-pasteur.212-53-165-88.plesk.page\/fr\/produit\/ipr-ex\/#breadcrumb\",\"itemListElement\":[{\"@type\":\"ListItem\",\"position\":1,\"name\":\"Home\",\"item\":\"https:\/\/amazing-pasteur.212-53-165-88.plesk.page\/fr\/\"},{\"@type\":\"ListItem\",\"position\":2,\"name\":\"Boutique\",\"item\":\"https:\/\/amazing-pasteur.212-53-165-88.plesk.page\/fr\/?page_id=18289\"},{\"@type\":\"ListItem\",\"position\":3,\"name\":\"iPR EX \u2013 Protection contre les explosions\"}]},{\"@type\":\"WebSite\",\"@id\":\"https:\/\/amazing-pasteur.212-53-165-88.plesk.page\/fr\/#website\",\"url\":\"https:\/\/amazing-pasteur.212-53-165-88.plesk.page\/fr\/\",\"name\":\"SCHMIDT + HAENSCH\",\"description\":\"Hochwertige Laborger\u00e4te, Inline-Prozessrefraktometer und Automatisierungsl\u00f6sungen\",\"publisher\":{\"@id\":\"https:\/\/amazing-pasteur.212-53-165-88.plesk.page\/fr\/#organization\"},\"potentialAction\":[{\"@type\":\"SearchAction\",\"target\":{\"@type\":\"EntryPoint\",\"urlTemplate\":\"https:\/\/amazing-pasteur.212-53-165-88.plesk.page\/fr\/?s={search_term_string}\"},\"query-input\":{\"@type\":\"PropertyValueSpecification\",\"valueRequired\":true,\"valueName\":\"search_term_string\"}}],\"inLanguage\":\"fr-FR\"},{\"@type\":\"Organization\",\"@id\":\"https:\/\/amazing-pasteur.212-53-165-88.plesk.page\/fr\/#organization\",\"name\":\"SCHMIDT + HAENSCH\",\"url\":\"https:\/\/amazing-pasteur.212-53-165-88.plesk.page\/fr\/\",\"logo\":{\"@type\":\"ImageObject\",\"inLanguage\":\"fr-FR\",\"@id\":\"https:\/\/amazing-pasteur.212-53-165-88.plesk.page\/fr\/#\/schema\/logo\/image\/\",\"url\":\"https:\/\/amazing-pasteur.212-53-165-88.plesk.page\/wp-content\/uploads\/2021\/01\/schmidthaensch-logo.svg\",\"contentUrl\":\"https:\/\/amazing-pasteur.212-53-165-88.plesk.page\/wp-content\/uploads\/2021\/01\/schmidthaensch-logo.svg\",\"width\":217,\"height\":57,\"caption\":\"SCHMIDT + HAENSCH\"},\"image\":{\"@id\":\"https:\/\/amazing-pasteur.212-53-165-88.plesk.page\/fr\/#\/schema\/logo\/image\/\"}}]}<\/script>\n<!-- \/ Yoast SEO plugin. -->","yoast_head_json":{"title":"iPR EX \u2013 Protection contre les explosions","description":"Mesures en ligne ATEX avec bo\u00eetier antid\u00e9flagrant. Certifi\u00e9.","robots":{"index":"noindex","follow":"follow","max-snippet":"max-snippet:-1","max-image-preview":"max-image-preview:large","max-video-preview":"max-video-preview:-1"},"og_locale":"fr_FR","og_type":"article","og_title":"iPR EX \u2013 Protection contre les explosions","og_description":"Mesures en ligne ATEX avec bo\u00eetier antid\u00e9flagrant. Certifi\u00e9.","og_url":"https:\/\/amazing-pasteur.212-53-165-88.plesk.page\/fr\/produit\/ipr-ex\/","og_site_name":"SCHMIDT + HAENSCH","article_modified_time":"2025-12-12T07:51:08+00:00","og_image":[{"width":2048,"height":1525,"url":"https:\/\/amazing-pasteur.212-53-165-88.plesk.page\/wp-content\/uploads\/2021\/05\/iPR_EX_1-2048x1525-1.jpg","type":"image\/jpeg"}],"twitter_card":"summary_large_image","schema":{"@context":"https:\/\/schema.org","@graph":[{"@type":["WebPage","ItemPage"],"@id":"https:\/\/amazing-pasteur.212-53-165-88.plesk.page\/fr\/produit\/ipr-ex\/","url":"https:\/\/amazing-pasteur.212-53-165-88.plesk.page\/fr\/produit\/ipr-ex\/","name":"iPR EX \u2013 Protection contre les explosions","isPartOf":{"@id":"https:\/\/amazing-pasteur.212-53-165-88.plesk.page\/fr\/#website"},"primaryImageOfPage":{"@id":"https:\/\/amazing-pasteur.212-53-165-88.plesk.page\/fr\/produit\/ipr-ex\/#primaryimage"},"image":{"@id":"https:\/\/amazing-pasteur.212-53-165-88.plesk.page\/fr\/produit\/ipr-ex\/#primaryimage"},"thumbnailUrl":"https:\/\/amazing-pasteur.212-53-165-88.plesk.page\/wp-content\/uploads\/2021\/05\/iPR_EX_1-2048x1525-1.jpg","datePublished":"2023-01-01T11:00:37+00:00","dateModified":"2025-12-12T07:51:08+00:00","description":"Mesures en ligne ATEX avec bo\u00eetier antid\u00e9flagrant. Certifi\u00e9.","breadcrumb":{"@id":"https:\/\/amazing-pasteur.212-53-165-88.plesk.page\/fr\/produit\/ipr-ex\/#breadcrumb"},"inLanguage":"fr-FR","potentialAction":[{"@type":"ReadAction","target":["https:\/\/amazing-pasteur.212-53-165-88.plesk.page\/fr\/produit\/ipr-ex\/"]}]},{"@type":"ImageObject","inLanguage":"fr-FR","@id":"https:\/\/amazing-pasteur.212-53-165-88.plesk.page\/fr\/produit\/ipr-ex\/#primaryimage","url":"https:\/\/amazing-pasteur.212-53-165-88.plesk.page\/wp-content\/uploads\/2021\/05\/iPR_EX_1-2048x1525-1.jpg","contentUrl":"https:\/\/amazing-pasteur.212-53-165-88.plesk.page\/wp-content\/uploads\/2021\/05\/iPR_EX_1-2048x1525-1.jpg","width":2048,"height":1525},{"@type":"BreadcrumbList","@id":"https:\/\/amazing-pasteur.212-53-165-88.plesk.page\/fr\/produit\/ipr-ex\/#breadcrumb","itemListElement":[{"@type":"ListItem","position":1,"name":"Home","item":"https:\/\/amazing-pasteur.212-53-165-88.plesk.page\/fr\/"},{"@type":"ListItem","position":2,"name":"Boutique","item":"https:\/\/amazing-pasteur.212-53-165-88.plesk.page\/fr\/?page_id=18289"},{"@type":"ListItem","position":3,"name":"iPR EX \u2013 Protection contre les explosions"}]},{"@type":"WebSite","@id":"https:\/\/amazing-pasteur.212-53-165-88.plesk.page\/fr\/#website","url":"https:\/\/amazing-pasteur.212-53-165-88.plesk.page\/fr\/","name":"SCHMIDT + HAENSCH","description":"Hochwertige Laborger\u00e4te, Inline-Prozessrefraktometer und Automatisierungsl\u00f6sungen","publisher":{"@id":"https:\/\/amazing-pasteur.212-53-165-88.plesk.page\/fr\/#organization"},"potentialAction":[{"@type":"SearchAction","target":{"@type":"EntryPoint","urlTemplate":"https:\/\/amazing-pasteur.212-53-165-88.plesk.page\/fr\/?s={search_term_string}"},"query-input":{"@type":"PropertyValueSpecification","valueRequired":true,"valueName":"search_term_string"}}],"inLanguage":"fr-FR"},{"@type":"Organization","@id":"https:\/\/amazing-pasteur.212-53-165-88.plesk.page\/fr\/#organization","name":"SCHMIDT + HAENSCH","url":"https:\/\/amazing-pasteur.212-53-165-88.plesk.page\/fr\/","logo":{"@type":"ImageObject","inLanguage":"fr-FR","@id":"https:\/\/amazing-pasteur.212-53-165-88.plesk.page\/fr\/#\/schema\/logo\/image\/","url":"https:\/\/amazing-pasteur.212-53-165-88.plesk.page\/wp-content\/uploads\/2021\/01\/schmidthaensch-logo.svg","contentUrl":"https:\/\/amazing-pasteur.212-53-165-88.plesk.page\/wp-content\/uploads\/2021\/01\/schmidthaensch-logo.svg","width":217,"height":57,"caption":"SCHMIDT + HAENSCH"},"image":{"@id":"https:\/\/amazing-pasteur.212-53-165-88.plesk.page\/fr\/#\/schema\/logo\/image\/"}}]}},"_links":{"self":[{"href":"https:\/\/amazing-pasteur.212-53-165-88.plesk.page\/fr\/wp-json\/wp\/v2\/product\/18683","targetHints":{"allow":["GET"]}}],"collection":[{"href":"https:\/\/amazing-pasteur.212-53-165-88.plesk.page\/fr\/wp-json\/wp\/v2\/product"}],"about":[{"href":"https:\/\/amazing-pasteur.212-53-165-88.plesk.page\/fr\/wp-json\/wp\/v2\/types\/product"}],"version-history":[{"count":0,"href":"https:\/\/amazing-pasteur.212-53-165-88.plesk.page\/fr\/wp-json\/wp\/v2\/product\/18683\/revisions"}],"wp:featuredmedia":[{"embeddable":true,"href":"https:\/\/amazing-pasteur.212-53-165-88.plesk.page\/fr\/wp-json\/wp\/v2\/media\/13264"}],"wp:attachment":[{"href":"https:\/\/amazing-pasteur.212-53-165-88.plesk.page\/fr\/wp-json\/wp\/v2\/media?parent=18683"}],"wp:term":[{"taxonomy":"product_brand","embeddable":true,"href":"https:\/\/amazing-pasteur.212-53-165-88.plesk.page\/fr\/wp-json\/wp\/v2\/product_brand?post=18683"},{"taxonomy":"product_cat","embeddable":true,"href":"https:\/\/amazing-pasteur.212-53-165-88.plesk.page\/fr\/wp-json\/wp\/v2\/product_cat?post=18683"},{"taxonomy":"product_tag","embeddable":true,"href":"https:\/\/amazing-pasteur.212-53-165-88.plesk.page\/fr\/wp-json\/wp\/v2\/product_tag?post=18683"}],"curies":[{"name":"wp","href":"https:\/\/api.w.org\/{rel}","templated":true}]}}