{"id":18752,"date":"2023-01-01T11:05:52","date_gmt":"2023-01-01T11:05:52","guid":{"rendered":"https:\/\/schmidt-haensch.com\/product\/ipr-c2\/"},"modified":"2025-12-04T08:32:39","modified_gmt":"2025-12-04T08:32:39","slug":"ipr-c2-compact-inline-process-refractometre","status":"publish","type":"product","link":"https:\/\/amazing-pasteur.212-53-165-88.plesk.page\/fr\/produit\/ipr-c2-compact-inline-process-refractometre\/","title":{"rendered":"iPR C2"},"content":{"rendered":"","protected":false},"excerpt":{"rendered":"","protected":false},"featured_media":11761,"template":"","meta":{"spc_primary_product_brand":-1,"spc_primary_product_cat":-1},"product_brand":[],"product_cat":[627],"product_tag":[1018,629,691,693,656,1464,814,633,1425,1023,807,818,812,1022,655,831,1029,632,783,785,630,690,1025,784,692,628,832,1024,1026,1030,1027,811,803,808,1028,1016],"class_list":{"0":"post-18752","1":"product","2":"type-product","3":"status-publish","4":"has-post-thumbnail","6":"product_cat-refractometres-et-capteurs-de-processus-en-ligne","7":"product_tag-adblue-def","8":"product_tag-brix-degre-brix-bx","9":"product_tag-concentration-dantigel","10":"product_tag-concentration-dethylene-glycol","11":"product_tag-concentration-du-detergent","12":"product_tag-concentration-en-propylene-glycol","13":"product_tag-concentres-et-dilution-de-boissons-non-alcoolisees","14":"product_tag-controle-de-la-qualite-et-de-la-concentration","15":"product_tag-controle-des-emulsions-du-liquide-de-refroidissement-dans-le-trefilage","16":"product_tag-degraissage-des-toles","17":"product_tag-degre-plato-plato","18":"product_tag-desinfectants-fr","19":"product_tag-detection-dinterface","20":"product_tag-eau-dans-le-miel","21":"product_tag-echelle-doechsle","22":"product_tag-emulsions-de-cremes-et-de-lotions","23":"product_tag-fluides-thermiques","24":"product_tag-huile-de-coupe-et-lubrifiant","25":"product_tag-identification-des-liquides","26":"product_tag-identification-des-matieres-premieres","27":"product_tag-indice-de-refraction-ri","28":"product_tag-inhibiteurs-de-givrage","29":"product_tag-latex-fr","30":"product_tag-liquides-dessuyage","31":"product_tag-liquides-de-refroidissement-et-lubrifiants-pour-moteurs","32":"product_tag-lubrifiants-de-refroidissement","33":"product_tag-mesure-des-edulcorants-a-base-damidon-dextrose-fructose-et-sirops-de-glucose","34":"product_tag-pressage-des-graines-oleagineuses","35":"product_tag-processus-de-gravure-humide-dans-la-production-de-plaquettes","36":"product_tag-production-doeufs-liquides","37":"product_tag-qualite-de-leau","38":"product_tag-sel-inorganique","39":"product_tag-solvants-organiques","40":"product_tag-substance-seche-refractometrique-rds","41":"product_tag-traitement-de-leau","42":"product_tag-vinification","44":"first","45":"instock","46":"sold-individually","47":"shipping-taxable","48":"product-type-simple"},"yoast_head":"<!-- This site is optimized with the Yoast SEO plugin v27.1.1 - https:\/\/yoast.com\/product\/yoast-seo-wordpress\/ -->\n<title>iPR C2 | SCHMIDT + HAENSCH<\/title>\n<meta name=\"description\" content=\"Le r\u00e9fractom\u00e8tre de processus de type g\u00e9n\u00e9ral de SCHMIDT + HAENSCH est fait pour durer.\" \/>\n<meta name=\"robots\" content=\"noindex, follow, max-snippet:-1, max-image-preview:large, max-video-preview:-1\" \/>\n<meta property=\"og:locale\" content=\"fr_FR\" \/>\n<meta property=\"og:type\" content=\"article\" \/>\n<meta property=\"og:title\" content=\"iPR C2 | SCHMIDT + HAENSCH\" \/>\n<meta property=\"og:description\" content=\"Le r\u00e9fractom\u00e8tre de processus de type g\u00e9n\u00e9ral de SCHMIDT + HAENSCH est fait pour durer.\" \/>\n<meta property=\"og:url\" content=\"https:\/\/amazing-pasteur.212-53-165-88.plesk.page\/fr\/produit\/ipr-c2-compact-inline-process-refractometre\/\" \/>\n<meta property=\"og:site_name\" content=\"SCHMIDT + HAENSCH\" \/>\n<meta property=\"article:modified_time\" content=\"2025-12-04T08:32:39+00:00\" \/>\n<meta property=\"og:image\" content=\"https:\/\/amazing-pasteur.212-53-165-88.plesk.page\/wp-content\/uploads\/2021\/03\/IPR_C2_SH.jpg\" \/>\n\t<meta property=\"og:image:width\" content=\"662\" \/>\n\t<meta property=\"og:image:height\" content=\"488\" \/>\n\t<meta property=\"og:image:type\" content=\"image\/jpeg\" \/>\n<meta name=\"twitter:card\" content=\"summary_large_image\" \/>\n<script type=\"application\/ld+json\" class=\"yoast-schema-graph\">{\"@context\":\"https:\/\/schema.org\",\"@graph\":[{\"@type\":[\"WebPage\",\"ItemPage\"],\"@id\":\"https:\/\/amazing-pasteur.212-53-165-88.plesk.page\/fr\/produit\/ipr-c2-compact-inline-process-refractometre\/\",\"url\":\"https:\/\/amazing-pasteur.212-53-165-88.plesk.page\/fr\/produit\/ipr-c2-compact-inline-process-refractometre\/\",\"name\":\"iPR C2 | SCHMIDT + HAENSCH\",\"isPartOf\":{\"@id\":\"https:\/\/amazing-pasteur.212-53-165-88.plesk.page\/fr\/#website\"},\"primaryImageOfPage\":{\"@id\":\"https:\/\/amazing-pasteur.212-53-165-88.plesk.page\/fr\/produit\/ipr-c2-compact-inline-process-refractometre\/#primaryimage\"},\"image\":{\"@id\":\"https:\/\/amazing-pasteur.212-53-165-88.plesk.page\/fr\/produit\/ipr-c2-compact-inline-process-refractometre\/#primaryimage\"},\"thumbnailUrl\":\"https:\/\/amazing-pasteur.212-53-165-88.plesk.page\/wp-content\/uploads\/2021\/03\/IPR_C2_SH.jpg\",\"datePublished\":\"2023-01-01T11:05:52+00:00\",\"dateModified\":\"2025-12-04T08:32:39+00:00\",\"description\":\"Le r\u00e9fractom\u00e8tre de processus de type g\u00e9n\u00e9ral de SCHMIDT + HAENSCH est fait pour durer.\",\"breadcrumb\":{\"@id\":\"https:\/\/amazing-pasteur.212-53-165-88.plesk.page\/fr\/produit\/ipr-c2-compact-inline-process-refractometre\/#breadcrumb\"},\"inLanguage\":\"fr-FR\",\"potentialAction\":[{\"@type\":\"ReadAction\",\"target\":[\"https:\/\/amazing-pasteur.212-53-165-88.plesk.page\/fr\/produit\/ipr-c2-compact-inline-process-refractometre\/\"]}]},{\"@type\":\"ImageObject\",\"inLanguage\":\"fr-FR\",\"@id\":\"https:\/\/amazing-pasteur.212-53-165-88.plesk.page\/fr\/produit\/ipr-c2-compact-inline-process-refractometre\/#primaryimage\",\"url\":\"https:\/\/amazing-pasteur.212-53-165-88.plesk.page\/wp-content\/uploads\/2021\/03\/IPR_C2_SH.jpg\",\"contentUrl\":\"https:\/\/amazing-pasteur.212-53-165-88.plesk.page\/wp-content\/uploads\/2021\/03\/IPR_C2_SH.jpg\",\"width\":662,\"height\":488,\"caption\":\"R\u00e9fractom\u00e8tre de processus compact de SCHMIDT + HAENSCH\"},{\"@type\":\"BreadcrumbList\",\"@id\":\"https:\/\/amazing-pasteur.212-53-165-88.plesk.page\/fr\/produit\/ipr-c2-compact-inline-process-refractometre\/#breadcrumb\",\"itemListElement\":[{\"@type\":\"ListItem\",\"position\":1,\"name\":\"Home\",\"item\":\"https:\/\/amazing-pasteur.212-53-165-88.plesk.page\/fr\/\"},{\"@type\":\"ListItem\",\"position\":2,\"name\":\"Boutique\",\"item\":\"https:\/\/amazing-pasteur.212-53-165-88.plesk.page\/fr\/?page_id=18289\"},{\"@type\":\"ListItem\",\"position\":3,\"name\":\"iPR C2\"}]},{\"@type\":\"WebSite\",\"@id\":\"https:\/\/amazing-pasteur.212-53-165-88.plesk.page\/fr\/#website\",\"url\":\"https:\/\/amazing-pasteur.212-53-165-88.plesk.page\/fr\/\",\"name\":\"SCHMIDT + HAENSCH\",\"description\":\"Hochwertige Laborger\u00e4te, Inline-Prozessrefraktometer und Automatisierungsl\u00f6sungen\",\"publisher\":{\"@id\":\"https:\/\/amazing-pasteur.212-53-165-88.plesk.page\/fr\/#organization\"},\"potentialAction\":[{\"@type\":\"SearchAction\",\"target\":{\"@type\":\"EntryPoint\",\"urlTemplate\":\"https:\/\/amazing-pasteur.212-53-165-88.plesk.page\/fr\/?s={search_term_string}\"},\"query-input\":{\"@type\":\"PropertyValueSpecification\",\"valueRequired\":true,\"valueName\":\"search_term_string\"}}],\"inLanguage\":\"fr-FR\"},{\"@type\":\"Organization\",\"@id\":\"https:\/\/amazing-pasteur.212-53-165-88.plesk.page\/fr\/#organization\",\"name\":\"SCHMIDT + HAENSCH\",\"url\":\"https:\/\/amazing-pasteur.212-53-165-88.plesk.page\/fr\/\",\"logo\":{\"@type\":\"ImageObject\",\"inLanguage\":\"fr-FR\",\"@id\":\"https:\/\/amazing-pasteur.212-53-165-88.plesk.page\/fr\/#\/schema\/logo\/image\/\",\"url\":\"https:\/\/amazing-pasteur.212-53-165-88.plesk.page\/wp-content\/uploads\/2021\/01\/schmidthaensch-logo.svg\",\"contentUrl\":\"https:\/\/amazing-pasteur.212-53-165-88.plesk.page\/wp-content\/uploads\/2021\/01\/schmidthaensch-logo.svg\",\"width\":217,\"height\":57,\"caption\":\"SCHMIDT + HAENSCH\"},\"image\":{\"@id\":\"https:\/\/amazing-pasteur.212-53-165-88.plesk.page\/fr\/#\/schema\/logo\/image\/\"}}]}<\/script>\n<!-- \/ Yoast SEO plugin. -->","yoast_head_json":{"title":"iPR C2 | SCHMIDT + HAENSCH","description":"Le r\u00e9fractom\u00e8tre de processus de type g\u00e9n\u00e9ral de SCHMIDT + HAENSCH est fait pour durer.","robots":{"index":"noindex","follow":"follow","max-snippet":"max-snippet:-1","max-image-preview":"max-image-preview:large","max-video-preview":"max-video-preview:-1"},"og_locale":"fr_FR","og_type":"article","og_title":"iPR C2 | SCHMIDT + HAENSCH","og_description":"Le r\u00e9fractom\u00e8tre de processus de type g\u00e9n\u00e9ral de SCHMIDT + HAENSCH est fait pour durer.","og_url":"https:\/\/amazing-pasteur.212-53-165-88.plesk.page\/fr\/produit\/ipr-c2-compact-inline-process-refractometre\/","og_site_name":"SCHMIDT + HAENSCH","article_modified_time":"2025-12-04T08:32:39+00:00","og_image":[{"width":662,"height":488,"url":"https:\/\/amazing-pasteur.212-53-165-88.plesk.page\/wp-content\/uploads\/2021\/03\/IPR_C2_SH.jpg","type":"image\/jpeg"}],"twitter_card":"summary_large_image","schema":{"@context":"https:\/\/schema.org","@graph":[{"@type":["WebPage","ItemPage"],"@id":"https:\/\/amazing-pasteur.212-53-165-88.plesk.page\/fr\/produit\/ipr-c2-compact-inline-process-refractometre\/","url":"https:\/\/amazing-pasteur.212-53-165-88.plesk.page\/fr\/produit\/ipr-c2-compact-inline-process-refractometre\/","name":"iPR C2 | SCHMIDT + HAENSCH","isPartOf":{"@id":"https:\/\/amazing-pasteur.212-53-165-88.plesk.page\/fr\/#website"},"primaryImageOfPage":{"@id":"https:\/\/amazing-pasteur.212-53-165-88.plesk.page\/fr\/produit\/ipr-c2-compact-inline-process-refractometre\/#primaryimage"},"image":{"@id":"https:\/\/amazing-pasteur.212-53-165-88.plesk.page\/fr\/produit\/ipr-c2-compact-inline-process-refractometre\/#primaryimage"},"thumbnailUrl":"https:\/\/amazing-pasteur.212-53-165-88.plesk.page\/wp-content\/uploads\/2021\/03\/IPR_C2_SH.jpg","datePublished":"2023-01-01T11:05:52+00:00","dateModified":"2025-12-04T08:32:39+00:00","description":"Le r\u00e9fractom\u00e8tre de processus de type g\u00e9n\u00e9ral de SCHMIDT + HAENSCH est fait pour durer.","breadcrumb":{"@id":"https:\/\/amazing-pasteur.212-53-165-88.plesk.page\/fr\/produit\/ipr-c2-compact-inline-process-refractometre\/#breadcrumb"},"inLanguage":"fr-FR","potentialAction":[{"@type":"ReadAction","target":["https:\/\/amazing-pasteur.212-53-165-88.plesk.page\/fr\/produit\/ipr-c2-compact-inline-process-refractometre\/"]}]},{"@type":"ImageObject","inLanguage":"fr-FR","@id":"https:\/\/amazing-pasteur.212-53-165-88.plesk.page\/fr\/produit\/ipr-c2-compact-inline-process-refractometre\/#primaryimage","url":"https:\/\/amazing-pasteur.212-53-165-88.plesk.page\/wp-content\/uploads\/2021\/03\/IPR_C2_SH.jpg","contentUrl":"https:\/\/amazing-pasteur.212-53-165-88.plesk.page\/wp-content\/uploads\/2021\/03\/IPR_C2_SH.jpg","width":662,"height":488,"caption":"R\u00e9fractom\u00e8tre de processus compact de SCHMIDT + HAENSCH"},{"@type":"BreadcrumbList","@id":"https:\/\/amazing-pasteur.212-53-165-88.plesk.page\/fr\/produit\/ipr-c2-compact-inline-process-refractometre\/#breadcrumb","itemListElement":[{"@type":"ListItem","position":1,"name":"Home","item":"https:\/\/amazing-pasteur.212-53-165-88.plesk.page\/fr\/"},{"@type":"ListItem","position":2,"name":"Boutique","item":"https:\/\/amazing-pasteur.212-53-165-88.plesk.page\/fr\/?page_id=18289"},{"@type":"ListItem","position":3,"name":"iPR C2"}]},{"@type":"WebSite","@id":"https:\/\/amazing-pasteur.212-53-165-88.plesk.page\/fr\/#website","url":"https:\/\/amazing-pasteur.212-53-165-88.plesk.page\/fr\/","name":"SCHMIDT + HAENSCH","description":"Hochwertige Laborger\u00e4te, Inline-Prozessrefraktometer und Automatisierungsl\u00f6sungen","publisher":{"@id":"https:\/\/amazing-pasteur.212-53-165-88.plesk.page\/fr\/#organization"},"potentialAction":[{"@type":"SearchAction","target":{"@type":"EntryPoint","urlTemplate":"https:\/\/amazing-pasteur.212-53-165-88.plesk.page\/fr\/?s={search_term_string}"},"query-input":{"@type":"PropertyValueSpecification","valueRequired":true,"valueName":"search_term_string"}}],"inLanguage":"fr-FR"},{"@type":"Organization","@id":"https:\/\/amazing-pasteur.212-53-165-88.plesk.page\/fr\/#organization","name":"SCHMIDT + HAENSCH","url":"https:\/\/amazing-pasteur.212-53-165-88.plesk.page\/fr\/","logo":{"@type":"ImageObject","inLanguage":"fr-FR","@id":"https:\/\/amazing-pasteur.212-53-165-88.plesk.page\/fr\/#\/schema\/logo\/image\/","url":"https:\/\/amazing-pasteur.212-53-165-88.plesk.page\/wp-content\/uploads\/2021\/01\/schmidthaensch-logo.svg","contentUrl":"https:\/\/amazing-pasteur.212-53-165-88.plesk.page\/wp-content\/uploads\/2021\/01\/schmidthaensch-logo.svg","width":217,"height":57,"caption":"SCHMIDT + HAENSCH"},"image":{"@id":"https:\/\/amazing-pasteur.212-53-165-88.plesk.page\/fr\/#\/schema\/logo\/image\/"}}]}},"_links":{"self":[{"href":"https:\/\/amazing-pasteur.212-53-165-88.plesk.page\/fr\/wp-json\/wp\/v2\/product\/18752","targetHints":{"allow":["GET"]}}],"collection":[{"href":"https:\/\/amazing-pasteur.212-53-165-88.plesk.page\/fr\/wp-json\/wp\/v2\/product"}],"about":[{"href":"https:\/\/amazing-pasteur.212-53-165-88.plesk.page\/fr\/wp-json\/wp\/v2\/types\/product"}],"version-history":[{"count":0,"href":"https:\/\/amazing-pasteur.212-53-165-88.plesk.page\/fr\/wp-json\/wp\/v2\/product\/18752\/revisions"}],"wp:featuredmedia":[{"embeddable":true,"href":"https:\/\/amazing-pasteur.212-53-165-88.plesk.page\/fr\/wp-json\/wp\/v2\/media\/11761"}],"wp:attachment":[{"href":"https:\/\/amazing-pasteur.212-53-165-88.plesk.page\/fr\/wp-json\/wp\/v2\/media?parent=18752"}],"wp:term":[{"taxonomy":"product_brand","embeddable":true,"href":"https:\/\/amazing-pasteur.212-53-165-88.plesk.page\/fr\/wp-json\/wp\/v2\/product_brand?post=18752"},{"taxonomy":"product_cat","embeddable":true,"href":"https:\/\/amazing-pasteur.212-53-165-88.plesk.page\/fr\/wp-json\/wp\/v2\/product_cat?post=18752"},{"taxonomy":"product_tag","embeddable":true,"href":"https:\/\/amazing-pasteur.212-53-165-88.plesk.page\/fr\/wp-json\/wp\/v2\/product_tag?post=18752"}],"curies":[{"name":"wp","href":"https:\/\/api.w.org\/{rel}","templated":true}]}}