{"id":18804,"date":"2023-01-01T11:01:25","date_gmt":"2023-01-01T11:01:25","guid":{"rendered":"https:\/\/schmidt-haensch.com\/product\/atr-br\/"},"modified":"2024-11-07T08:14:57","modified_gmt":"2024-11-07T08:14:57","slug":"atr-br-2","status":"publish","type":"product","link":"https:\/\/amazing-pasteur.212-53-165-88.plesk.page\/fr\/produit\/atr-br-2\/","title":{"rendered":"ATR BR"},"content":{"rendered":"","protected":false},"excerpt":{"rendered":"","protected":false},"featured_media":11627,"template":"","meta":{"spc_primary_product_brand":0,"spc_primary_product_cat":0},"product_brand":[],"product_cat":[663,714],"product_tag":[629,814,1127,807,655,630,808,610],"class_list":{"0":"post-18804","1":"product","2":"type-product","3":"status-publish","4":"has-post-thumbnail","6":"product_cat-instruments-de-laboratoire","7":"product_cat-refractometre-de-laboratoire","8":"product_tag-brix-degre-brix-bx","9":"product_tag-concentres-et-dilution-de-boissons-non-alcoolisees","10":"product_tag-degre-de-maturite-des-fruits-et-legumes","11":"product_tag-degre-plato-plato","12":"product_tag-echelle-doechsle","13":"product_tag-indice-de-refraction-ri","14":"product_tag-substance-seche-refractometrique-rds","15":"product_tag-sucre","17":"first","18":"instock","19":"sold-individually","20":"shipping-taxable","21":"product-type-simple"},"yoast_head":"<!-- This site is optimized with the Yoast SEO plugin v27.1.1 - https:\/\/yoast.com\/product\/yoast-seo-wordpress\/ -->\n<title>ATR BR | SCHMIDT + HAENSCH<\/title>\n<meta name=\"description\" content=\"Un r\u00e9fractom\u00e8tre \u00e0 angle critique autonome pour mesurer les milieux liquides de faible \u00e0 forte viscosit\u00e9, ind\u00e9pendamment de l&#039;opacit\u00e9 et de la couleur ...\" \/>\n<meta name=\"robots\" content=\"noindex, follow, max-snippet:-1, max-image-preview:large, max-video-preview:-1\" \/>\n<meta property=\"og:locale\" content=\"fr_FR\" \/>\n<meta property=\"og:type\" content=\"article\" \/>\n<meta property=\"og:title\" content=\"ATR BR | SCHMIDT + HAENSCH\" \/>\n<meta property=\"og:description\" content=\"Un r\u00e9fractom\u00e8tre \u00e0 angle critique autonome pour mesurer les milieux liquides de faible \u00e0 forte viscosit\u00e9, ind\u00e9pendamment de l&#039;opacit\u00e9 et de la couleur ...\" \/>\n<meta property=\"og:url\" content=\"https:\/\/amazing-pasteur.212-53-165-88.plesk.page\/fr\/produit\/atr-br-2\/\" \/>\n<meta property=\"og:site_name\" content=\"SCHMIDT + HAENSCH\" \/>\n<meta property=\"article:modified_time\" content=\"2024-11-07T08:14:57+00:00\" \/>\n<meta property=\"og:image\" content=\"https:\/\/amazing-pasteur.212-53-165-88.plesk.page\/wp-content\/uploads\/2021\/03\/SH_ATR-BR_availableagain.png\" \/>\n\t<meta property=\"og:image:width\" content=\"1536\" \/>\n\t<meta property=\"og:image:height\" content=\"1093\" \/>\n\t<meta property=\"og:image:type\" content=\"image\/png\" \/>\n<meta name=\"twitter:card\" content=\"summary_large_image\" \/>\n<script type=\"application\/ld+json\" class=\"yoast-schema-graph\">{\"@context\":\"https:\/\/schema.org\",\"@graph\":[{\"@type\":[\"WebPage\",\"ItemPage\"],\"@id\":\"https:\/\/amazing-pasteur.212-53-165-88.plesk.page\/fr\/produit\/atr-br-2\/\",\"url\":\"https:\/\/amazing-pasteur.212-53-165-88.plesk.page\/fr\/produit\/atr-br-2\/\",\"name\":\"ATR BR | SCHMIDT + HAENSCH\",\"isPartOf\":{\"@id\":\"https:\/\/amazing-pasteur.212-53-165-88.plesk.page\/fr\/#website\"},\"primaryImageOfPage\":{\"@id\":\"https:\/\/amazing-pasteur.212-53-165-88.plesk.page\/fr\/produit\/atr-br-2\/#primaryimage\"},\"image\":{\"@id\":\"https:\/\/amazing-pasteur.212-53-165-88.plesk.page\/fr\/produit\/atr-br-2\/#primaryimage\"},\"thumbnailUrl\":\"https:\/\/amazing-pasteur.212-53-165-88.plesk.page\/wp-content\/uploads\/2021\/03\/SH-ATR-BR-lk-ohne-scaled.jpg\",\"datePublished\":\"2023-01-01T11:01:25+00:00\",\"dateModified\":\"2024-11-07T08:14:57+00:00\",\"description\":\"Un r\u00e9fractom\u00e8tre \u00e0 angle critique autonome pour mesurer les milieux liquides de faible \u00e0 forte viscosit\u00e9, ind\u00e9pendamment de l'opacit\u00e9 et de la couleur ...\",\"breadcrumb\":{\"@id\":\"https:\/\/amazing-pasteur.212-53-165-88.plesk.page\/fr\/produit\/atr-br-2\/#breadcrumb\"},\"inLanguage\":\"fr-FR\",\"potentialAction\":[{\"@type\":\"ReadAction\",\"target\":[\"https:\/\/amazing-pasteur.212-53-165-88.plesk.page\/fr\/produit\/atr-br-2\/\"]}]},{\"@type\":\"ImageObject\",\"inLanguage\":\"fr-FR\",\"@id\":\"https:\/\/amazing-pasteur.212-53-165-88.plesk.page\/fr\/produit\/atr-br-2\/#primaryimage\",\"url\":\"https:\/\/amazing-pasteur.212-53-165-88.plesk.page\/wp-content\/uploads\/2021\/03\/SH-ATR-BR-lk-ohne-scaled.jpg\",\"contentUrl\":\"https:\/\/amazing-pasteur.212-53-165-88.plesk.page\/wp-content\/uploads\/2021\/03\/SH-ATR-BR-lk-ohne-scaled.jpg\",\"width\":2560,\"height\":1706,\"caption\":\"R\u00e9fractom\u00e8tre de laboratoire compact\"},{\"@type\":\"BreadcrumbList\",\"@id\":\"https:\/\/amazing-pasteur.212-53-165-88.plesk.page\/fr\/produit\/atr-br-2\/#breadcrumb\",\"itemListElement\":[{\"@type\":\"ListItem\",\"position\":1,\"name\":\"Home\",\"item\":\"https:\/\/amazing-pasteur.212-53-165-88.plesk.page\/fr\/\"},{\"@type\":\"ListItem\",\"position\":2,\"name\":\"Boutique\",\"item\":\"https:\/\/amazing-pasteur.212-53-165-88.plesk.page\/fr\/?page_id=18289\"},{\"@type\":\"ListItem\",\"position\":3,\"name\":\"ATR BR\"}]},{\"@type\":\"WebSite\",\"@id\":\"https:\/\/amazing-pasteur.212-53-165-88.plesk.page\/fr\/#website\",\"url\":\"https:\/\/amazing-pasteur.212-53-165-88.plesk.page\/fr\/\",\"name\":\"SCHMIDT + HAENSCH\",\"description\":\"Hochwertige Laborger\u00e4te, Inline-Prozessrefraktometer und Automatisierungsl\u00f6sungen\",\"publisher\":{\"@id\":\"https:\/\/amazing-pasteur.212-53-165-88.plesk.page\/fr\/#organization\"},\"potentialAction\":[{\"@type\":\"SearchAction\",\"target\":{\"@type\":\"EntryPoint\",\"urlTemplate\":\"https:\/\/amazing-pasteur.212-53-165-88.plesk.page\/fr\/?s={search_term_string}\"},\"query-input\":{\"@type\":\"PropertyValueSpecification\",\"valueRequired\":true,\"valueName\":\"search_term_string\"}}],\"inLanguage\":\"fr-FR\"},{\"@type\":\"Organization\",\"@id\":\"https:\/\/amazing-pasteur.212-53-165-88.plesk.page\/fr\/#organization\",\"name\":\"SCHMIDT + HAENSCH\",\"url\":\"https:\/\/amazing-pasteur.212-53-165-88.plesk.page\/fr\/\",\"logo\":{\"@type\":\"ImageObject\",\"inLanguage\":\"fr-FR\",\"@id\":\"https:\/\/amazing-pasteur.212-53-165-88.plesk.page\/fr\/#\/schema\/logo\/image\/\",\"url\":\"https:\/\/amazing-pasteur.212-53-165-88.plesk.page\/wp-content\/uploads\/2021\/01\/schmidthaensch-logo.svg\",\"contentUrl\":\"https:\/\/amazing-pasteur.212-53-165-88.plesk.page\/wp-content\/uploads\/2021\/01\/schmidthaensch-logo.svg\",\"width\":217,\"height\":57,\"caption\":\"SCHMIDT + HAENSCH\"},\"image\":{\"@id\":\"https:\/\/amazing-pasteur.212-53-165-88.plesk.page\/fr\/#\/schema\/logo\/image\/\"}}]}<\/script>\n<!-- \/ Yoast SEO plugin. -->","yoast_head_json":{"title":"ATR BR | SCHMIDT + HAENSCH","description":"Un r\u00e9fractom\u00e8tre \u00e0 angle critique autonome pour mesurer les milieux liquides de faible \u00e0 forte viscosit\u00e9, ind\u00e9pendamment de l'opacit\u00e9 et de la couleur ...","robots":{"index":"noindex","follow":"follow","max-snippet":"max-snippet:-1","max-image-preview":"max-image-preview:large","max-video-preview":"max-video-preview:-1"},"og_locale":"fr_FR","og_type":"article","og_title":"ATR BR | SCHMIDT + HAENSCH","og_description":"Un r\u00e9fractom\u00e8tre \u00e0 angle critique autonome pour mesurer les milieux liquides de faible \u00e0 forte viscosit\u00e9, ind\u00e9pendamment de l'opacit\u00e9 et de la couleur ...","og_url":"https:\/\/amazing-pasteur.212-53-165-88.plesk.page\/fr\/produit\/atr-br-2\/","og_site_name":"SCHMIDT + HAENSCH","article_modified_time":"2024-11-07T08:14:57+00:00","og_image":[{"width":1536,"height":1093,"url":"https:\/\/amazing-pasteur.212-53-165-88.plesk.page\/wp-content\/uploads\/2021\/03\/SH_ATR-BR_availableagain.png","type":"image\/png"}],"twitter_card":"summary_large_image","schema":{"@context":"https:\/\/schema.org","@graph":[{"@type":["WebPage","ItemPage"],"@id":"https:\/\/amazing-pasteur.212-53-165-88.plesk.page\/fr\/produit\/atr-br-2\/","url":"https:\/\/amazing-pasteur.212-53-165-88.plesk.page\/fr\/produit\/atr-br-2\/","name":"ATR BR | SCHMIDT + HAENSCH","isPartOf":{"@id":"https:\/\/amazing-pasteur.212-53-165-88.plesk.page\/fr\/#website"},"primaryImageOfPage":{"@id":"https:\/\/amazing-pasteur.212-53-165-88.plesk.page\/fr\/produit\/atr-br-2\/#primaryimage"},"image":{"@id":"https:\/\/amazing-pasteur.212-53-165-88.plesk.page\/fr\/produit\/atr-br-2\/#primaryimage"},"thumbnailUrl":"https:\/\/amazing-pasteur.212-53-165-88.plesk.page\/wp-content\/uploads\/2021\/03\/SH-ATR-BR-lk-ohne-scaled.jpg","datePublished":"2023-01-01T11:01:25+00:00","dateModified":"2024-11-07T08:14:57+00:00","description":"Un r\u00e9fractom\u00e8tre \u00e0 angle critique autonome pour mesurer les milieux liquides de faible \u00e0 forte viscosit\u00e9, ind\u00e9pendamment de l'opacit\u00e9 et de la couleur ...","breadcrumb":{"@id":"https:\/\/amazing-pasteur.212-53-165-88.plesk.page\/fr\/produit\/atr-br-2\/#breadcrumb"},"inLanguage":"fr-FR","potentialAction":[{"@type":"ReadAction","target":["https:\/\/amazing-pasteur.212-53-165-88.plesk.page\/fr\/produit\/atr-br-2\/"]}]},{"@type":"ImageObject","inLanguage":"fr-FR","@id":"https:\/\/amazing-pasteur.212-53-165-88.plesk.page\/fr\/produit\/atr-br-2\/#primaryimage","url":"https:\/\/amazing-pasteur.212-53-165-88.plesk.page\/wp-content\/uploads\/2021\/03\/SH-ATR-BR-lk-ohne-scaled.jpg","contentUrl":"https:\/\/amazing-pasteur.212-53-165-88.plesk.page\/wp-content\/uploads\/2021\/03\/SH-ATR-BR-lk-ohne-scaled.jpg","width":2560,"height":1706,"caption":"R\u00e9fractom\u00e8tre de laboratoire compact"},{"@type":"BreadcrumbList","@id":"https:\/\/amazing-pasteur.212-53-165-88.plesk.page\/fr\/produit\/atr-br-2\/#breadcrumb","itemListElement":[{"@type":"ListItem","position":1,"name":"Home","item":"https:\/\/amazing-pasteur.212-53-165-88.plesk.page\/fr\/"},{"@type":"ListItem","position":2,"name":"Boutique","item":"https:\/\/amazing-pasteur.212-53-165-88.plesk.page\/fr\/?page_id=18289"},{"@type":"ListItem","position":3,"name":"ATR BR"}]},{"@type":"WebSite","@id":"https:\/\/amazing-pasteur.212-53-165-88.plesk.page\/fr\/#website","url":"https:\/\/amazing-pasteur.212-53-165-88.plesk.page\/fr\/","name":"SCHMIDT + HAENSCH","description":"Hochwertige Laborger\u00e4te, Inline-Prozessrefraktometer und Automatisierungsl\u00f6sungen","publisher":{"@id":"https:\/\/amazing-pasteur.212-53-165-88.plesk.page\/fr\/#organization"},"potentialAction":[{"@type":"SearchAction","target":{"@type":"EntryPoint","urlTemplate":"https:\/\/amazing-pasteur.212-53-165-88.plesk.page\/fr\/?s={search_term_string}"},"query-input":{"@type":"PropertyValueSpecification","valueRequired":true,"valueName":"search_term_string"}}],"inLanguage":"fr-FR"},{"@type":"Organization","@id":"https:\/\/amazing-pasteur.212-53-165-88.plesk.page\/fr\/#organization","name":"SCHMIDT + HAENSCH","url":"https:\/\/amazing-pasteur.212-53-165-88.plesk.page\/fr\/","logo":{"@type":"ImageObject","inLanguage":"fr-FR","@id":"https:\/\/amazing-pasteur.212-53-165-88.plesk.page\/fr\/#\/schema\/logo\/image\/","url":"https:\/\/amazing-pasteur.212-53-165-88.plesk.page\/wp-content\/uploads\/2021\/01\/schmidthaensch-logo.svg","contentUrl":"https:\/\/amazing-pasteur.212-53-165-88.plesk.page\/wp-content\/uploads\/2021\/01\/schmidthaensch-logo.svg","width":217,"height":57,"caption":"SCHMIDT + HAENSCH"},"image":{"@id":"https:\/\/amazing-pasteur.212-53-165-88.plesk.page\/fr\/#\/schema\/logo\/image\/"}}]}},"_links":{"self":[{"href":"https:\/\/amazing-pasteur.212-53-165-88.plesk.page\/fr\/wp-json\/wp\/v2\/product\/18804","targetHints":{"allow":["GET"]}}],"collection":[{"href":"https:\/\/amazing-pasteur.212-53-165-88.plesk.page\/fr\/wp-json\/wp\/v2\/product"}],"about":[{"href":"https:\/\/amazing-pasteur.212-53-165-88.plesk.page\/fr\/wp-json\/wp\/v2\/types\/product"}],"version-history":[{"count":0,"href":"https:\/\/amazing-pasteur.212-53-165-88.plesk.page\/fr\/wp-json\/wp\/v2\/product\/18804\/revisions"}],"wp:featuredmedia":[{"embeddable":true,"href":"https:\/\/amazing-pasteur.212-53-165-88.plesk.page\/fr\/wp-json\/wp\/v2\/media\/11627"}],"wp:attachment":[{"href":"https:\/\/amazing-pasteur.212-53-165-88.plesk.page\/fr\/wp-json\/wp\/v2\/media?parent=18804"}],"wp:term":[{"taxonomy":"product_brand","embeddable":true,"href":"https:\/\/amazing-pasteur.212-53-165-88.plesk.page\/fr\/wp-json\/wp\/v2\/product_brand?post=18804"},{"taxonomy":"product_cat","embeddable":true,"href":"https:\/\/amazing-pasteur.212-53-165-88.plesk.page\/fr\/wp-json\/wp\/v2\/product_cat?post=18804"},{"taxonomy":"product_tag","embeddable":true,"href":"https:\/\/amazing-pasteur.212-53-165-88.plesk.page\/fr\/wp-json\/wp\/v2\/product_tag?post=18804"}],"curies":[{"name":"wp","href":"https:\/\/api.w.org\/{rel}","templated":true}]}}