{"id":18808,"date":"2023-01-01T11:04:41","date_gmt":"2023-01-01T11:04:41","guid":{"rendered":"https:\/\/schmidt-haensch.com\/product\/variref\/"},"modified":"2025-07-16T11:05:30","modified_gmt":"2025-07-16T11:05:30","slug":"variref-refractometre","status":"publish","type":"product","link":"https:\/\/amazing-pasteur.212-53-165-88.plesk.page\/fr\/produit\/variref-refractometre\/","title":{"rendered":"VariRef \u2013 Refractom\u00e8tre"},"content":{"rendered":"","protected":false},"excerpt":{"rendered":"","protected":false},"featured_media":29194,"template":"","meta":{"spc_primary_product_brand":0,"spc_primary_product_cat":0},"product_brand":[],"product_cat":[1073,663,714],"product_tag":[1018,710,629,1121,820,814,1120,1430,722,1425,807,802,1022,831,1029,783,630,826,690,1136,1122,985,631,1024,805,1124,823,1119,804,1017,803,1003,808,1016],"class_list":{"0":"post-18808","1":"product","2":"type-product","3":"status-publish","4":"has-post-thumbnail","6":"product_cat-config-fr","7":"product_cat-instruments-de-laboratoire","8":"product_cat-refractometre-de-laboratoire","9":"product_tag-adblue-def","10":"product_tag-additifs-de-sucre-dans-lalimentation-et-les-boissons","11":"product_tag-brix-degre-brix-bx","12":"product_tag-caracterisation-des-liquides","13":"product_tag-concentration-de-betaine-dans-les-produits-cosmetiques-et-pharmaceutiques-fr","14":"product_tag-concentres-et-dilution-de-boissons-non-alcoolisees","15":"product_tag-controle-de-la-purete","16":"product_tag-controle-de-la-purete-dans-la-production-de-tampons-et-de-milieux-de-culture-cellulaire","17":"product_tag-controle-de-la-purete-des-produits-pharmaceutiques","18":"product_tag-controle-des-emulsions-du-liquide-de-refroidissement-dans-le-trefilage","19":"product_tag-degre-plato-plato","20":"product_tag-distillation-et-separation-de-phases","21":"product_tag-eau-dans-le-miel","22":"product_tag-emulsions-de-cremes-et-de-lotions","23":"product_tag-fluides-thermiques","24":"product_tag-identification-des-liquides","25":"product_tag-indice-de-refraction-ri","26":"product_tag-infusions-medicales","27":"product_tag-inhibiteurs-de-givrage","28":"product_tag-les-cires-dans-le-rouge-a-levres","29":"product_tag-les-parfums-dans-les-cosmetiques","30":"product_tag-liquides-dhydrocarbures","31":"product_tag-mesure-de-la-concentration","32":"product_tag-pressage-des-graines-oleagineuses","33":"product_tag-production-de-biere-mesure-de-la-concentration-du-mout","34":"product_tag-production-de-biere-mesure-de-la-gravite-et-de-lalcool","35":"product_tag-produits-laitiers","36":"product_tag-purete-des-huiles-essentielles","37":"product_tag-qualite-et-composition-du-chocolat","38":"product_tag-salinite-et-dessalement","39":"product_tag-solvants-organiques","40":"product_tag-stevia","41":"product_tag-substance-seche-refractometrique-rds","42":"product_tag-vinification","44":"first","45":"instock","46":"sold-individually","47":"shipping-taxable","48":"purchasable","49":"product-type-variable"},"yoast_head":"<!-- This site is optimized with the Yoast SEO plugin v27.1.1 - https:\/\/yoast.com\/product\/yoast-seo-wordpress\/ -->\n<title>VariRef \u2013 Refractom\u00e8tre | SCHMIDT + HAENSCH<\/title>\n<meta name=\"description\" content=\"Notre r\u00e9fractom\u00e8tre de pointe fournit des mesures de la plus haute pr\u00e9cision tout au long du cycle de vie du produit.\" \/>\n<meta name=\"robots\" content=\"noindex, follow, max-snippet:-1, max-image-preview:large, max-video-preview:-1\" \/>\n<meta property=\"og:locale\" content=\"fr_FR\" \/>\n<meta property=\"og:type\" content=\"article\" \/>\n<meta property=\"og:title\" content=\"VariRef \u2013 Refractom\u00e8tre | SCHMIDT + HAENSCH\" \/>\n<meta property=\"og:description\" content=\"Notre r\u00e9fractom\u00e8tre de pointe fournit des mesures de la plus haute pr\u00e9cision tout au long du cycle de vie du produit.\" \/>\n<meta property=\"og:url\" content=\"https:\/\/amazing-pasteur.212-53-165-88.plesk.page\/fr\/produit\/variref-refractometre\/\" \/>\n<meta property=\"og:site_name\" content=\"SCHMIDT + HAENSCH\" \/>\n<meta property=\"article:modified_time\" content=\"2025-07-16T11:05:30+00:00\" \/>\n<meta property=\"og:image\" content=\"https:\/\/amazing-pasteur.212-53-165-88.plesk.page\/wp-content\/uploads\/2021\/03\/SH_VariRef_single_withdisplaysoftware_free-scaled.png\" \/>\n\t<meta property=\"og:image:width\" content=\"2560\" \/>\n\t<meta property=\"og:image:height\" content=\"2205\" \/>\n\t<meta property=\"og:image:type\" content=\"image\/png\" \/>\n<meta name=\"twitter:card\" content=\"summary_large_image\" \/>\n<script type=\"application\/ld+json\" class=\"yoast-schema-graph\">{\"@context\":\"https:\/\/schema.org\",\"@graph\":[{\"@type\":[\"WebPage\",\"ItemPage\"],\"@id\":\"https:\/\/amazing-pasteur.212-53-165-88.plesk.page\/fr\/produit\/variref-refractometre\/\",\"url\":\"https:\/\/amazing-pasteur.212-53-165-88.plesk.page\/fr\/produit\/variref-refractometre\/\",\"name\":\"VariRef \u2013 Refractom\u00e8tre | SCHMIDT + HAENSCH\",\"isPartOf\":{\"@id\":\"https:\/\/amazing-pasteur.212-53-165-88.plesk.page\/fr\/#website\"},\"primaryImageOfPage\":{\"@id\":\"https:\/\/amazing-pasteur.212-53-165-88.plesk.page\/fr\/produit\/variref-refractometre\/#primaryimage\"},\"image\":{\"@id\":\"https:\/\/amazing-pasteur.212-53-165-88.plesk.page\/fr\/produit\/variref-refractometre\/#primaryimage\"},\"thumbnailUrl\":\"https:\/\/amazing-pasteur.212-53-165-88.plesk.page\/wp-content\/uploads\/2021\/03\/SH_VariRef_single_withdisplaysoftware_free-scaled.png\",\"datePublished\":\"2023-01-01T11:04:41+00:00\",\"dateModified\":\"2025-07-16T11:05:30+00:00\",\"description\":\"Notre r\u00e9fractom\u00e8tre de pointe fournit des mesures de la plus haute pr\u00e9cision tout au long du cycle de vie du produit.\",\"breadcrumb\":{\"@id\":\"https:\/\/amazing-pasteur.212-53-165-88.plesk.page\/fr\/produit\/variref-refractometre\/#breadcrumb\"},\"inLanguage\":\"fr-FR\",\"potentialAction\":[{\"@type\":\"ReadAction\",\"target\":[\"https:\/\/amazing-pasteur.212-53-165-88.plesk.page\/fr\/produit\/variref-refractometre\/\"]}]},{\"@type\":\"ImageObject\",\"inLanguage\":\"fr-FR\",\"@id\":\"https:\/\/amazing-pasteur.212-53-165-88.plesk.page\/fr\/produit\/variref-refractometre\/#primaryimage\",\"url\":\"https:\/\/amazing-pasteur.212-53-165-88.plesk.page\/wp-content\/uploads\/2021\/03\/SH_VariRef_single_withdisplaysoftware_free-scaled.png\",\"contentUrl\":\"https:\/\/amazing-pasteur.212-53-165-88.plesk.page\/wp-content\/uploads\/2021\/03\/SH_VariRef_single_withdisplaysoftware_free-scaled.png\",\"width\":2560,\"height\":2205},{\"@type\":\"BreadcrumbList\",\"@id\":\"https:\/\/amazing-pasteur.212-53-165-88.plesk.page\/fr\/produit\/variref-refractometre\/#breadcrumb\",\"itemListElement\":[{\"@type\":\"ListItem\",\"position\":1,\"name\":\"Home\",\"item\":\"https:\/\/amazing-pasteur.212-53-165-88.plesk.page\/fr\/\"},{\"@type\":\"ListItem\",\"position\":2,\"name\":\"Boutique\",\"item\":\"https:\/\/amazing-pasteur.212-53-165-88.plesk.page\/fr\/?page_id=18289\"},{\"@type\":\"ListItem\",\"position\":3,\"name\":\"VariRef \u2013 Refractom\u00e8tre\"}]},{\"@type\":\"WebSite\",\"@id\":\"https:\/\/amazing-pasteur.212-53-165-88.plesk.page\/fr\/#website\",\"url\":\"https:\/\/amazing-pasteur.212-53-165-88.plesk.page\/fr\/\",\"name\":\"SCHMIDT + HAENSCH\",\"description\":\"Hochwertige Laborger\u00e4te, Inline-Prozessrefraktometer und Automatisierungsl\u00f6sungen\",\"publisher\":{\"@id\":\"https:\/\/amazing-pasteur.212-53-165-88.plesk.page\/fr\/#organization\"},\"potentialAction\":[{\"@type\":\"SearchAction\",\"target\":{\"@type\":\"EntryPoint\",\"urlTemplate\":\"https:\/\/amazing-pasteur.212-53-165-88.plesk.page\/fr\/?s={search_term_string}\"},\"query-input\":{\"@type\":\"PropertyValueSpecification\",\"valueRequired\":true,\"valueName\":\"search_term_string\"}}],\"inLanguage\":\"fr-FR\"},{\"@type\":\"Organization\",\"@id\":\"https:\/\/amazing-pasteur.212-53-165-88.plesk.page\/fr\/#organization\",\"name\":\"SCHMIDT + HAENSCH\",\"url\":\"https:\/\/amazing-pasteur.212-53-165-88.plesk.page\/fr\/\",\"logo\":{\"@type\":\"ImageObject\",\"inLanguage\":\"fr-FR\",\"@id\":\"https:\/\/amazing-pasteur.212-53-165-88.plesk.page\/fr\/#\/schema\/logo\/image\/\",\"url\":\"https:\/\/amazing-pasteur.212-53-165-88.plesk.page\/wp-content\/uploads\/2021\/01\/schmidthaensch-logo.svg\",\"contentUrl\":\"https:\/\/amazing-pasteur.212-53-165-88.plesk.page\/wp-content\/uploads\/2021\/01\/schmidthaensch-logo.svg\",\"width\":217,\"height\":57,\"caption\":\"SCHMIDT + HAENSCH\"},\"image\":{\"@id\":\"https:\/\/amazing-pasteur.212-53-165-88.plesk.page\/fr\/#\/schema\/logo\/image\/\"}}]}<\/script>\n<!-- \/ Yoast SEO plugin. -->","yoast_head_json":{"title":"VariRef \u2013 Refractom\u00e8tre | SCHMIDT + HAENSCH","description":"Notre r\u00e9fractom\u00e8tre de pointe fournit des mesures de la plus haute pr\u00e9cision tout au long du cycle de vie du produit.","robots":{"index":"noindex","follow":"follow","max-snippet":"max-snippet:-1","max-image-preview":"max-image-preview:large","max-video-preview":"max-video-preview:-1"},"og_locale":"fr_FR","og_type":"article","og_title":"VariRef \u2013 Refractom\u00e8tre | SCHMIDT + HAENSCH","og_description":"Notre r\u00e9fractom\u00e8tre de pointe fournit des mesures de la plus haute pr\u00e9cision tout au long du cycle de vie du produit.","og_url":"https:\/\/amazing-pasteur.212-53-165-88.plesk.page\/fr\/produit\/variref-refractometre\/","og_site_name":"SCHMIDT + HAENSCH","article_modified_time":"2025-07-16T11:05:30+00:00","og_image":[{"width":2560,"height":2205,"url":"https:\/\/amazing-pasteur.212-53-165-88.plesk.page\/wp-content\/uploads\/2021\/03\/SH_VariRef_single_withdisplaysoftware_free-scaled.png","type":"image\/png"}],"twitter_card":"summary_large_image","schema":{"@context":"https:\/\/schema.org","@graph":[{"@type":["WebPage","ItemPage"],"@id":"https:\/\/amazing-pasteur.212-53-165-88.plesk.page\/fr\/produit\/variref-refractometre\/","url":"https:\/\/amazing-pasteur.212-53-165-88.plesk.page\/fr\/produit\/variref-refractometre\/","name":"VariRef \u2013 Refractom\u00e8tre | SCHMIDT + HAENSCH","isPartOf":{"@id":"https:\/\/amazing-pasteur.212-53-165-88.plesk.page\/fr\/#website"},"primaryImageOfPage":{"@id":"https:\/\/amazing-pasteur.212-53-165-88.plesk.page\/fr\/produit\/variref-refractometre\/#primaryimage"},"image":{"@id":"https:\/\/amazing-pasteur.212-53-165-88.plesk.page\/fr\/produit\/variref-refractometre\/#primaryimage"},"thumbnailUrl":"https:\/\/amazing-pasteur.212-53-165-88.plesk.page\/wp-content\/uploads\/2021\/03\/SH_VariRef_single_withdisplaysoftware_free-scaled.png","datePublished":"2023-01-01T11:04:41+00:00","dateModified":"2025-07-16T11:05:30+00:00","description":"Notre r\u00e9fractom\u00e8tre de pointe fournit des mesures de la plus haute pr\u00e9cision tout au long du cycle de vie du produit.","breadcrumb":{"@id":"https:\/\/amazing-pasteur.212-53-165-88.plesk.page\/fr\/produit\/variref-refractometre\/#breadcrumb"},"inLanguage":"fr-FR","potentialAction":[{"@type":"ReadAction","target":["https:\/\/amazing-pasteur.212-53-165-88.plesk.page\/fr\/produit\/variref-refractometre\/"]}]},{"@type":"ImageObject","inLanguage":"fr-FR","@id":"https:\/\/amazing-pasteur.212-53-165-88.plesk.page\/fr\/produit\/variref-refractometre\/#primaryimage","url":"https:\/\/amazing-pasteur.212-53-165-88.plesk.page\/wp-content\/uploads\/2021\/03\/SH_VariRef_single_withdisplaysoftware_free-scaled.png","contentUrl":"https:\/\/amazing-pasteur.212-53-165-88.plesk.page\/wp-content\/uploads\/2021\/03\/SH_VariRef_single_withdisplaysoftware_free-scaled.png","width":2560,"height":2205},{"@type":"BreadcrumbList","@id":"https:\/\/amazing-pasteur.212-53-165-88.plesk.page\/fr\/produit\/variref-refractometre\/#breadcrumb","itemListElement":[{"@type":"ListItem","position":1,"name":"Home","item":"https:\/\/amazing-pasteur.212-53-165-88.plesk.page\/fr\/"},{"@type":"ListItem","position":2,"name":"Boutique","item":"https:\/\/amazing-pasteur.212-53-165-88.plesk.page\/fr\/?page_id=18289"},{"@type":"ListItem","position":3,"name":"VariRef \u2013 Refractom\u00e8tre"}]},{"@type":"WebSite","@id":"https:\/\/amazing-pasteur.212-53-165-88.plesk.page\/fr\/#website","url":"https:\/\/amazing-pasteur.212-53-165-88.plesk.page\/fr\/","name":"SCHMIDT + HAENSCH","description":"Hochwertige Laborger\u00e4te, Inline-Prozessrefraktometer und Automatisierungsl\u00f6sungen","publisher":{"@id":"https:\/\/amazing-pasteur.212-53-165-88.plesk.page\/fr\/#organization"},"potentialAction":[{"@type":"SearchAction","target":{"@type":"EntryPoint","urlTemplate":"https:\/\/amazing-pasteur.212-53-165-88.plesk.page\/fr\/?s={search_term_string}"},"query-input":{"@type":"PropertyValueSpecification","valueRequired":true,"valueName":"search_term_string"}}],"inLanguage":"fr-FR"},{"@type":"Organization","@id":"https:\/\/amazing-pasteur.212-53-165-88.plesk.page\/fr\/#organization","name":"SCHMIDT + HAENSCH","url":"https:\/\/amazing-pasteur.212-53-165-88.plesk.page\/fr\/","logo":{"@type":"ImageObject","inLanguage":"fr-FR","@id":"https:\/\/amazing-pasteur.212-53-165-88.plesk.page\/fr\/#\/schema\/logo\/image\/","url":"https:\/\/amazing-pasteur.212-53-165-88.plesk.page\/wp-content\/uploads\/2021\/01\/schmidthaensch-logo.svg","contentUrl":"https:\/\/amazing-pasteur.212-53-165-88.plesk.page\/wp-content\/uploads\/2021\/01\/schmidthaensch-logo.svg","width":217,"height":57,"caption":"SCHMIDT + HAENSCH"},"image":{"@id":"https:\/\/amazing-pasteur.212-53-165-88.plesk.page\/fr\/#\/schema\/logo\/image\/"}}]}},"_links":{"self":[{"href":"https:\/\/amazing-pasteur.212-53-165-88.plesk.page\/fr\/wp-json\/wp\/v2\/product\/18808","targetHints":{"allow":["GET"]}}],"collection":[{"href":"https:\/\/amazing-pasteur.212-53-165-88.plesk.page\/fr\/wp-json\/wp\/v2\/product"}],"about":[{"href":"https:\/\/amazing-pasteur.212-53-165-88.plesk.page\/fr\/wp-json\/wp\/v2\/types\/product"}],"version-history":[{"count":0,"href":"https:\/\/amazing-pasteur.212-53-165-88.plesk.page\/fr\/wp-json\/wp\/v2\/product\/18808\/revisions"}],"wp:featuredmedia":[{"embeddable":true,"href":"https:\/\/amazing-pasteur.212-53-165-88.plesk.page\/fr\/wp-json\/wp\/v2\/media\/29194"}],"wp:attachment":[{"href":"https:\/\/amazing-pasteur.212-53-165-88.plesk.page\/fr\/wp-json\/wp\/v2\/media?parent=18808"}],"wp:term":[{"taxonomy":"product_brand","embeddable":true,"href":"https:\/\/amazing-pasteur.212-53-165-88.plesk.page\/fr\/wp-json\/wp\/v2\/product_brand?post=18808"},{"taxonomy":"product_cat","embeddable":true,"href":"https:\/\/amazing-pasteur.212-53-165-88.plesk.page\/fr\/wp-json\/wp\/v2\/product_cat?post=18808"},{"taxonomy":"product_tag","embeddable":true,"href":"https:\/\/amazing-pasteur.212-53-165-88.plesk.page\/fr\/wp-json\/wp\/v2\/product_tag?post=18808"}],"curies":[{"name":"wp","href":"https:\/\/api.w.org\/{rel}","templated":true}]}}